{"id":31738,"date":"2025-02-20T22:32:04","date_gmt":"2025-02-20T22:32:04","guid":{"rendered":"http:\/\/olemosaic.com\/producto\/iman-de-madera-panoramica-malaga\/"},"modified":"2025-07-25T23:23:06","modified_gmt":"2025-07-25T21:23:06","slug":"iman-de-madeira-panoramica-malaga","status":"publish","type":"product","link":"https:\/\/olemosaic.com\/pt-pt\/produto\/iman-de-madeira-panoramica-malaga\/","title":{"rendered":"\u00cdman de madeira. Panor\u00e2mica. M\u00e1laga."},"content":{"rendered":"<p>Este \u00edman de madeira com uma vibrante panor\u00e2mica de M\u00e1laga \u00e9 uma aut\u00eantica pe\u00e7a que capta a ess\u00eancia desta bela cidade andaluza. No seu design apreciam-se elementos ic\u00f3nicos como o majestoso Teatro Romano, com a sua espl\u00eandida arquitetura que evoca a hist\u00f3ria da urbe, e o contempor\u00e2neo Centre Pompidou, com os seus coloridos pain\u00e9is que contrastam modernidade e tradi\u00e7\u00e3o. Todo o conjunto \u00e9 emoldurado por um sol radiante que simboliza o clima ensolarado de M\u00e1laga, e um c\u00e9u azul que real\u00e7a a beleza da paisagem urbana. Este \u00edman destaca-se pelo seu acabamento polido que n\u00e3o s\u00f3 lhe confere um toque de distin\u00e7\u00e3o, mas tamb\u00e9m assegura a sua durabilidade como recorda\u00e7\u00e3o.<\/p>\n<p>As letras &#8220;M\u00c1LAGA&#8221; num arco-\u00edris de cores acrescentam um toque de alegria e completam esta vibrante recorda\u00e7\u00e3o. Este \u00edman n\u00e3o representa apenas um objeto decorativo, mas tamb\u00e9m um s\u00edmbolo tang\u00edvel da cultura local e da arquitetura malaguenha. Ideal para turistas que procuram souvenirs de qualidade, este produto da Ol\u00e9 Mosaic \u00e9 a escolha perfeita para lojas de presentes tur\u00edsticos que desejem oferecer aos seus clientes um peda\u00e7o aut\u00eantico de M\u00e1laga. Como distribuidor de souvenirs, garantimos que este \u00edman de madeira \u00e9 uma alternativa encantadora e inesquec\u00edvel para recordar a sua viagem.<\/p>\n","protected":false},"excerpt":{"rendered":"<p>\u00cdman de madeira com uma vibrante panor\u00e2mica de M\u00e1laga que capta a ess\u00eancia da cidade andaluza. Este \u00edman apresenta uma representa\u00e7\u00e3o art\u00edstica do Teatro Romano e do famoso Centre Pompidou, emoldurados por um sol radiante e um c\u00e9u azul. O design inclui elementos pict\u00f3ricos coloridos, real\u00e7ando a arquitetura t\u00edpica e a paisagem urbana. O seu acabamento polido e as letras \u00abM\u00c1LAGA\u00bb num arco-\u00edris de cores fazem deste \u00edman uma recorda\u00e7\u00e3o atraente e alegre desta bela cidade.<\/p>\n","protected":false},"featured_media":9557,"template":"","meta":{"_acf_changed":false},"product_brand":[],"product_cat":[699],"product_tag":[],"class_list":{"0":"post-31738","1":"product","2":"type-product","3":"status-publish","4":"has-post-thumbnail","6":"product_cat-imanes","7":"pa_ciudad-malaga","8":"pa_motivo-panoramas","9":"pa_pais-espana","11":"first","12":"instock","13":"shipping-taxable","14":"product-type-simple"},"acf":[],"_links":{"self":[{"href":"https:\/\/olemosaic.com\/pt-pt\/wp-json\/wp\/v2\/product\/31738","targetHints":{"allow":["GET"]}}],"collection":[{"href":"https:\/\/olemosaic.com\/pt-pt\/wp-json\/wp\/v2\/product"}],"about":[{"href":"https:\/\/olemosaic.com\/pt-pt\/wp-json\/wp\/v2\/types\/product"}],"wp:featuredmedia":[{"embeddable":true,"href":"https:\/\/olemosaic.com\/pt-pt\/wp-json\/wp\/v2\/media\/9557"}],"wp:attachment":[{"href":"https:\/\/olemosaic.com\/pt-pt\/wp-json\/wp\/v2\/media?parent=31738"}],"wp:term":[{"taxonomy":"product_brand","embeddable":true,"href":"https:\/\/olemosaic.com\/pt-pt\/wp-json\/wp\/v2\/product_brand?post=31738"},{"taxonomy":"product_cat","embeddable":true,"href":"https:\/\/olemosaic.com\/pt-pt\/wp-json\/wp\/v2\/product_cat?post=31738"},{"taxonomy":"product_tag","embeddable":true,"href":"https:\/\/olemosaic.com\/pt-pt\/wp-json\/wp\/v2\/product_tag?post=31738"}],"curies":[{"name":"wp","href":"https:\/\/api.w.org\/{rel}","templated":true}]}}