{"id":31735,"date":"2025-02-20T23:32:03","date_gmt":"2025-02-20T22:32:03","guid":{"rendered":"http:\/\/olemosaic.com\/producto\/iman-de-madera-toro\/"},"modified":"2025-07-25T19:38:36","modified_gmt":"2025-07-25T17:38:36","slug":"iman-de-madeira-touro","status":"publish","type":"product","link":"https:\/\/olemosaic.com\/pt-pt\/produto\/iman-de-madeira-touro\/","title":{"rendered":"\u00cdman de madeira. Touro."},"content":{"rendered":"<p>Este \u00edman de madeira com forma de touro \u00e9 um magn\u00edfico exemplo da rica cultura espanhola. Decorado com um vibrante design de mosaico, este souvenir representa as cores emblem\u00e1ticas de Espanha, evocando o calor e a diversidade do seu patrim\u00f3nio cultural. A figura do touro, s\u00edmbolo da tradi\u00e7\u00e3o espanhola, destaca-se pela sua t\u00e9cnica de pintura \u00e0 m\u00e3o, o que confere um toque \u00fanico a cada pe\u00e7a. Os seus tons vermelho, verde, azul e amarelo entrela\u00e7am-se no corpo do touro, criando um efeito visual cativante que atrai o olhar e celebra a ess\u00eancia da festa e a alegria de viver.<\/p>\n<p>Na parte frontal, o texto \u201cESPA\u00d1A\u201d apresenta-se de forma proeminente, convertendo este \u00edman n\u00e3o s\u00f3 num objeto decorativo, mas tamb\u00e9m numa recorda\u00e7\u00e3o memor\u00e1vel de uma visita ao pa\u00eds. Este souvenir \u00e9 ideal para os turistas que procuram levar um peda\u00e7o de Espanha para casa, um artigo que n\u00e3o s\u00f3 adorna o seu frigor\u00edfico, mas tamb\u00e9m evoca recorda\u00e7\u00f5es queridas da sua viagem.<\/p>\n<p>Na Ol\u00e9 Mosaic, somos distribuidores de souvenirs de qualidade, e este \u00edman de touro \u00e9 uma excelente escolha para lojas de presentes tur\u00edsticos que desejem oferecer produtos aut\u00eanticos e representativos da cultura espanhola. Como grossistas de artigos artesanais, garantimos que cada \u00edman \u00e9 uma pe\u00e7a aut\u00eantica que real\u00e7a a rica tradi\u00e7\u00e3o de Espanha.<\/p>\n","protected":false},"excerpt":{"rendered":"<p>\u00cdman de madeira com forma de touro, decorado com um design de mosaico vibrante que representa as cores de Espanha. Este artigo, que inclui a palavra &#8220;ESPA\u00d1A&#8221; na parte frontal, destaca-se pelo seu design artesanal, pintado \u00e0 m\u00e3o, o que lhe confere um toque \u00fanico. Os tons vermelho, verde, azul e amarelo entrela\u00e7am-se no corpo do touro, simbolizando a riqueza cultural do pa\u00eds. Ideal como recorda\u00e7\u00e3o ou presente.<\/p>\n","protected":false},"featured_media":9538,"template":"","meta":{"_acf_changed":false},"product_brand":[],"product_cat":[699],"product_tag":[516],"class_list":{"0":"post-31735","1":"product","2":"type-product","3":"status-publish","4":"has-post-thumbnail","6":"product_cat-imanes","7":"product_tag-animais","8":"pa_motivo-touros","10":"first","11":"instock","12":"shipping-taxable","13":"product-type-simple"},"acf":[],"_links":{"self":[{"href":"https:\/\/olemosaic.com\/pt-pt\/wp-json\/wp\/v2\/product\/31735","targetHints":{"allow":["GET"]}}],"collection":[{"href":"https:\/\/olemosaic.com\/pt-pt\/wp-json\/wp\/v2\/product"}],"about":[{"href":"https:\/\/olemosaic.com\/pt-pt\/wp-json\/wp\/v2\/types\/product"}],"wp:featuredmedia":[{"embeddable":true,"href":"https:\/\/olemosaic.com\/pt-pt\/wp-json\/wp\/v2\/media\/9538"}],"wp:attachment":[{"href":"https:\/\/olemosaic.com\/pt-pt\/wp-json\/wp\/v2\/media?parent=31735"}],"wp:term":[{"taxonomy":"product_brand","embeddable":true,"href":"https:\/\/olemosaic.com\/pt-pt\/wp-json\/wp\/v2\/product_brand?post=31735"},{"taxonomy":"product_cat","embeddable":true,"href":"https:\/\/olemosaic.com\/pt-pt\/wp-json\/wp\/v2\/product_cat?post=31735"},{"taxonomy":"product_tag","embeddable":true,"href":"https:\/\/olemosaic.com\/pt-pt\/wp-json\/wp\/v2\/product_tag?post=31735"}],"curies":[{"name":"wp","href":"https:\/\/api.w.org\/{rel}","templated":true}]}}