{"id":31705,"date":"2025-02-20T22:31:47","date_gmt":"2025-02-20T22:31:47","guid":{"rendered":"http:\/\/olemosaic.com\/producto\/bol-de-ceramica-de-11-cm-salamandra-barcelona-beige\/"},"modified":"2025-07-25T19:40:47","modified_gmt":"2025-07-25T17:40:47","slug":"taca-de-ceramica-de-11-cm-salamandra-barcelona-bege","status":"publish","type":"product","link":"https:\/\/olemosaic.com\/pt-pt\/produto\/taca-de-ceramica-de-11-cm-salamandra-barcelona-bege\/","title":{"rendered":"Ta\u00e7a de cer\u00e2mica de 11 cm. Salamandra. Barcelona. Bege"},"content":{"rendered":"<p>Esta encantadora ta\u00e7a de cer\u00e2mica de 11 cm \u00e9 um reflexo aut\u00eantico da ess\u00eancia vibrante de Barcelona. Decorada com salamandras apelativas num design de mosaico, sobre um fundo bege que destaca a palavra &#8220;Barcelona&#8221; em letras alegres, evoca o calor e o dinamismo desta cidade ic\u00f3nica. As salamandras, pintadas em tons intensos de vermelho, azul e verde, s\u00e3o acompanhadas por flores delicadas que conferem um toque art\u00edstico e cultural \u00e0 ta\u00e7a, tornando-a uma pe\u00e7a atraente tanto para servir aperitivos como para decorar qualquer canto da casa. Cada detalhe do design representa a rica biodiversidade e o estilo colorido que caracteriza a famosa obra de Antoni Gaud\u00ed, conhecido pelos seus mosaicos na arquitetura da cidade.<\/p>\n<p>Esta ta\u00e7a posiciona-se n\u00e3o s\u00f3 como uma recorda\u00e7\u00e3o aut\u00eantica de Barcelona, mas tamb\u00e9m como uma lembran\u00e7a cultural de uma das cidades mais emblem\u00e1ticas de Espanha. A sua versatilidade torna-a ideal para turistas que procuram recorda\u00e7\u00f5es que encapsulem a ess\u00eancia catal\u00e3, tornando-a um excelente artigo para lojas de recorda\u00e7\u00f5es tur\u00edsticas. Na Ol\u00e9 Mosaic, somos distribuidores de recorda\u00e7\u00f5es de cer\u00e2mica por grosso, garantindo autenticidade e qualidade em cada pe\u00e7a. Esta ta\u00e7a de salamandras \u00e9 uma op\u00e7\u00e3o perfeita para quem deseja levar um peda\u00e7o de Barcelona consigo, fundindo arte, cultura e funcionalidade num \u00fanico produto.<\/p>\n","protected":false},"excerpt":{"rendered":"<p>Ta\u00e7a de cer\u00e2mica de 11 cm com um design encantador que captura a ess\u00eancia de Barcelona. Decorada com salamandras coloridas de mosaico, esta ta\u00e7a apresenta um fundo bege ornamentado com a palavra &#8220;Barcelona&#8221; em letras alegres. As salamandras, em tons vibrantes de vermelho, azul e verde, s\u00e3o acompanhadas por flores, conferindo um toque art\u00edstico e cultural. Ideal para servir aperitivos ou como pe\u00e7a decorativa na sua casa.<\/p>\n","protected":false},"featured_media":7293,"template":"","meta":{"_acf_changed":false},"product_brand":[],"product_cat":[513],"product_tag":[516,515],"class_list":{"0":"post-31705","1":"product","2":"type-product","3":"status-publish","4":"has-post-thumbnail","6":"product_cat-bols","7":"product_tag-animais","8":"product_tag-ceramica","9":"pa_ciudad-barcelona","10":"pa_motivo-salamandras","11":"pa_pais-espana","13":"first","14":"instock","15":"shipping-taxable","16":"product-type-simple"},"acf":[],"_links":{"self":[{"href":"https:\/\/olemosaic.com\/pt-pt\/wp-json\/wp\/v2\/product\/31705","targetHints":{"allow":["GET"]}}],"collection":[{"href":"https:\/\/olemosaic.com\/pt-pt\/wp-json\/wp\/v2\/product"}],"about":[{"href":"https:\/\/olemosaic.com\/pt-pt\/wp-json\/wp\/v2\/types\/product"}],"wp:featuredmedia":[{"embeddable":true,"href":"https:\/\/olemosaic.com\/pt-pt\/wp-json\/wp\/v2\/media\/7293"}],"wp:attachment":[{"href":"https:\/\/olemosaic.com\/pt-pt\/wp-json\/wp\/v2\/media?parent=31705"}],"wp:term":[{"taxonomy":"product_brand","embeddable":true,"href":"https:\/\/olemosaic.com\/pt-pt\/wp-json\/wp\/v2\/product_brand?post=31705"},{"taxonomy":"product_cat","embeddable":true,"href":"https:\/\/olemosaic.com\/pt-pt\/wp-json\/wp\/v2\/product_cat?post=31705"},{"taxonomy":"product_tag","embeddable":true,"href":"https:\/\/olemosaic.com\/pt-pt\/wp-json\/wp\/v2\/product_tag?post=31705"}],"curies":[{"name":"wp","href":"https:\/\/api.w.org\/{rel}","templated":true}]}}