{"id":31676,"date":"2025-02-20T22:31:46","date_gmt":"2025-02-20T22:31:46","guid":{"rendered":"http:\/\/olemosaic.com\/producto\/funda-de-telefono-para-iphone-11-tpu-mosaico-barcelona-blanco\/"},"modified":"2025-07-25T19:35:05","modified_gmt":"2025-07-25T17:35:05","slug":"capa-de-telemovel-para-iphone-11-tpu-mosaico-barcelona-branco","status":"publish","type":"product","link":"https:\/\/olemosaic.com\/pt-pt\/produto\/capa-de-telemovel-para-iphone-11-tpu-mosaico-barcelona-branco\/","title":{"rendered":"Capa de telem\u00f3vel para iPhone 11 (TPU). Mosaico. Barcelona. Branco"},"content":{"rendered":"<p>Este elegante e colorido design de capa para iPhone 11 \u00e9 uma homenagem ao vibrante modernismo de Barcelona, uma das cidades mais emblem\u00e1ticas de Espanha. Fabricada em TPU resistente, esta capa n\u00e3o s\u00f3 oferece uma prote\u00e7\u00e3o superior para o seu dispositivo, como tamb\u00e9m se torna uma express\u00e3o art\u00edstica da rica cultura visual catal\u00e3. A superf\u00edcie branca real\u00e7a um intrincado mosaico que exibe uma paleta de cores vibrantes, com azuis, vermelhos, laranjas e amarelos que d\u00e3o vida aos seus padr\u00f5es geom\u00e9tricos. O texto &#8220;Barcelona&#8221; impresso na parte inferior acrescenta um toque distintivo, uma recorda\u00e7\u00e3o constante da majestosidade desta metr\u00f3pole.<\/p>\n<p>Esta recorda\u00e7\u00e3o captura a ess\u00eancia da arte de Gaud\u00ed, famoso pelos seus coloridos mosaicos presentes em diversos monumentos da cidade, e torna-se um acess\u00f3rio perfeito para qualquer amante da arquitetura e do design. Ao escolher esta capa, n\u00e3o s\u00f3 protege o seu iPhone 11, como tamb\u00e9m leva consigo um peda\u00e7o da cultura barcelonesa. Ideal para turistas e amantes de recorda\u00e7\u00f5es aut\u00eanticas, este produto \u00e9 uma excelente op\u00e7\u00e3o para lojas de presentes tur\u00edsticos que procurem oferecer artigos de qualidade que reflitam a idiossincrasia da regi\u00e3o. Na Ol\u00e9 Mosaic, especializamo-nos na distribui\u00e7\u00e3o de recorda\u00e7\u00f5es por grosso, garantindo autenticidade e um design atraente em cada produto. Com a nossa oferta de capas para telem\u00f3vel, os clientes encontrar\u00e3o a recorda\u00e7\u00e3o perfeita de Barcelona.<\/p>\n","protected":false},"excerpt":{"rendered":"<p>Capa para iPhone 11 fabricada em TPU, decorada com um vibrante design de mosaicos que presta homenagem ao modernismo barcelon\u00eas. A sua superf\u00edcie branca exibe uma variada paleta de cores, combinando azuis, vermelhos, laranjas e amarelos em intrincados padr\u00f5es geom\u00e9tricos. Com a palavra &#8220;Barcelona&#8221; impressa, esta capa n\u00e3o s\u00f3 protege o seu dispositivo, como tamb\u00e9m celebra a rica cultura visual da cidade, tornando-a um acess\u00f3rio atraente e funcional.<\/p>\n","protected":false},"featured_media":12139,"template":"","meta":{"_acf_changed":false},"product_brand":[],"product_cat":[685],"product_tag":[],"class_list":{"0":"post-31676","1":"product","2":"type-product","3":"status-publish","4":"has-post-thumbnail","6":"product_cat-capas-para-telemoveis","7":"pa_ciudad-barcelona","8":"pa_motivo-mosaico","9":"pa_pais-espana","11":"first","12":"instock","13":"shipping-taxable","14":"product-type-simple"},"acf":[],"_links":{"self":[{"href":"https:\/\/olemosaic.com\/pt-pt\/wp-json\/wp\/v2\/product\/31676","targetHints":{"allow":["GET"]}}],"collection":[{"href":"https:\/\/olemosaic.com\/pt-pt\/wp-json\/wp\/v2\/product"}],"about":[{"href":"https:\/\/olemosaic.com\/pt-pt\/wp-json\/wp\/v2\/types\/product"}],"wp:featuredmedia":[{"embeddable":true,"href":"https:\/\/olemosaic.com\/pt-pt\/wp-json\/wp\/v2\/media\/12139"}],"wp:attachment":[{"href":"https:\/\/olemosaic.com\/pt-pt\/wp-json\/wp\/v2\/media?parent=31676"}],"wp:term":[{"taxonomy":"product_brand","embeddable":true,"href":"https:\/\/olemosaic.com\/pt-pt\/wp-json\/wp\/v2\/product_brand?post=31676"},{"taxonomy":"product_cat","embeddable":true,"href":"https:\/\/olemosaic.com\/pt-pt\/wp-json\/wp\/v2\/product_cat?post=31676"},{"taxonomy":"product_tag","embeddable":true,"href":"https:\/\/olemosaic.com\/pt-pt\/wp-json\/wp\/v2\/product_tag?post=31676"}],"curies":[{"name":"wp","href":"https:\/\/api.w.org\/{rel}","templated":true}]}}