{"id":31674,"date":"2025-02-20T23:31:46","date_gmt":"2025-02-20T22:31:46","guid":{"rendered":"http:\/\/olemosaic.com\/producto\/botella-inox-350-ml-patio\/"},"modified":"2025-07-25T18:36:17","modified_gmt":"2025-07-25T16:36:17","slug":"garrafa-inox-350-ml-patio","status":"publish","type":"product","link":"https:\/\/olemosaic.com\/pt-pt\/produto\/garrafa-inox-350-ml-patio\/","title":{"rendered":"Garrafa inox. 350 ml. P\u00e1tio."},"content":{"rendered":"<p>Este elegante produto \u00e9 uma garrafa de a\u00e7o inoxid\u00e1vel de 350 ml, adornada com cenas vibrantes que refletem a aut\u00eantica ess\u00eancia de um p\u00e1tio andaluz. A decora\u00e7\u00e3o apresenta uma bailarina, vestida com um vestido vermelho de bolinhas, em pleno movimento, capturando a paix\u00e3o do flamenco. Ao seu lado, um bailarino com traje t\u00edpico completa a cena, rodeado de vasos floridos e outros elementos culturais que evocam a rica tradi\u00e7\u00e3o e o calor da cultura espanhola. Cada detalhe do design, desde as cores vivas at\u00e9 ao intrincado mosaico que representa o p\u00e1tio, foi conseguido com uma t\u00e9cnica meticulosa de ilustra\u00e7\u00e3o que faz com que esta garrafa se destaque como uma aut\u00eantica recorda\u00e7\u00e3o espanhola. Al\u00e9m de ser um objeto funcional, representa uma recorda\u00e7\u00e3o cultural que liga os turistas \u00e0 vibrante vida andaluza.<\/p>\n<p>Ideal para levar um toque de Espanha a qualquer lugar, esta garrafa \u00e9 o presente perfeito para quem procura recorda\u00e7\u00f5es da Andaluzia que sejam pr\u00e1ticas e artisticamente \u00fanicas. Na Ol\u00e9 Mosaic, como distribuidores grossistas de recorda\u00e7\u00f5es, garantimos a autenticidade e qualidade de cada um dos nossos produtos. Esta garrafa de a\u00e7o inoxid\u00e1vel \u00e9 uma excelente op\u00e7\u00e3o para lojas de presentes tur\u00edsticos que desejem oferecer artigos relevantes e culturalmente significativos.<\/p>\n","protected":false},"excerpt":{"rendered":"<p>Garrafa de a\u00e7o inoxid\u00e1vel de 350 ml, decorada com cenas vibrantes de um p\u00e1tio andaluz. O design inclui uma bailarina vestida de vermelho com bolinhas e um bailarino em traje t\u00edpico, ambos rodeados de vasos floridos e elementos culturais que evocam a ess\u00eancia do flamenco. A ilustra\u00e7\u00e3o apresenta cores vivas e detalhes que refletem o calor da cultura espanhola, tornando-a uma recorda\u00e7\u00e3o ideal para levar um toque de Espanha a qualquer lugar.<\/p>\n","protected":false},"featured_media":12782,"template":"","meta":{"_acf_changed":false},"product_brand":[],"product_cat":[786],"product_tag":[],"class_list":{"0":"post-31674","1":"product","2":"type-product","3":"status-publish","4":"has-post-thumbnail","6":"product_cat-garrafas-inox","7":"pa_motivo-patios","9":"first","10":"instock","11":"shipping-taxable","12":"product-type-simple"},"acf":[],"_links":{"self":[{"href":"https:\/\/olemosaic.com\/pt-pt\/wp-json\/wp\/v2\/product\/31674","targetHints":{"allow":["GET"]}}],"collection":[{"href":"https:\/\/olemosaic.com\/pt-pt\/wp-json\/wp\/v2\/product"}],"about":[{"href":"https:\/\/olemosaic.com\/pt-pt\/wp-json\/wp\/v2\/types\/product"}],"wp:featuredmedia":[{"embeddable":true,"href":"https:\/\/olemosaic.com\/pt-pt\/wp-json\/wp\/v2\/media\/12782"}],"wp:attachment":[{"href":"https:\/\/olemosaic.com\/pt-pt\/wp-json\/wp\/v2\/media?parent=31674"}],"wp:term":[{"taxonomy":"product_brand","embeddable":true,"href":"https:\/\/olemosaic.com\/pt-pt\/wp-json\/wp\/v2\/product_brand?post=31674"},{"taxonomy":"product_cat","embeddable":true,"href":"https:\/\/olemosaic.com\/pt-pt\/wp-json\/wp\/v2\/product_cat?post=31674"},{"taxonomy":"product_tag","embeddable":true,"href":"https:\/\/olemosaic.com\/pt-pt\/wp-json\/wp\/v2\/product_tag?post=31674"}],"curies":[{"name":"wp","href":"https:\/\/api.w.org\/{rel}","templated":true}]}}