{"id":31613,"date":"2025-02-20T22:31:44","date_gmt":"2025-02-20T22:31:44","guid":{"rendered":"http:\/\/olemosaic.com\/producto\/cenicero-de-ceramica-de-10-cm-mosaico-barcelona-blanco\/"},"modified":"2025-07-25T19:32:49","modified_gmt":"2025-07-25T17:32:49","slug":"cinzeiro-de-ceramica-de-10-cm-mosaico-barcelona-branco","status":"publish","type":"product","link":"https:\/\/olemosaic.com\/pt-pt\/produto\/cinzeiro-de-ceramica-de-10-cm-mosaico-barcelona-branco\/","title":{"rendered":"Cinzeiro de cer\u00e2mica de 10 cm. Mosaico. Barcelona. Branco"},"content":{"rendered":"<p>Este elegante cinzeiro de cer\u00e2mica \u00e9 uma aut\u00eantica representa\u00e7\u00e3o da vibrante cultura barcelonesa. Com um di\u00e2metro de 10 cm, este produto caracteriza-se pelo seu colorido mosaico, que presta homenagem \u00e0 ic\u00f3nica obra de Antoni Gaud\u00ed, famoso pelo seu uso inovador do trencad\u00eds. A base branca do cinzeiro contrasta com uma explos\u00e3o de cores, onde predominam azuis, laranjas e vermelhos, organizados em padr\u00f5es geom\u00e9tricos que evocam a criatividade arquitet\u00f3nica da cidade. No interior, cada sec\u00e7\u00e3o do mosaico real\u00e7a motivos t\u00edpicos da tradi\u00e7\u00e3o catal\u00e3, o que torna este cinzeiro uma pe\u00e7a tanto funcional como decorativa.<\/p>\n<p>Impecavelmente desenhado, apresenta a palavra &#8220;Barcelona&#8221; na parte inferior, o que o torna um souvenir perfeito para quem deseje levar uma recorda\u00e7\u00e3o aut\u00eantica da sua visita. N\u00e3o \u00e9 apenas um acess\u00f3rio pr\u00e1tico, mas tamb\u00e9m uma pe\u00e7a que celebra a rica heran\u00e7a cultural da cidade, ideal para quem procura produtos que capturem a ess\u00eancia da sua viagem. Na Ol\u00e9 Mosaic, como grossistas de souvenirs de Barcelona, oferecemos este cinzeiro como uma op\u00e7\u00e3o de destaque para lojas de presentes tur\u00edsticos que desejam oferecer produtos aut\u00eanticos e cheios de hist\u00f3ria. Este cinzeiro de cer\u00e2mica \u00e9, sem d\u00favida, um grande achado para todos os amantes da arte e da cultura desta fascinante cidade.<\/p>\n","protected":false},"excerpt":{"rendered":"<p>Cinzeiro de cer\u00e2mica de 10 cm, decorado com um colorido mosaico inspirado na arquitetura de Barcelona. Este elegante cinzeiro apresenta um design vibrante que combina azuis, laranjas e vermelhos em padr\u00f5es geom\u00e9tricos, evocando a tradi\u00e7\u00e3o do trencad\u00eds de Gaud\u00ed. Com um acabamento brilhante e a palavra &#8220;Barcelona&#8221; impressa na base, \u00e9 uma pe\u00e7a funcional e decorativa que captura a ess\u00eancia da arte e da cultura da cidade.<\/p>\n","protected":false},"featured_media":9116,"template":"","meta":{"_acf_changed":false},"product_brand":[],"product_cat":[564],"product_tag":[515],"class_list":{"0":"post-31613","1":"product","2":"type-product","3":"status-publish","4":"has-post-thumbnail","6":"product_cat-cinzeiros","7":"product_tag-ceramica","8":"pa_ciudad-barcelona","9":"pa_motivo-mosaico","10":"pa_pais-espana","12":"first","13":"instock","14":"shipping-taxable","15":"product-type-simple"},"acf":[],"_links":{"self":[{"href":"https:\/\/olemosaic.com\/pt-pt\/wp-json\/wp\/v2\/product\/31613","targetHints":{"allow":["GET"]}}],"collection":[{"href":"https:\/\/olemosaic.com\/pt-pt\/wp-json\/wp\/v2\/product"}],"about":[{"href":"https:\/\/olemosaic.com\/pt-pt\/wp-json\/wp\/v2\/types\/product"}],"wp:featuredmedia":[{"embeddable":true,"href":"https:\/\/olemosaic.com\/pt-pt\/wp-json\/wp\/v2\/media\/9116"}],"wp:attachment":[{"href":"https:\/\/olemosaic.com\/pt-pt\/wp-json\/wp\/v2\/media?parent=31613"}],"wp:term":[{"taxonomy":"product_brand","embeddable":true,"href":"https:\/\/olemosaic.com\/pt-pt\/wp-json\/wp\/v2\/product_brand?post=31613"},{"taxonomy":"product_cat","embeddable":true,"href":"https:\/\/olemosaic.com\/pt-pt\/wp-json\/wp\/v2\/product_cat?post=31613"},{"taxonomy":"product_tag","embeddable":true,"href":"https:\/\/olemosaic.com\/pt-pt\/wp-json\/wp\/v2\/product_tag?post=31613"}],"curies":[{"name":"wp","href":"https:\/\/api.w.org\/{rel}","templated":true}]}}