{"id":31611,"date":"2025-02-20T23:31:44","date_gmt":"2025-02-20T22:31:44","guid":{"rendered":"http:\/\/olemosaic.com\/producto\/bol-de-coco-rojo-salamandra-barcelona-4\/"},"modified":"2025-07-25T20:28:11","modified_gmt":"2025-07-25T18:28:11","slug":"taca-de-coco-vermelha-salamandra-barcelona-4","status":"publish","type":"product","link":"https:\/\/olemosaic.com\/pt-pt\/produto\/taca-de-coco-vermelha-salamandra-barcelona-4\/","title":{"rendered":"Ta\u00e7a de coco vermelha. Salamandra. Mosaico. Barcelona."},"content":{"rendered":"<p>Esta elegante ta\u00e7a de coco vermelha, decorada com um atraente motivo de salamandra, evoca a ess\u00eancia vibrante de Barcelona. O seu design \u00fanico combina um acabamento brilhante em tons vermelhos com um centro que mostra uma encantadora salamandra, s\u00edmbolo da cultura catal\u00e3, acompanhada pelo texto \u201cBarcelona\u201d. A forma ovalada da ta\u00e7a, juntamente com o seu polimento brilhante, torna-a uma pe\u00e7a ideal para usar como centro de mesa ou para guardar pequenos objetos, fundindo arte e funcionalidade num s\u00f3 artigo.<\/p>\n<p>A salamandra, com a sua representa\u00e7\u00e3o estilizada, \u00e9 frequentemente associada \u00e0 obra do famoso arquiteto Antoni Gaud\u00ed, que incorporou este elemento em v\u00e1rias das suas cria\u00e7\u00f5es. Esta ta\u00e7a n\u00e3o \u00e9 apenas um produto artesanal, mas tamb\u00e9m uma recorda\u00e7\u00e3o que captura a rica heran\u00e7a cultural da cidade, sendo por isso um souvenir perfeito para aqueles que desejem levar um peda\u00e7o de Barcelona para casa. Na Ol\u00e9 Mosaic, oferecemos esta ta\u00e7a de coco vermelha como parte da nossa gama exclusiva de souvenirs da cidade, ideais para lojas de presentes tur\u00edsticos que procuram produtos aut\u00eanticos e representativos. Como grossistas de souvenirs, garantimos a qualidade e o design aut\u00eantico em cada uma das nossas pe\u00e7as, assegurando que a sua compra seja um investimento na cultura e na arte de Espanha.<\/p>\n","protected":false},"excerpt":{"rendered":"<p>Ta\u00e7a de coco vermelha, decorada com um atraente motivo de salamandra, que evoca a ess\u00eancia de Barcelona. Este produto artesanal apresenta um acabamento brilhante com detalhes em tons vermelhos e o emblem\u00e1tico design de uma salamandra no centro, acompanhado pelo texto &#8220;Barcelona&#8221;. Com a sua forma ovalada e acabamento polido, \u00e9 perfeito como centro de mesa ou para guardar pequenos objetos, fundindo arte e funcionalidade numa pe\u00e7a \u00fanica.<\/p>\n","protected":false},"featured_media":11862,"template":"","meta":{"_acf_changed":false},"product_brand":[],"product_cat":[513],"product_tag":[516],"class_list":{"0":"post-31611","1":"product","2":"type-product","3":"status-publish","4":"has-post-thumbnail","6":"product_cat-bols","7":"product_tag-animais","8":"pa_ciudad-barcelona","9":"pa_motivo-salamandras","10":"pa_pais-espana","12":"first","13":"instock","14":"shipping-taxable","15":"product-type-simple"},"acf":[],"_links":{"self":[{"href":"https:\/\/olemosaic.com\/pt-pt\/wp-json\/wp\/v2\/product\/31611","targetHints":{"allow":["GET"]}}],"collection":[{"href":"https:\/\/olemosaic.com\/pt-pt\/wp-json\/wp\/v2\/product"}],"about":[{"href":"https:\/\/olemosaic.com\/pt-pt\/wp-json\/wp\/v2\/types\/product"}],"wp:featuredmedia":[{"embeddable":true,"href":"https:\/\/olemosaic.com\/pt-pt\/wp-json\/wp\/v2\/media\/11862"}],"wp:attachment":[{"href":"https:\/\/olemosaic.com\/pt-pt\/wp-json\/wp\/v2\/media?parent=31611"}],"wp:term":[{"taxonomy":"product_brand","embeddable":true,"href":"https:\/\/olemosaic.com\/pt-pt\/wp-json\/wp\/v2\/product_brand?post=31611"},{"taxonomy":"product_cat","embeddable":true,"href":"https:\/\/olemosaic.com\/pt-pt\/wp-json\/wp\/v2\/product_cat?post=31611"},{"taxonomy":"product_tag","embeddable":true,"href":"https:\/\/olemosaic.com\/pt-pt\/wp-json\/wp\/v2\/product_tag?post=31611"}],"curies":[{"name":"wp","href":"https:\/\/api.w.org\/{rel}","templated":true}]}}