{"id":31610,"date":"2025-02-20T23:31:44","date_gmt":"2025-02-20T22:31:44","guid":{"rendered":"http:\/\/olemosaic.com\/producto\/bol-de-coco-naranja-salamandra-mallorca-2\/"},"modified":"2025-07-25T19:48:05","modified_gmt":"2025-07-25T17:48:05","slug":"taca-de-coco-laranja-salamandra-maiorca-2","status":"publish","type":"product","link":"https:\/\/olemosaic.com\/pt-pt\/produto\/taca-de-coco-laranja-salamandra-maiorca-2\/","title":{"rendered":"Ta\u00e7a de coco laranja. Salamandra. Maiorca. Baleares."},"content":{"rendered":"<p>Esta elegante ta\u00e7a de coco pintada \u00e0 m\u00e3o \u00e9 um aut\u00eantico tesouro de Maiorca, que captura a ess\u00eancia da rica biodiversidade e cultura da ilha. Numa vibrante cor laranja, a ta\u00e7a apresenta um distintivo motivo de salamandra, um s\u00edmbolo ic\u00f3nico da fauna maiorquina. A salamandra, com os seus detalhes meticulosamente elaborados, destaca-se sobre uma superf\u00edcie texturizada que adiciona profundidade e car\u00e1cter \u00e0 pe\u00e7a. Os toques dourados que adornam o interior criam um efeito visual atraente, refletindo a luz de maneira encantadora e real\u00e7ando o seu aspeto artesanal.<\/p>\n<p>Esta ta\u00e7a n\u00e3o \u00e9 apenas um elemento decorativo, mas tamb\u00e9m \u00e9 funcional, ideal para servir aperitivos ou como um singular centro de mesa. Com a sua autenticidade e est\u00e9tica, \u00e9 uma recorda\u00e7\u00e3o perfeita para quem procura levar um peda\u00e7o das Ilhas Baleares. A liga\u00e7\u00e3o cultural desta ta\u00e7a com Maiorca n\u00e3o reside apenas no seu design, mas tamb\u00e9m no processo artesanal que respeita as tradi\u00e7\u00f5es locais, tornando-a um verdadeiro souvenir representativo.<\/p>\n<p>Na Ol\u00e9 Mosaic, oferecemos esta ta\u00e7a de coco como parte da nossa sele\u00e7\u00e3o de souvenirs aut\u00eanticos de Maiorca, perfeitos para lojas de presentes tur\u00edsticos que procuram produtos com relev\u00e2ncia cultural e est\u00e9tica. Como grossistas de souvenirs, garantimos qualidade e originalidade nas nossas pe\u00e7as, fazendo desta ta\u00e7a uma op\u00e7\u00e3o ideal para cativar os turistas que desejam recordar a sua visita a esta maravilhosa ilha.<\/p>\n","protected":false},"excerpt":{"rendered":"<p>Ta\u00e7a de coco de design artesanal, pintada \u00e0 m\u00e3o, num vibrante laranja, decorada com um motivo de salamandra, representativo da fauna maiorquina. Esta elegante ta\u00e7a apresenta detalhes dourados que contrastam com a superf\u00edcie texturizada do coco, criando um atraente efeito visual. Ideal como elemento decorativo ou para servir aperitivos, este produto reflete a rica cultura e biodiversidade da ilha. Perfeito para quem procura uma aut\u00eantica recorda\u00e7\u00e3o de Maiorca.<\/p>\n","protected":false},"featured_media":10117,"template":"","meta":{"_acf_changed":false},"product_brand":[],"product_cat":[513],"product_tag":[516],"class_list":{"0":"post-31610","1":"product","2":"type-product","3":"status-publish","4":"has-post-thumbnail","6":"product_cat-bols","7":"product_tag-animais","8":"pa_ciudad-mallorca","9":"pa_motivo-salamandras","10":"pa_pais-espana","12":"first","13":"instock","14":"shipping-taxable","15":"product-type-simple"},"acf":[],"_links":{"self":[{"href":"https:\/\/olemosaic.com\/pt-pt\/wp-json\/wp\/v2\/product\/31610","targetHints":{"allow":["GET"]}}],"collection":[{"href":"https:\/\/olemosaic.com\/pt-pt\/wp-json\/wp\/v2\/product"}],"about":[{"href":"https:\/\/olemosaic.com\/pt-pt\/wp-json\/wp\/v2\/types\/product"}],"wp:featuredmedia":[{"embeddable":true,"href":"https:\/\/olemosaic.com\/pt-pt\/wp-json\/wp\/v2\/media\/10117"}],"wp:attachment":[{"href":"https:\/\/olemosaic.com\/pt-pt\/wp-json\/wp\/v2\/media?parent=31610"}],"wp:term":[{"taxonomy":"product_brand","embeddable":true,"href":"https:\/\/olemosaic.com\/pt-pt\/wp-json\/wp\/v2\/product_brand?post=31610"},{"taxonomy":"product_cat","embeddable":true,"href":"https:\/\/olemosaic.com\/pt-pt\/wp-json\/wp\/v2\/product_cat?post=31610"},{"taxonomy":"product_tag","embeddable":true,"href":"https:\/\/olemosaic.com\/pt-pt\/wp-json\/wp\/v2\/product_tag?post=31610"}],"curies":[{"name":"wp","href":"https:\/\/api.w.org\/{rel}","templated":true}]}}