{"id":31593,"date":"2025-02-20T23:31:43","date_gmt":"2025-02-20T22:31:43","guid":{"rendered":"http:\/\/olemosaic.com\/producto\/bol-de-coco-azul-tortuga-barcelona-5\/"},"modified":"2025-07-25T19:26:12","modified_gmt":"2025-07-25T17:26:12","slug":"taca-de-coco-azul-tartaruga-barcelona-5","status":"publish","type":"product","link":"https:\/\/olemosaic.com\/pt-pt\/produto\/taca-de-coco-azul-tartaruga-barcelona-5\/","title":{"rendered":"Ta\u00e7a de coco azul. Tartaruga. Barcelona."},"content":{"rendered":"<p>Esta elegante ta\u00e7a de coco azul, decorada com um encantador motivo de tartaruga, capta de forma singular a ess\u00eancia mar\u00edtima de Barcelona. Elaborada artesanalmente com material de coco, esta ta\u00e7a apresenta um design delicado pintado \u00e0 m\u00e3o em tons de azul claro e escuro, evocando as \u00e1guas tranquilas do Mediterr\u00e2neo. O exterior conta com um design texturizado de bolhas que refor\u00e7a a sua liga\u00e7\u00e3o com o oceano, enquanto, no centro da ta\u00e7a, se destaca uma tartaruga estilizada com detalhes em cobre. Por baixo deste belo motivo, a palavra &#8220;Barcelona&#8221; \u00e9 apresentada em letras elegantes, tornando este produto uma recorda\u00e7\u00e3o aut\u00eantica e significativa da cidade.<\/p>\n<p>Esta ta\u00e7a n\u00e3o \u00e9 apenas uma pe\u00e7a decorativa, mas tamb\u00e9m uma excelente op\u00e7\u00e3o como centro de mesa, conferindo um toque de frescura e natureza a qualquer ambiente. O seu design vers\u00e1til combina est\u00e9tica e funcionalidade, tornando-a um souvenir perfeito para quem procura uma representa\u00e7\u00e3o aut\u00eantica da cultura catal\u00e3 e da sua rela\u00e7\u00e3o com o mar. Na Ol\u00e9 Mosaic, somos especialistas na distribui\u00e7\u00e3o de souvenirs por grosso, e esta ta\u00e7a de coco azul \u00e9 uma op\u00e7\u00e3o ideal para lojas de presentes tur\u00edsticos que desejem oferecer produtos de qualidade e valor cultural. Sem d\u00favida, este souvenir de Barcelona encapsula a beleza da regi\u00e3o e \u00e9 uma recorda\u00e7\u00e3o detalhada que encantar\u00e1 os visitantes.<\/p>\n","protected":false},"excerpt":{"rendered":"<p>Ta\u00e7a de coco azul decorada com uma tartaruga, que evoca a ess\u00eancia de Barcelona. Esta elegante ta\u00e7a, feita de coco, apresenta um design artesanal, pintado \u00e0 m\u00e3o, em tons de azul claro e escuro, que lembram o mar. No centro, uma tartaruga estilizada com detalhes acobreados e a palavra &#8220;Barcelona&#8221; tornam-na uma recorda\u00e7\u00e3o perfeita que capta a beleza mar\u00edtima da cidade. Ideal para decora\u00e7\u00e3o ou como original centro de mesa.<\/p>\n","protected":false},"featured_media":11873,"template":"","meta":{"_acf_changed":false},"product_brand":[],"product_cat":[513],"product_tag":[516],"class_list":{"0":"post-31593","1":"product","2":"type-product","3":"status-publish","4":"has-post-thumbnail","6":"product_cat-bols","7":"product_tag-animais","8":"pa_ciudad-barcelona","9":"pa_motivo-tartarugas","10":"pa_pais-espana","12":"first","13":"instock","14":"shipping-taxable","15":"product-type-simple"},"acf":[],"_links":{"self":[{"href":"https:\/\/olemosaic.com\/pt-pt\/wp-json\/wp\/v2\/product\/31593","targetHints":{"allow":["GET"]}}],"collection":[{"href":"https:\/\/olemosaic.com\/pt-pt\/wp-json\/wp\/v2\/product"}],"about":[{"href":"https:\/\/olemosaic.com\/pt-pt\/wp-json\/wp\/v2\/types\/product"}],"wp:featuredmedia":[{"embeddable":true,"href":"https:\/\/olemosaic.com\/pt-pt\/wp-json\/wp\/v2\/media\/11873"}],"wp:attachment":[{"href":"https:\/\/olemosaic.com\/pt-pt\/wp-json\/wp\/v2\/media?parent=31593"}],"wp:term":[{"taxonomy":"product_brand","embeddable":true,"href":"https:\/\/olemosaic.com\/pt-pt\/wp-json\/wp\/v2\/product_brand?post=31593"},{"taxonomy":"product_cat","embeddable":true,"href":"https:\/\/olemosaic.com\/pt-pt\/wp-json\/wp\/v2\/product_cat?post=31593"},{"taxonomy":"product_tag","embeddable":true,"href":"https:\/\/olemosaic.com\/pt-pt\/wp-json\/wp\/v2\/product_tag?post=31593"}],"curies":[{"name":"wp","href":"https:\/\/api.w.org\/{rel}","templated":true}]}}