{"id":31566,"date":"2025-02-20T23:31:41","date_gmt":"2025-02-20T22:31:41","guid":{"rendered":"http:\/\/olemosaic.com\/producto\/dedal-de-ceramica-patio-sevilla-blanco\/"},"modified":"2025-07-25T19:34:45","modified_gmt":"2025-07-25T17:34:45","slug":"dedal-de-ceramica-patio-sevilha-branco","status":"publish","type":"product","link":"https:\/\/olemosaic.com\/pt-pt\/produto\/dedal-de-ceramica-patio-sevilha-branco\/","title":{"rendered":"Dedal de cer\u00e2mica. P\u00e1tio. Sevilha. Branco"},"content":{"rendered":"<p>Este dedal de cer\u00e2mica pintado \u00e0 m\u00e3o, inspirado no vibrante folclore sevilhano, \u00e9 uma aut\u00eantica joia que capta a ess\u00eancia da cultura andaluza. O seu design encantador apresenta uma bailarina de flamenco vestida com um deslumbrante vestido de bolinhas vermelhas, segurando com gra\u00e7a uma sombrinha. A base branca do dedal real\u00e7a a delicadeza da cer\u00e2mica, oferecendo um contraste atraente com as cores vivas utilizadas na representa\u00e7\u00e3o. Junto \u00e0 bailarina, a palavra &#8220;Sevilha&#8221; aparece numa tipografia estilizada, acrescentando um toque distintivo e celebrando a origem desta magn\u00edfica recorda\u00e7\u00e3o.<\/p>\n<p>Este dedal n\u00e3o \u00e9 apenas um objeto \u00fatil para os amantes da costura, mas tamb\u00e9m um belo elemento decorativo que evocar\u00e1 as mem\u00f3rias de Sevilha a cada utiliza\u00e7\u00e3o. O seu tamanho compacto torna-o um presente ideal para turistas e uma excelente adi\u00e7\u00e3o a qualquer cole\u00e7\u00e3o de souvenirs. Sendo um produto que representa a rica tradi\u00e7\u00e3o flamenca, sublinha a autenticidade e o valor cultural da regi\u00e3o. Na Ol\u00e9 Mosaic, orgulhamo-nos de oferecer recorda\u00e7\u00f5es que refletem a riqueza das tradi\u00e7\u00f5es espanholas, e este dedal de cer\u00e2mica \u00e9 perfeito para lojas de presentes tur\u00edsticos que procuram produtos aut\u00eanticos e interessantes. Com este dedal flamenco, cada cliente poder\u00e1 levar consigo um pedacinho de Sevilha e a sua vibrante heran\u00e7a cultural.<\/p>\n","protected":false},"excerpt":{"rendered":"<p>Dedal de cer\u00e2mica com design artesanal, pintado \u00e0 m\u00e3o, inspirado no vibrante folclore sevilhano. Este encantador dedal apresenta uma bailarina de flamenco com um vestido de bolinhas vermelhas e uma sombrinha, rodeada de detalhes coloridos. A base branca do dedal real\u00e7a a delicadeza da cer\u00e2mica, enquanto o texto &#8220;Sevilha&#8221; acrescenta um toque distintivo. Perfeito como recorda\u00e7\u00e3o ou presente, capta a ess\u00eancia da cultura andaluza num pequeno objeto decorativo.<\/p>\n","protected":false},"featured_media":8329,"template":"","meta":{"_acf_changed":false},"product_brand":[],"product_cat":[599],"product_tag":[515],"class_list":{"0":"post-31566","1":"product","2":"type-product","3":"status-publish","4":"has-post-thumbnail","6":"product_cat-dedais","7":"product_tag-ceramica","8":"pa_ciudad-sevilla","9":"pa_motivo-patios","10":"pa_pais-espana","12":"first","13":"instock","14":"shipping-taxable","15":"product-type-simple"},"acf":[],"_links":{"self":[{"href":"https:\/\/olemosaic.com\/pt-pt\/wp-json\/wp\/v2\/product\/31566","targetHints":{"allow":["GET"]}}],"collection":[{"href":"https:\/\/olemosaic.com\/pt-pt\/wp-json\/wp\/v2\/product"}],"about":[{"href":"https:\/\/olemosaic.com\/pt-pt\/wp-json\/wp\/v2\/types\/product"}],"wp:featuredmedia":[{"embeddable":true,"href":"https:\/\/olemosaic.com\/pt-pt\/wp-json\/wp\/v2\/media\/8329"}],"wp:attachment":[{"href":"https:\/\/olemosaic.com\/pt-pt\/wp-json\/wp\/v2\/media?parent=31566"}],"wp:term":[{"taxonomy":"product_brand","embeddable":true,"href":"https:\/\/olemosaic.com\/pt-pt\/wp-json\/wp\/v2\/product_brand?post=31566"},{"taxonomy":"product_cat","embeddable":true,"href":"https:\/\/olemosaic.com\/pt-pt\/wp-json\/wp\/v2\/product_cat?post=31566"},{"taxonomy":"product_tag","embeddable":true,"href":"https:\/\/olemosaic.com\/pt-pt\/wp-json\/wp\/v2\/product_tag?post=31566"}],"curies":[{"name":"wp","href":"https:\/\/api.w.org\/{rel}","templated":true}]}}