{"id":31565,"date":"2025-02-20T23:31:41","date_gmt":"2025-02-20T22:31:41","guid":{"rendered":"http:\/\/olemosaic.com\/producto\/dedal-de-ceramica-bogavante-blanco\/"},"modified":"2025-07-25T18:37:41","modified_gmt":"2025-07-25T16:37:41","slug":"dedal-de-ceramica-lavagante-branco","status":"publish","type":"product","link":"https:\/\/olemosaic.com\/pt-pt\/produto\/dedal-de-ceramica-lavagante-branco\/","title":{"rendered":"Dedal de cer\u00e2mica. Lavagante. Branco"},"content":{"rendered":"<p>Este dedal de cer\u00e2mica pintado \u00e0 m\u00e3o, decorado com um design vibrante de lavagantes, \u00e9 uma aut\u00eantica homenagem \u00e0 rica tradi\u00e7\u00e3o culin\u00e1ria do litoral espanhol. O seu fundo branco real\u00e7a as elaboradas ilustra\u00e7\u00f5es de lavagantes em tons quentes e vivos, enfatizando a liga\u00e7\u00e3o com os frutos do mar, t\u00e3o emblem\u00e1ticos na gastronomia do pa\u00eds. A forma cl\u00e1ssica do dedal, juntamente com o seu acabamento delicado, torna-o n\u00e3o s\u00f3 um objeto funcional para os amantes de la costura, mas tamb\u00e9m um elegante complemento decorativo.<\/p>\n<p>Cada detalhe do design capta a ess\u00eancia e o sabor da costa, evocando mem\u00f3rias de longas jornadas na praia e jantares ao ar livre. Este souvenir \u00e9 perfeito para quem deseja levar um peda\u00e7o do mar espanhol para as suas casas, seja como parte de uma cole\u00e7\u00e3o ou como presente para amigos e familiares. Al\u00e9m disso, a sua relev\u00e2ncia cultural torna-o um representante ideal do patrim\u00f3nio local, um produto que reflete a autenticidade e a qualidade do artesanato espanhol.<\/p>\n<p>Na Ol\u00e9 Mosaic, os nossos dedais de cer\u00e2mica s\u00e3o souvenirs que representam a diversidade cultural e a riqueza dos lugares que simbolizam. Este dedal de lavagante \u00e9 uma excelente op\u00e7\u00e3o para lojas de presentes tur\u00edsticos que procuram produtos que combinem funcionalidade e cultura. Como grossistas de dedais, garantimos que cada pe\u00e7a \u00e9 desenhada e fabricada com aten\u00e7\u00e3o ao detalhe, tornando-a uma recorda\u00e7\u00e3o inesquec\u00edvel da sua viagem.<\/p>\n","protected":false},"excerpt":{"rendered":"<p>Dedal de cer\u00e2mica com design artesanal, pintado \u00e0 m\u00e3o, decorado com um design vibrante de lavagantes sobre um fundo branco. Este encantador dedal apresenta detalhes elaborados em cores quentes e vivas, real\u00e7ando a figura do lavagante e evocando o rico patrim\u00f3nio culin\u00e1rio marinho. Com uma forma cl\u00e1ssica e um acabamento delicado, \u00e9 um souvenir perfeito para quem deseja levar um toque do sabor do mar espanhol para casa. Ideal tanto para colecionadores como para amantes do artesanato.<\/p>\n","protected":false},"featured_media":9482,"template":"","meta":{"_acf_changed":false},"product_brand":[],"product_cat":[599],"product_tag":[516,515],"class_list":{"0":"post-31565","1":"product","2":"type-product","3":"status-publish","4":"has-post-thumbnail","6":"product_cat-dedais","7":"product_tag-animais","8":"product_tag-ceramica","9":"pa_motivo-lavagantes","11":"first","12":"instock","13":"shipping-taxable","14":"product-type-simple"},"acf":[],"_links":{"self":[{"href":"https:\/\/olemosaic.com\/pt-pt\/wp-json\/wp\/v2\/product\/31565","targetHints":{"allow":["GET"]}}],"collection":[{"href":"https:\/\/olemosaic.com\/pt-pt\/wp-json\/wp\/v2\/product"}],"about":[{"href":"https:\/\/olemosaic.com\/pt-pt\/wp-json\/wp\/v2\/types\/product"}],"wp:featuredmedia":[{"embeddable":true,"href":"https:\/\/olemosaic.com\/pt-pt\/wp-json\/wp\/v2\/media\/9482"}],"wp:attachment":[{"href":"https:\/\/olemosaic.com\/pt-pt\/wp-json\/wp\/v2\/media?parent=31565"}],"wp:term":[{"taxonomy":"product_brand","embeddable":true,"href":"https:\/\/olemosaic.com\/pt-pt\/wp-json\/wp\/v2\/product_brand?post=31565"},{"taxonomy":"product_cat","embeddable":true,"href":"https:\/\/olemosaic.com\/pt-pt\/wp-json\/wp\/v2\/product_cat?post=31565"},{"taxonomy":"product_tag","embeddable":true,"href":"https:\/\/olemosaic.com\/pt-pt\/wp-json\/wp\/v2\/product_tag?post=31565"}],"curies":[{"name":"wp","href":"https:\/\/api.w.org\/{rel}","templated":true}]}}