{"id":31564,"date":"2025-02-20T23:31:41","date_gmt":"2025-02-20T22:31:41","guid":{"rendered":"http:\/\/olemosaic.com\/producto\/dedal-de-ceramica-punt-de-trobada-beige\/"},"modified":"2025-07-25T18:41:46","modified_gmt":"2025-07-25T16:41:46","slug":"dedal-de-ceramica-punt-de-trobada-bege","status":"publish","type":"product","link":"https:\/\/olemosaic.com\/pt-pt\/produto\/dedal-de-ceramica-punt-de-trobada-bege\/","title":{"rendered":"Dedal de cer\u00e2mica. Punt de trobada. Bege"},"content":{"rendered":"<p>Este dedal de cer\u00e2mica pintado \u00e0 m\u00e3o \u00e9 uma express\u00e3o vibrante da arte contempor\u00e2nea espanhola, ideal para quem procura uma recorda\u00e7\u00e3o aut\u00eantica e representativa da Catalunha. O seu design contempor\u00e2neo, de cor bege com um elegante rebordo laranja, destaca-se pela inclus\u00e3o de formas abstratas que brincam com cores brilhantes como o azul, o vermelho, o verde e o preto. Esta combina\u00e7\u00e3o n\u00e3o s\u00f3 reflete a criatividade dos artistas locais, mas tamb\u00e9m simboliza a liga\u00e7\u00e3o entre a tradi\u00e7\u00e3o artesanal e la modernidade que caracteriza a regi\u00e3o.<\/p>\n<p>A decora\u00e7\u00e3o do dedal apresenta um belo mosaico de padr\u00f5es que evocam a rica cultura catal\u00e3, tornando-o a recorda\u00e7\u00e3o perfeita para colecionadores ou para aqueles que desejam levar um pedacinho das ruas coloridas da Catalunha. A t\u00e9cnica de pintura \u00e0 m\u00e3o garante que cada dedal \u00e9 \u00fanico, o que acrescenta um valor especial a cada pe\u00e7a. Como souvenir, representa n\u00e3o apenas um elemento decorativo, mas tamb\u00e9m um testemunho da diversidade cultural de Espanha.<\/p>\n<p>Na Ol\u00e9 Mosaic, somos especialistas na distribui\u00e7\u00e3o de souvenirs por grosso, e este dedal de cer\u00e2mica \u00e9 uma op\u00e7\u00e3o ideal para lojas de presentes tur\u00edsticos que procuram produtos aut\u00eanticos e de alta qualidade. Este dedal \u00e9 uma excelente recorda\u00e7\u00e3o da Catalunha que encerra uma rica heran\u00e7a cultural num formato atraente e funcional, perfeito para qualquer viajante.<\/p>\n","protected":false},"excerpt":{"rendered":"<p>Dedal de cer\u00e2mica com design artesanal, pintado \u00e0 m\u00e3o, com um design vibrante e moderno que evoca a arte contempor\u00e2nea espanhola. De cor bege com um rebordo laranja, este dedal apresenta uma elegante decora\u00e7\u00e3o com formas abstratas e cores brilhantes como azul, vermelho, verde e preto, representando a liga\u00e7\u00e3o entre a tradi\u00e7\u00e3o e a criatividade. Ideal para colecionadores ou como recorda\u00e7\u00e3o de uma viagem pelas ruas coloridas da Catalunha.<\/p>\n","protected":false},"featured_media":10046,"template":"","meta":{"_acf_changed":false},"product_brand":[],"product_cat":[599],"product_tag":[515],"class_list":{"0":"post-31564","1":"product","2":"type-product","3":"status-publish","4":"has-post-thumbnail","6":"product_cat-dedais","7":"product_tag-ceramica","8":"pa_motivo-punt-de-trobada","10":"first","11":"instock","12":"shipping-taxable","13":"product-type-simple"},"acf":[],"_links":{"self":[{"href":"https:\/\/olemosaic.com\/pt-pt\/wp-json\/wp\/v2\/product\/31564","targetHints":{"allow":["GET"]}}],"collection":[{"href":"https:\/\/olemosaic.com\/pt-pt\/wp-json\/wp\/v2\/product"}],"about":[{"href":"https:\/\/olemosaic.com\/pt-pt\/wp-json\/wp\/v2\/types\/product"}],"wp:featuredmedia":[{"embeddable":true,"href":"https:\/\/olemosaic.com\/pt-pt\/wp-json\/wp\/v2\/media\/10046"}],"wp:attachment":[{"href":"https:\/\/olemosaic.com\/pt-pt\/wp-json\/wp\/v2\/media?parent=31564"}],"wp:term":[{"taxonomy":"product_brand","embeddable":true,"href":"https:\/\/olemosaic.com\/pt-pt\/wp-json\/wp\/v2\/product_brand?post=31564"},{"taxonomy":"product_cat","embeddable":true,"href":"https:\/\/olemosaic.com\/pt-pt\/wp-json\/wp\/v2\/product_cat?post=31564"},{"taxonomy":"product_tag","embeddable":true,"href":"https:\/\/olemosaic.com\/pt-pt\/wp-json\/wp\/v2\/product_tag?post=31564"}],"curies":[{"name":"wp","href":"https:\/\/api.w.org\/{rel}","templated":true}]}}