{"id":31541,"date":"2025-02-20T23:31:41","date_gmt":"2025-02-20T22:31:41","guid":{"rendered":"http:\/\/olemosaic.com\/producto\/dedal-de-ceramica-bailaora-beige\/"},"modified":"2025-07-25T18:37:43","modified_gmt":"2025-07-25T16:37:43","slug":"dedal-de-ceramica-bailaora-bege","status":"publish","type":"product","link":"https:\/\/olemosaic.com\/pt-pt\/produto\/dedal-de-ceramica-bailaora-bege\/","title":{"rendered":"Dedal de cer\u00e2mica. Bailaora. Bege"},"content":{"rendered":"<p>Este dedal de cer\u00e2mica pintado \u00e0 m\u00e3o \u00e9 uma encantadora homenagem \u00e0 arte flamenca e \u00e0 riqueza cultural espanhola. O seu design apresenta uma bailaora em pleno movimento, vestida com um traje vibrante e cheio de cor, adornado com mosaicos que refletem a alegria e o dinamismo desta express\u00e3o art\u00edstica tradicional. A bailaora segura uma bela flor vermelha na sua m\u00e3o, s\u00edmbolo de paix\u00e3o e amor, enquanto o fundo, em tons bege e verde, proporciona um contraste delicado que real\u00e7a a vivacidade da figura central.<\/p>\n<p>Mais do que um simples dedal, esta recorda\u00e7\u00e3o \u00e9 uma lembran\u00e7a aut\u00eantica da Andaluzia que capta a ess\u00eancia do flamenco, uma dan\u00e7a reconhecida internacionalmente pela sua expressividade e profundidade cultural. O seu acabamento meticuloso torna-o uma pe\u00e7a ideal para colecionadores e amantes da cultura espanhola. Al\u00e9m disso, este dedal de cer\u00e2mica \u00e9 perfeito como presente e tamb\u00e9m uma atraente recorda\u00e7\u00e3o de uma viagem memor\u00e1vel. Na Ol\u00e9 Mosaic, dedicamo-nos \u00e0 distribui\u00e7\u00e3o de recorda\u00e7\u00f5es por grosso, oferecendo produtos que s\u00e3o verdadeiras representa\u00e7\u00f5es da tradi\u00e7\u00e3o espanhola. Este dedal \u00e9 uma op\u00e7\u00e3o ideal para lojas de presentes tur\u00edsticos que procuram autenticidade e qualidade nos seus produtos.<\/p>\n","protected":false},"excerpt":{"rendered":"<p>Dedal de cer\u00e2mica de design artesanal, pintado \u00e0 m\u00e3o, inspirado na arte e na beleza da cultura flamenca espanhola. Este delicado dedal apresenta a ilustra\u00e7\u00e3o de uma bailaora trajada com um vibrante vestido colorido, adornado com mosaicos, enquanto segura uma flor vermelha, tudo isto emoldurado com um acabamento em tons bege e verde. Ideal para colecionadores, esta recorda\u00e7\u00e3o capta a ess\u00eancia do flamenco e \u00e9 perfeita como presente ou lembran\u00e7a da Andaluzia.<\/p>\n","protected":false},"featured_media":8480,"template":"","meta":{"_acf_changed":false},"product_brand":[],"product_cat":[599],"product_tag":[515],"class_list":{"0":"post-31541","1":"product","2":"type-product","3":"status-publish","4":"has-post-thumbnail","6":"product_cat-dedais","7":"product_tag-ceramica","8":"pa_motivo-dancarinos","10":"first","11":"instock","12":"shipping-taxable","13":"product-type-simple"},"acf":[],"_links":{"self":[{"href":"https:\/\/olemosaic.com\/pt-pt\/wp-json\/wp\/v2\/product\/31541","targetHints":{"allow":["GET"]}}],"collection":[{"href":"https:\/\/olemosaic.com\/pt-pt\/wp-json\/wp\/v2\/product"}],"about":[{"href":"https:\/\/olemosaic.com\/pt-pt\/wp-json\/wp\/v2\/types\/product"}],"wp:featuredmedia":[{"embeddable":true,"href":"https:\/\/olemosaic.com\/pt-pt\/wp-json\/wp\/v2\/media\/8480"}],"wp:attachment":[{"href":"https:\/\/olemosaic.com\/pt-pt\/wp-json\/wp\/v2\/media?parent=31541"}],"wp:term":[{"taxonomy":"product_brand","embeddable":true,"href":"https:\/\/olemosaic.com\/pt-pt\/wp-json\/wp\/v2\/product_brand?post=31541"},{"taxonomy":"product_cat","embeddable":true,"href":"https:\/\/olemosaic.com\/pt-pt\/wp-json\/wp\/v2\/product_cat?post=31541"},{"taxonomy":"product_tag","embeddable":true,"href":"https:\/\/olemosaic.com\/pt-pt\/wp-json\/wp\/v2\/product_tag?post=31541"}],"curies":[{"name":"wp","href":"https:\/\/api.w.org\/{rel}","templated":true}]}}