{"id":31540,"date":"2025-02-20T23:31:41","date_gmt":"2025-02-20T22:31:41","guid":{"rendered":"http:\/\/olemosaic.com\/producto\/dedal-de-ceramica-mijas-blanco\/"},"modified":"2025-07-25T20:01:00","modified_gmt":"2025-07-25T18:01:00","slug":"dedal-de-ceramica-mijas-branco","status":"publish","type":"product","link":"https:\/\/olemosaic.com\/pt-pt\/produto\/dedal-de-ceramica-mijas-branco\/","title":{"rendered":"Dedal de cer\u00e2mica. Mijas. Branco"},"content":{"rendered":"<p>Este dedal de cer\u00e2mica pintado \u00e0 m\u00e3o \u00e9 uma aut\u00eantica recorda\u00e7\u00e3o de Mijas, que capta a ess\u00eancia desta encantadora vila andaluza. Com a sua tonalidade branca, o dedal resplandece com ilustra\u00e7\u00f5es vibrantes de casas tradicionais adornadas com flores, que evocam a beleza e o calor da paisagem andaluza. Os detalhes meticulosamente elaborados mostram a arquitetura t\u00edpica de Mijas, com fachadas caiadas e toques de cor que imitam o exuberante ambiente floral que caracteriza a regi\u00e3o.<\/p>\n<p>A decora\u00e7\u00e3o do dedal inclui cartazes coloridos e elementos que destacam a vida quotidiana da vila, tornando-o uma pe\u00e7a ideal para colecionadores ou amantes da cultura. Com um design compacto, a sua funcionalidade \u00e9 complementada pelo seu valor como objeto decorativo, conferindo um toque cultural que recorda quem teve a oportunidade de visitar este destino \u00fanico.<\/p>\n<p>Este dedal n\u00e3o \u00e9 apenas uma recorda\u00e7\u00e3o de Mijas, mas tamb\u00e9m simboliza a rica tradi\u00e7\u00e3o artesanal da regi\u00e3o. Na Ol\u00e9 Mosaic, como distribuidores de recorda\u00e7\u00f5es por grosso, oferecemos produtos que refletem a autenticidade e a beleza do patrim\u00f3nio espanhol, tornando este dedal uma excelente op\u00e7\u00e3o para lojas de presentes tur\u00edsticos que procuram oferecer recorda\u00e7\u00f5es representativas e de qualidade.<\/p>\n","protected":false},"excerpt":{"rendered":"<p>Dedal de cer\u00e2mica de design artesanal, pintado \u00e0 m\u00e3o, que representa cenas t\u00edpicas de Mijas. Este encantador dedal branco apresenta ilustra\u00e7\u00f5es vibrantes de casas andaluzas com flores, refletindo o estilo aut\u00eantico da vila. Com detalhes cuidadosamente elaborados, \u00e9 uma pe\u00e7a decorativa ideal para colecionadores, que evoca a ess\u00eancia e a beleza da paisagem andaluza. O seu design compacto torna-o perfeito para adicionar um toque cultural a qualquer casa.<\/p>\n","protected":false},"featured_media":10022,"template":"","meta":{"_acf_changed":false},"product_brand":[],"product_cat":[599],"product_tag":[515],"class_list":{"0":"post-31540","1":"product","2":"type-product","3":"status-publish","4":"has-post-thumbnail","6":"product_cat-dedais","7":"product_tag-ceramica","8":"pa_ciudad-mijas","9":"pa_pais-espana","11":"first","12":"instock","13":"shipping-taxable","14":"product-type-simple"},"acf":[],"_links":{"self":[{"href":"https:\/\/olemosaic.com\/pt-pt\/wp-json\/wp\/v2\/product\/31540","targetHints":{"allow":["GET"]}}],"collection":[{"href":"https:\/\/olemosaic.com\/pt-pt\/wp-json\/wp\/v2\/product"}],"about":[{"href":"https:\/\/olemosaic.com\/pt-pt\/wp-json\/wp\/v2\/types\/product"}],"wp:featuredmedia":[{"embeddable":true,"href":"https:\/\/olemosaic.com\/pt-pt\/wp-json\/wp\/v2\/media\/10022"}],"wp:attachment":[{"href":"https:\/\/olemosaic.com\/pt-pt\/wp-json\/wp\/v2\/media?parent=31540"}],"wp:term":[{"taxonomy":"product_brand","embeddable":true,"href":"https:\/\/olemosaic.com\/pt-pt\/wp-json\/wp\/v2\/product_brand?post=31540"},{"taxonomy":"product_cat","embeddable":true,"href":"https:\/\/olemosaic.com\/pt-pt\/wp-json\/wp\/v2\/product_cat?post=31540"},{"taxonomy":"product_tag","embeddable":true,"href":"https:\/\/olemosaic.com\/pt-pt\/wp-json\/wp\/v2\/product_tag?post=31540"}],"curies":[{"name":"wp","href":"https:\/\/api.w.org\/{rel}","templated":true}]}}