{"id":31539,"date":"2025-02-20T22:31:41","date_gmt":"2025-02-20T22:31:41","guid":{"rendered":"http:\/\/olemosaic.com\/producto\/dedal-de-ceramica-salamandra-barcelona-beige\/"},"modified":"2025-07-25T19:09:17","modified_gmt":"2025-07-25T17:09:17","slug":"dedal-de-ceramica-salamandra-barcelona-bege","status":"publish","type":"product","link":"https:\/\/olemosaic.com\/pt-pt\/produto\/dedal-de-ceramica-salamandra-barcelona-bege\/","title":{"rendered":"Dedal de cer\u00e2mica. Salamandra. Barcelona. Bege"},"content":{"rendered":"<p>Este dedal de cer\u00e2mica, inspirado na fauna barcelonesa, \u00e9 uma aut\u00eantica homenagem \u00e0 riqueza cultural e art\u00edstica da cidade. O seu design vibrante apresenta uma colorida salamandra adornada com flores, captando a ess\u00eancia da arte modernista que caracteriza Barcelona. O dedal, em tons bege com um rebordo vermelho, real\u00e7a tanto a salamandra como os motivos florais, num padr\u00e3o que recorda as obras de Antoni Gaud\u00ed, famoso por integrar elementos naturais na sua arquitetura.<\/p>\n<p>A palavra \u201cBarcelona\u201d est\u00e1 elegantemente impressa num estilo que complementa o resto do design, tornando este dedal numa recorda\u00e7\u00e3o ideal, n\u00e3o s\u00f3 para colecionadores, mas tamb\u00e9m para quem deseja levar consigo um peda\u00e7o de Barcelona. As dimens\u00f5es deste dedal tornam-no perfeito para usos pr\u00e1ticos ou decorativos, oferecendo uma liga\u00e7\u00e3o tang\u00edvel com a vibrante fauna e flora que se pode encontrar na cidade.<\/p>\n<p>Na Ol\u00e9 Mosaic, orgulhamo-nos de oferecer recorda\u00e7\u00f5es que refletem a autenticidade e o esp\u00edrito local. Este dedal de cer\u00e2mica \u00e9 uma excelente op\u00e7\u00e3o para lojas de presentes tur\u00edsticos que procuram produtos distintivos e culturalmente significativos. Com a qualidade que garantimos como grossista de recorda\u00e7\u00f5es, este dedal torna-se uma recorda\u00e7\u00e3o perfeita de Barcelona, ideal para turistas que desejam levar uma parte da cultura e da arte desta maravilhosa cidade.<\/p>\n","protected":false},"excerpt":{"rendered":"<p>Dedal de cer\u00e2mica inspirado na fauna barcelonesa, adornado com uma colorida salamandra e flores. Este distintivo dedal apresenta um design em tons bege com uma borda vermelha, onde se destaca a salamandra num padr\u00e3o vibrante que reflete o estilo art\u00edstico da cidade. A palavra \u00abBarcelona\u00bb est\u00e1 elegantemente impressa, o que torna este dedal uma recorda\u00e7\u00e3o perfeita que capta a ess\u00eancia cultural e art\u00edstica da cidade. Ideal para colecionadores e amantes do artesanato.<\/p>\n","protected":false},"featured_media":8477,"template":"","meta":{"_acf_changed":false},"product_brand":[],"product_cat":[599],"product_tag":[516,515],"class_list":{"0":"post-31539","1":"product","2":"type-product","3":"status-publish","4":"has-post-thumbnail","6":"product_cat-dedais","7":"product_tag-animais","8":"product_tag-ceramica","9":"pa_ciudad-barcelona","10":"pa_motivo-salamandras","11":"pa_pais-espana","13":"first","14":"instock","15":"shipping-taxable","16":"product-type-simple"},"acf":[],"_links":{"self":[{"href":"https:\/\/olemosaic.com\/pt-pt\/wp-json\/wp\/v2\/product\/31539","targetHints":{"allow":["GET"]}}],"collection":[{"href":"https:\/\/olemosaic.com\/pt-pt\/wp-json\/wp\/v2\/product"}],"about":[{"href":"https:\/\/olemosaic.com\/pt-pt\/wp-json\/wp\/v2\/types\/product"}],"wp:featuredmedia":[{"embeddable":true,"href":"https:\/\/olemosaic.com\/pt-pt\/wp-json\/wp\/v2\/media\/8477"}],"wp:attachment":[{"href":"https:\/\/olemosaic.com\/pt-pt\/wp-json\/wp\/v2\/media?parent=31539"}],"wp:term":[{"taxonomy":"product_brand","embeddable":true,"href":"https:\/\/olemosaic.com\/pt-pt\/wp-json\/wp\/v2\/product_brand?post=31539"},{"taxonomy":"product_cat","embeddable":true,"href":"https:\/\/olemosaic.com\/pt-pt\/wp-json\/wp\/v2\/product_cat?post=31539"},{"taxonomy":"product_tag","embeddable":true,"href":"https:\/\/olemosaic.com\/pt-pt\/wp-json\/wp\/v2\/product_tag?post=31539"}],"curies":[{"name":"wp","href":"https:\/\/api.w.org\/{rel}","templated":true}]}}