{"id":31538,"date":"2025-02-20T23:31:41","date_gmt":"2025-02-20T22:31:41","guid":{"rendered":"http:\/\/olemosaic.com\/producto\/dedal-de-ceramica-panoramica-barcelona-beige\/"},"modified":"2025-07-25T19:43:07","modified_gmt":"2025-07-25T17:43:07","slug":"dedal-de-ceramica-panoramica-barcelona-bege","status":"publish","type":"product","link":"https:\/\/olemosaic.com\/pt-pt\/produto\/dedal-de-ceramica-panoramica-barcelona-bege\/","title":{"rendered":"Dedal de cer\u00e2mica. Panor\u00e2mica. Barcelona. Bege"},"content":{"rendered":"<p>Este dedal de cer\u00e2mica \u00e9 uma encantadora recorda\u00e7\u00e3o que capta a ess\u00eancia de Barcelona, destacando um dos seus monumentos mais emblem\u00e1ticos: a Sagrada Fam\u00edlia. Com um elegante tom bege como base, o dedal est\u00e1 adornado com uma vibrante panor\u00e2mica com efeito pintado \u00e0 m\u00e3o que mostra os intrincados detalhes arquitet\u00f3nicos desta obra-prima de Antoni Gaud\u00ed. As tonalidades brilhantes e o design meticuloso d\u00e3o vida \u00e0 imagem, enquanto as pequenas casas t\u00edpicas da cidade, que complementam a cena, evocam la singularidade da paisagem urbana barcelonesa.<\/p>\n<p>A base verde do dedal acrescenta um toque distintivo, tornando-o um objeto n\u00e3o s\u00f3 est\u00e9tico, mas tamb\u00e9m divertido e moderno. \u00c9 perfeito para colecionadores que procuram adicionar uma pe\u00e7a \u00fanica \u00e0 sua cole\u00e7\u00e3o, e tamb\u00e9m uma excelente op\u00e7\u00e3o como presente para quem deseja levar consigo um peda\u00e7o da cultura catal\u00e3.<\/p>\n<p>Na Ol\u00e9 Mosaic, especializamo-nos na distribui\u00e7\u00e3o de recorda\u00e7\u00f5es por grosso, oferecendo dedais aut\u00eanticos que refletem a riqueza cultural de Espanha. Este dedal de cer\u00e2mica de Barcelona \u00e9 uma recorda\u00e7\u00e3o representativa que celebra a beleza arquitet\u00f3nica da cidade, e uma op\u00e7\u00e3o ideal para lojas de presentes tur\u00edsticos que procuram artigos originais e de qualidade.<\/p>\n","protected":false},"excerpt":{"rendered":"<p>Dedal de cer\u00e2mica com uma colorida panor\u00e2mica de Barcelona, onde se destaca a emblem\u00e1tica Sagrada Fam\u00edlia. Este dedal, de um elegante tom bege, apresenta um design artesanal, pintado \u00e0 m\u00e3o, com vibrantes detalhes arquitet\u00f3nicos e pequenas casas t\u00edpicas da cidade. A base verde acrescenta um toque distintivo e divertido, tornando-o uma excelente recorda\u00e7\u00e3o de uma viagem a esta emblem\u00e1tica cidade catal\u00e3. Ideal para colecionadores ou como presente.<\/p>\n","protected":false},"featured_media":8475,"template":"","meta":{"_acf_changed":false},"product_brand":[],"product_cat":[599],"product_tag":[515],"class_list":{"0":"post-31538","1":"product","2":"type-product","3":"status-publish","4":"has-post-thumbnail","6":"product_cat-dedais","7":"product_tag-ceramica","8":"pa_ciudad-barcelona","9":"pa_motivo-panoramas","10":"pa_pais-espana","12":"first","13":"instock","14":"shipping-taxable","15":"product-type-simple"},"acf":[],"_links":{"self":[{"href":"https:\/\/olemosaic.com\/pt-pt\/wp-json\/wp\/v2\/product\/31538","targetHints":{"allow":["GET"]}}],"collection":[{"href":"https:\/\/olemosaic.com\/pt-pt\/wp-json\/wp\/v2\/product"}],"about":[{"href":"https:\/\/olemosaic.com\/pt-pt\/wp-json\/wp\/v2\/types\/product"}],"wp:featuredmedia":[{"embeddable":true,"href":"https:\/\/olemosaic.com\/pt-pt\/wp-json\/wp\/v2\/media\/8475"}],"wp:attachment":[{"href":"https:\/\/olemosaic.com\/pt-pt\/wp-json\/wp\/v2\/media?parent=31538"}],"wp:term":[{"taxonomy":"product_brand","embeddable":true,"href":"https:\/\/olemosaic.com\/pt-pt\/wp-json\/wp\/v2\/product_brand?post=31538"},{"taxonomy":"product_cat","embeddable":true,"href":"https:\/\/olemosaic.com\/pt-pt\/wp-json\/wp\/v2\/product_cat?post=31538"},{"taxonomy":"product_tag","embeddable":true,"href":"https:\/\/olemosaic.com\/pt-pt\/wp-json\/wp\/v2\/product_tag?post=31538"}],"curies":[{"name":"wp","href":"https:\/\/api.w.org\/{rel}","templated":true}]}}