{"id":31537,"date":"2025-02-20T23:31:40","date_gmt":"2025-02-20T22:31:40","guid":{"rendered":"http:\/\/olemosaic.com\/producto\/dedal-de-ceramica-toros-madrid-blanco\/"},"modified":"2025-07-25T18:35:25","modified_gmt":"2025-07-25T16:35:25","slug":"dedal-de-ceramica-touros-madrid-branco","status":"publish","type":"product","link":"https:\/\/olemosaic.com\/pt-pt\/produto\/dedal-de-ceramica-touros-madrid-branco\/","title":{"rendered":"Dedal de cer\u00e2mica. Touros. Madrid. Branco"},"content":{"rendered":"<p>Este dedal de cer\u00e2mica decorativo, inspirado na rica tradi\u00e7\u00e3o taurom\u00e1quica madrilena, \u00e9 uma aut\u00eantica recorda\u00e7\u00e3o representativa da cultura espanhola. O seu design, caracter\u00edstico e vibrante, apresenta um touro estilizado em tons intensos de azul, vermelho e verde, rodeado de flores que evocam o rico folclore da regi\u00e3o. A base branca da cer\u00e2mica real\u00e7a o brilho das cores, enquanto um subtil acabamento craquelado lhe confere um toque vintage, convertendo esta pe\u00e7a num valioso objeto de cole\u00e7\u00e3o.<\/p>\n<p>A palavra &#8220;MADRID&#8221; est\u00e1 elegantemente impressa com uma tipografia que complementa o design geral, conferindo um ar distintivo que enfatiza a sua liga\u00e7\u00e3o com a capital espanhola. Este dedal n\u00e3o s\u00f3 recorda as touradas, parte da tradi\u00e7\u00e3o cultural madrilena, como tamb\u00e9m simboliza a paix\u00e3o e a arte popular de Espanha, sendo uma excelente op\u00e7\u00e3o para turistas que procuram recorda\u00e7\u00f5es de qualidade.<\/p>\n<p>Na Ol\u00e9 Mosaic, como distribuidores de dedais de cer\u00e2mica e outras recorda\u00e7\u00f5es t\u00edpicas, especializamo-nos em oferecer produtos que destacam a autenticidade e a riqueza cultural de cada regi\u00e3o. Este dedal \u00e9 perfeito para lojas de presentes tur\u00edsticos que desejem oferecer aos seus clientes recorda\u00e7\u00f5es significativas e representativas de Madrid.<\/p>\n","protected":false},"excerpt":{"rendered":"<p>Dedal de cer\u00e2mica decorativo, inspirado na tradi\u00e7\u00e3o taurom\u00e1quica madrilena. Esta pe\u00e7a branca apresenta um design colorido, design artesanal, pintado \u00e0 m\u00e3o, com um touro estilizado em vibrantes tons azuis, vermelhos e verdes, acompanhado de flores num ambiente que evoca a cultura espanhola. A palavra &#8220;MADRID&#8221; est\u00e1 impressa numa elegante tipografia, conferindo um toque distintivo a esta recorda\u00e7\u00e3o ideal para colecionadores. Um acess\u00f3rio perfeito para os amantes da arte popular.<\/p>\n","protected":false},"featured_media":8611,"template":"","meta":{"_acf_changed":false},"product_brand":[],"product_cat":[599],"product_tag":[516,515],"class_list":{"0":"post-31537","1":"product","2":"type-product","3":"status-publish","4":"has-post-thumbnail","6":"product_cat-dedais","7":"product_tag-animais","8":"product_tag-ceramica","9":"pa_ciudad-madrid","10":"pa_motivo-touros","11":"pa_pais-espana","13":"first","14":"instock","15":"shipping-taxable","16":"product-type-simple"},"acf":[],"_links":{"self":[{"href":"https:\/\/olemosaic.com\/pt-pt\/wp-json\/wp\/v2\/product\/31537","targetHints":{"allow":["GET"]}}],"collection":[{"href":"https:\/\/olemosaic.com\/pt-pt\/wp-json\/wp\/v2\/product"}],"about":[{"href":"https:\/\/olemosaic.com\/pt-pt\/wp-json\/wp\/v2\/types\/product"}],"wp:featuredmedia":[{"embeddable":true,"href":"https:\/\/olemosaic.com\/pt-pt\/wp-json\/wp\/v2\/media\/8611"}],"wp:attachment":[{"href":"https:\/\/olemosaic.com\/pt-pt\/wp-json\/wp\/v2\/media?parent=31537"}],"wp:term":[{"taxonomy":"product_brand","embeddable":true,"href":"https:\/\/olemosaic.com\/pt-pt\/wp-json\/wp\/v2\/product_brand?post=31537"},{"taxonomy":"product_cat","embeddable":true,"href":"https:\/\/olemosaic.com\/pt-pt\/wp-json\/wp\/v2\/product_cat?post=31537"},{"taxonomy":"product_tag","embeddable":true,"href":"https:\/\/olemosaic.com\/pt-pt\/wp-json\/wp\/v2\/product_tag?post=31537"}],"curies":[{"name":"wp","href":"https:\/\/api.w.org\/{rel}","templated":true}]}}