{"id":31536,"date":"2025-02-20T22:31:40","date_gmt":"2025-02-20T22:31:40","guid":{"rendered":"http:\/\/olemosaic.com\/producto\/dedal-de-ceramica-flores-barcelona-blanco\/"},"modified":"2025-07-25T18:48:18","modified_gmt":"2025-07-25T16:48:18","slug":"dedal-de-ceramica-flores-barcelona-branco","status":"publish","type":"product","link":"https:\/\/olemosaic.com\/pt-pt\/produto\/dedal-de-ceramica-flores-barcelona-branco\/","title":{"rendered":"Dedal de cer\u00e2mica. Flores. Barcelona. Branco"},"content":{"rendered":"<p>Este dedal de cer\u00e2mica decorado \u00e9 um souvenir sofisticado que captura a vibrante ess\u00eancia de Barcelona. Fabricado em cer\u00e2mica branca de alta qualidade, apresenta um colorido design de mosaico inspirado nas flores que adornam a arquitetura e a arte da cidade. Combinando tons vibrantes de amarelo, vermelho, azul e preto, este dedal n\u00e3o \u00e9 apenas um acess\u00f3rio \u00fatil para os amantes da costura, mas tamb\u00e9m uma pe\u00e7a decorativa que reflete o folclore e a cultura catal\u00e3.<\/p>\n<p>A inscri\u00e7\u00e3o &#8220;Barcelona&#8221;, com uma tipografia moderna, acrescenta um toque contempor\u00e2neo e distintivo, tornando-o uma op\u00e7\u00e3o ideal para turistas que desejam levar para casa um peda\u00e7o desta emblem\u00e1tica cidade. Cada detalhe do padr\u00e3o floral evoca a famosa obra de Antoni Gaud\u00ed e o seu legado art\u00edstico que adorna as ruas de Barcelona, convertendo-o numa recorda\u00e7\u00e3o aut\u00eantica e significativa.<\/p>\n<p>Na Ol\u00e9 Mosaic, como distribuidores de souvenirs de alta qualidade, oferecemos este dedal de cer\u00e2mica, perfeito para lojas de presentes tur\u00edsticos. Com o seu design cultural e colorido, \u00e9 uma escolha excelente para quem procura souvenirs de Barcelona \u00fanicos e representativos, garantindo autenticidade e arte em cada pe\u00e7a.<\/p>\n","protected":false},"excerpt":{"rendered":"<p>Dedal de cer\u00e2mica decorado com um colorido design inspirado nas flores de Barcelona. Este atraente dedal branco apresenta um padr\u00e3o de mosaico que combina tons vibrantes como amarelo, vermelho, azul e preto, evocando a ess\u00eancia art\u00edstica da cidade. Com a inscri\u00e7\u00e3o &#8220;Barcelona&#8221; numa tipografia moderna, \u00e9 um souvenir ideal que reflete o car\u00e1ter cultural e o folclore desta emblem\u00e1tica cidade espanhola. Perfeito para os amantes da costura e para colecionar recorda\u00e7\u00f5es \u00fanicas.<\/p>\n","protected":false},"featured_media":9078,"template":"","meta":{"_acf_changed":false},"product_brand":[],"product_cat":[599],"product_tag":[515],"class_list":{"0":"post-31536","1":"product","2":"type-product","3":"status-publish","4":"has-post-thumbnail","6":"product_cat-dedais","7":"product_tag-ceramica","8":"pa_ciudad-barcelona","9":"pa_motivo-flores","10":"pa_pais-espana","12":"first","13":"instock","14":"shipping-taxable","15":"product-type-simple"},"acf":[],"_links":{"self":[{"href":"https:\/\/olemosaic.com\/pt-pt\/wp-json\/wp\/v2\/product\/31536","targetHints":{"allow":["GET"]}}],"collection":[{"href":"https:\/\/olemosaic.com\/pt-pt\/wp-json\/wp\/v2\/product"}],"about":[{"href":"https:\/\/olemosaic.com\/pt-pt\/wp-json\/wp\/v2\/types\/product"}],"wp:featuredmedia":[{"embeddable":true,"href":"https:\/\/olemosaic.com\/pt-pt\/wp-json\/wp\/v2\/media\/9078"}],"wp:attachment":[{"href":"https:\/\/olemosaic.com\/pt-pt\/wp-json\/wp\/v2\/media?parent=31536"}],"wp:term":[{"taxonomy":"product_brand","embeddable":true,"href":"https:\/\/olemosaic.com\/pt-pt\/wp-json\/wp\/v2\/product_brand?post=31536"},{"taxonomy":"product_cat","embeddable":true,"href":"https:\/\/olemosaic.com\/pt-pt\/wp-json\/wp\/v2\/product_cat?post=31536"},{"taxonomy":"product_tag","embeddable":true,"href":"https:\/\/olemosaic.com\/pt-pt\/wp-json\/wp\/v2\/product_tag?post=31536"}],"curies":[{"name":"wp","href":"https:\/\/api.w.org\/{rel}","templated":true}]}}