{"id":31535,"date":"2025-02-20T22:31:40","date_gmt":"2025-02-20T22:31:40","guid":{"rendered":"http:\/\/olemosaic.com\/producto\/dedal-de-ceramica-flores-blanco\/"},"modified":"2025-07-25T18:49:43","modified_gmt":"2025-07-25T16:49:43","slug":"dedal-de-ceramica-flores-branco","status":"publish","type":"product","link":"https:\/\/olemosaic.com\/pt-pt\/produto\/dedal-de-ceramica-flores-branco\/","title":{"rendered":"Dedal de cer\u00e2mica. Flores. Branco"},"content":{"rendered":"<p>Este dedal de cer\u00e2mica decorado \u00e9 uma recorda\u00e7\u00e3o encantadora que encerra a rica tradi\u00e7\u00e3o art\u00edstica de Espanha. Com um design floral vibrante, o dedal apresenta uma grande flor vermelha na frente, cujas tonalidades brilhantes contrastam maravilhosamente com um fundo branco que real\u00e7a a sua beleza. Os toques de azul e preto que rodeiam a flor criam uma harmonia visual, e a t\u00e9cnica de pintura \u00e0 m\u00e3o assegura que cada pe\u00e7a seja \u00fanica e de grande qualidade.<\/p>\n<p>Este aut\u00eantico souvenir n\u00e3o \u00e9 apenas um acess\u00f3rio para os amantes da costura, mas tamb\u00e9m um excelente s\u00edmbolo da cultura espanhola, perfeito para colecionadores ou como presente especial. O seu design evoca a heran\u00e7a dos mosaicos tradicionalmente utilizados na decora\u00e7\u00e3o urbana de cidades como Sevilha e Barcelona, refletindo a beleza e o detalhe caracter\u00edsticos da cer\u00e2mica espanhola.<\/p>\n<p>Na Ol\u00e9 Mosaic, somos especialistas na distribui\u00e7\u00e3o de souvenirs por grosso e oferecemos este dedal como uma op\u00e7\u00e3o ideal para lojas de presentes tur\u00edsticos. Com a sua autenticidade e apelo visual, \u00e9 uma excelente escolha para quem procura recorda\u00e7\u00f5es aut\u00eanticas e representativas de Espanha. Atrair\u00e1 turistas que desejem levar para casa um pedacinho da cultura espanhola, convertendo cada compra numa experi\u00eancia memor\u00e1vel.<\/p>\n","protected":false},"excerpt":{"rendered":"<p>Dedal de cer\u00e2mica decorado com um vibrante design floral, inspirado na tradi\u00e7\u00e3o art\u00edstica espanhola. Este dedal apresenta um mosaico brilhante com uma grande flor vermelha na parte frontal, rodeada de tons azuis e pretos sobre um fundo branco. A t\u00e9cnica de pintura \u00e0 m\u00e3o real\u00e7a a qualidade do produto, tornando-o um souvenir ideal para os amantes da cer\u00e2mica e da cultura espanhola. Perfeito para colecionadores ou como presente.<\/p>\n","protected":false},"featured_media":9021,"template":"","meta":{"_acf_changed":false},"product_brand":[],"product_cat":[599],"product_tag":[515],"class_list":{"0":"post-31535","1":"product","2":"type-product","3":"status-publish","4":"has-post-thumbnail","6":"product_cat-dedais","7":"product_tag-ceramica","8":"pa_motivo-flores","10":"first","11":"instock","12":"shipping-taxable","13":"product-type-simple"},"acf":[],"_links":{"self":[{"href":"https:\/\/olemosaic.com\/pt-pt\/wp-json\/wp\/v2\/product\/31535","targetHints":{"allow":["GET"]}}],"collection":[{"href":"https:\/\/olemosaic.com\/pt-pt\/wp-json\/wp\/v2\/product"}],"about":[{"href":"https:\/\/olemosaic.com\/pt-pt\/wp-json\/wp\/v2\/types\/product"}],"wp:featuredmedia":[{"embeddable":true,"href":"https:\/\/olemosaic.com\/pt-pt\/wp-json\/wp\/v2\/media\/9021"}],"wp:attachment":[{"href":"https:\/\/olemosaic.com\/pt-pt\/wp-json\/wp\/v2\/media?parent=31535"}],"wp:term":[{"taxonomy":"product_brand","embeddable":true,"href":"https:\/\/olemosaic.com\/pt-pt\/wp-json\/wp\/v2\/product_brand?post=31535"},{"taxonomy":"product_cat","embeddable":true,"href":"https:\/\/olemosaic.com\/pt-pt\/wp-json\/wp\/v2\/product_cat?post=31535"},{"taxonomy":"product_tag","embeddable":true,"href":"https:\/\/olemosaic.com\/pt-pt\/wp-json\/wp\/v2\/product_tag?post=31535"}],"curies":[{"name":"wp","href":"https:\/\/api.w.org\/{rel}","templated":true}]}}