{"id":31534,"date":"2025-02-20T23:31:40","date_gmt":"2025-02-20T22:31:40","guid":{"rendered":"http:\/\/olemosaic.com\/producto\/dedal-de-ceramica-mosaico-blanco\/"},"modified":"2025-07-25T18:40:23","modified_gmt":"2025-07-25T16:40:23","slug":"dedal-de-ceramica-mosaico-branco","status":"publish","type":"product","link":"https:\/\/olemosaic.com\/pt-pt\/produto\/dedal-de-ceramica-mosaico-branco\/","title":{"rendered":"Dedal de cer\u00e2mica. Mosaico. Branco"},"content":{"rendered":"<p>Este dedal de cer\u00e2mica decorada \u00e9 uma recorda\u00e7\u00e3o encantadora que captura a ess\u00eancia da rica tradi\u00e7\u00e3o art\u00edstica espanhola. Com um design pintado \u00e0 m\u00e3o que mostra um vibrante mosaico de padr\u00f5es em tons de azul, vermelho e laranja, este dedal reflete a beleza e a diversidade dos azulejos caracter\u00edsticos do pa\u00eds. A sua forma elegante, com uma base c\u00f3nica e uma abertura na parte superior, assegura n\u00e3o s\u00f3 a sua funcionalidade para os aficionados da costura, mas tamb\u00e9m o seu apelo visual como objeto decorativo.<\/p>\n<p>A cer\u00e2mica, uma arte enraizada nas cidades espanholas, manifesta-se atrav\u00e9s deste dedal, que oferece um olhar sobre a cultura que existe por tr\u00e1s das obras-primas de olaria e mosaicos. Cada padr\u00e3o conta uma hist\u00f3ria, evocando a heran\u00e7a cultural de regi\u00f5es conhecidas pela sua artesania, como a Andaluzia e Val\u00eancia, onde os azulejos s\u00e3o protagonistas. Este dedal \u00e9 tanto um elemento funcional como uma recorda\u00e7\u00e3o \u00fanica, ideal para turistas que procuram souvenirs representativos da sua visita a Espanha.<\/p>\n<p>Na Ol\u00e9 Mosaic, como grossistas de souvenirs, estamos comprometidos em oferecer pe\u00e7as aut\u00eanticas que enrique\u00e7am as prateleiras das lojas de presentes tur\u00edsticos. Este dedal de cer\u00e2mica n\u00e3o \u00e9 apenas uma excelente op\u00e7\u00e3o para colecionadores, mas tamb\u00e9m um presente encantador para aqueles que apreciam a costura e a est\u00e9tica espanhola.<\/p>\n","protected":false},"excerpt":{"rendered":"<p>Dedal de cer\u00e2mica decorado com um encantador mosaico de padr\u00f5es em tons de azul, vermelho e laranja, que representa a tradi\u00e7\u00e3o art\u00edstica espanhola. Ideal para colecionadores e amantes da costura, este dedal, com o seu design artesanal, pintado \u00e0 m\u00e3o, evoca a rica heran\u00e7a cultural e a beleza dos azulejos t\u00edpicos do pa\u00eds. A sua forma elegante e cores vibrantes tornam-no uma recorda\u00e7\u00e3o \u00fanica e atraente.<\/p>\n","protected":false},"featured_media":9033,"template":"","meta":{"_acf_changed":false},"product_brand":[],"product_cat":[599],"product_tag":[515],"class_list":{"0":"post-31534","1":"product","2":"type-product","3":"status-publish","4":"has-post-thumbnail","6":"product_cat-dedais","7":"product_tag-ceramica","8":"pa_motivo-mosaico","10":"first","11":"instock","12":"shipping-taxable","13":"product-type-simple"},"acf":[],"_links":{"self":[{"href":"https:\/\/olemosaic.com\/pt-pt\/wp-json\/wp\/v2\/product\/31534","targetHints":{"allow":["GET"]}}],"collection":[{"href":"https:\/\/olemosaic.com\/pt-pt\/wp-json\/wp\/v2\/product"}],"about":[{"href":"https:\/\/olemosaic.com\/pt-pt\/wp-json\/wp\/v2\/types\/product"}],"wp:featuredmedia":[{"embeddable":true,"href":"https:\/\/olemosaic.com\/pt-pt\/wp-json\/wp\/v2\/media\/9033"}],"wp:attachment":[{"href":"https:\/\/olemosaic.com\/pt-pt\/wp-json\/wp\/v2\/media?parent=31534"}],"wp:term":[{"taxonomy":"product_brand","embeddable":true,"href":"https:\/\/olemosaic.com\/pt-pt\/wp-json\/wp\/v2\/product_brand?post=31534"},{"taxonomy":"product_cat","embeddable":true,"href":"https:\/\/olemosaic.com\/pt-pt\/wp-json\/wp\/v2\/product_cat?post=31534"},{"taxonomy":"product_tag","embeddable":true,"href":"https:\/\/olemosaic.com\/pt-pt\/wp-json\/wp\/v2\/product_tag?post=31534"}],"curies":[{"name":"wp","href":"https:\/\/api.w.org\/{rel}","templated":true}]}}