{"id":31532,"date":"2025-02-20T22:31:40","date_gmt":"2025-02-20T22:31:40","guid":{"rendered":"http:\/\/olemosaic.com\/producto\/dedal-de-ceramica-salamandra-y-flores-barcelona-blanco\/"},"modified":"2025-07-25T19:22:43","modified_gmt":"2025-07-25T17:22:43","slug":"dedal-de-ceramica-salamandra-e-flores-barcelona-branco","status":"publish","type":"product","link":"https:\/\/olemosaic.com\/pt-pt\/produto\/dedal-de-ceramica-salamandra-e-flores-barcelona-branco\/","title":{"rendered":"Dedal de cer\u00e2mica. Salamandra e flores. Barcelona. Branco"},"content":{"rendered":"<p>Este dedal de cer\u00e2mica, decorado com uma colorida salamandra e flores, \u00e9 uma aut\u00eantica homenagem \u00e0 vibrante est\u00e9tica de Barcelona e um souvenir ideal para quem deseja levar a ess\u00eancia desta maravilhosa cidade. Sobre um fundo branco que real\u00e7a cada detalhe, a pe\u00e7a exibe um design intrincado cheio de vida, onde uma salamandra, s\u00edmbolo da arquitetura modernista de Gaud\u00ed, se mistura harmonicamente com delicados motivos florais. As cores vibrantes em tons de amarelo, verde e azul evocam a luz do Mediterr\u00e2neo, criando um contraste visual impactante, simultaneamente atraente e representativo.<\/p>\n<p>A inclus\u00e3o da palavra &#8220;Barcelona&#8221; na decora\u00e7\u00e3o acrescenta um toque distintivo, reafirmando o car\u00e1ter aut\u00eantico deste dedal como recorda\u00e7\u00e3o. N\u00e3o \u00e9 apenas um artigo funcional, mas tamb\u00e9m um objeto de cole\u00e7\u00e3o perfeito para os amantes da cultura e da arte popular. Este dedal de cer\u00e2mica n\u00e3o s\u00f3 captura a ess\u00eancia da cidade, como tamb\u00e9m representa um peda\u00e7o da rica hist\u00f3ria e do folclore que a caracterizam.<\/p>\n<p>Na Ol\u00e9 Mosaic, especializamo-nos na distribui\u00e7\u00e3o de souvenirs de Barcelona por grosso, e este dedal apresenta-se como uma excelente op\u00e7\u00e3o para lojas de presentes tur\u00edsticos que procuram produtos \u00fanicos e de qualidade. Com o seu design cheio de simbolismo e cor, \u00e9 ideal para quem procura uma recorda\u00e7\u00e3o aut\u00eantica da sua visita.<\/p>\n","protected":false},"excerpt":{"rendered":"<p>Dedal de cer\u00e2mica decorado com uma colorida salamandra e flores, inspirado na arquitetura de Barcelona. O seu design destaca-se pelas cores vibrantes em tons de amarelo, verde e azul, sobre um fundo branco que real\u00e7a a beleza do motivo. Este dedal, que tamb\u00e9m inclui a palavra \u00abBarcelona\u00bb, \u00e9 uma pe\u00e7a perfeita para colecionadores e amantes da arte popular, ideal para recordar a riqueza cultural da cidade.<\/p>\n","protected":false},"featured_media":8087,"template":"","meta":{"_acf_changed":false},"product_brand":[],"product_cat":[599],"product_tag":[516,515],"class_list":{"0":"post-31532","1":"product","2":"type-product","3":"status-publish","4":"has-post-thumbnail","6":"product_cat-dedais","7":"product_tag-animais","8":"product_tag-ceramica","9":"pa_ciudad-barcelona","10":"pa_motivo-salamandras","11":"pa_pais-espana","13":"first","14":"instock","15":"shipping-taxable","16":"product-type-simple"},"acf":[],"_links":{"self":[{"href":"https:\/\/olemosaic.com\/pt-pt\/wp-json\/wp\/v2\/product\/31532","targetHints":{"allow":["GET"]}}],"collection":[{"href":"https:\/\/olemosaic.com\/pt-pt\/wp-json\/wp\/v2\/product"}],"about":[{"href":"https:\/\/olemosaic.com\/pt-pt\/wp-json\/wp\/v2\/types\/product"}],"wp:featuredmedia":[{"embeddable":true,"href":"https:\/\/olemosaic.com\/pt-pt\/wp-json\/wp\/v2\/media\/8087"}],"wp:attachment":[{"href":"https:\/\/olemosaic.com\/pt-pt\/wp-json\/wp\/v2\/media?parent=31532"}],"wp:term":[{"taxonomy":"product_brand","embeddable":true,"href":"https:\/\/olemosaic.com\/pt-pt\/wp-json\/wp\/v2\/product_brand?post=31532"},{"taxonomy":"product_cat","embeddable":true,"href":"https:\/\/olemosaic.com\/pt-pt\/wp-json\/wp\/v2\/product_cat?post=31532"},{"taxonomy":"product_tag","embeddable":true,"href":"https:\/\/olemosaic.com\/pt-pt\/wp-json\/wp\/v2\/product_tag?post=31532"}],"curies":[{"name":"wp","href":"https:\/\/api.w.org\/{rel}","templated":true}]}}