{"id":31520,"date":"2025-02-20T23:31:39","date_gmt":"2025-02-20T22:31:39","guid":{"rendered":"http:\/\/olemosaic.com\/producto\/dedal-de-ceramica-valencia-blanco\/"},"modified":"2025-07-25T18:48:16","modified_gmt":"2025-07-25T16:48:16","slug":"dedal-de-ceramica-valencia-branco","status":"publish","type":"product","link":"https:\/\/olemosaic.com\/pt-pt\/produto\/dedal-de-ceramica-valencia-branco\/","title":{"rendered":"Dedal de cer\u00e2mica. Val\u00eancia. Branco"},"content":{"rendered":"<p>Este dedal de cer\u00e2mica, decorado com ilustra\u00e7\u00f5es representativas de Val\u00eancia, \u00e9 uma elegante e colorida recorda\u00e7\u00e3o que reflete a ess\u00eancia arquitet\u00f3nica desta magn\u00edfica cidade espanhola. Fabricado em cer\u00e2mica de alta qualidade, apresenta um acabamento branco que serve de tela perfeita para os vibrantes motivos pintados \u00e0 m\u00e3o. Entre os designs mais destacados encontram-se a emblem\u00e1tica Catedral de Val\u00eancia e a contempor\u00e2nea Cidade das Artes e das Ci\u00eancias, ambas representadas com finos detalhes que capturam a sua beleza e singularidade.<\/p>\n<p>Cada lado do dedal oferece uma vista distinta, permitindo aos seus propriet\u00e1rios apreciar a riqueza cultural e arquitet\u00f3nica de Val\u00eancia de diferentes \u00e2ngulos, o que o torna um objeto de cole\u00e7\u00e3o \u00fanico e pr\u00e1tico. Este dedal n\u00e3o \u00e9 apenas uma pe\u00e7a funcional para os amantes da arte de costurar, mas tamb\u00e9m um lembrete tang\u00edvel da hist\u00f3ria e do legado art\u00edstico de Val\u00eancia, tornando-o um souvenir ideal para quem deseja recordar a sua visita a esta vibrante cidade.<\/p>\n<p>Na Ol\u00e9 Mosaic, oferecemos dedais de cer\u00e2mica aut\u00eanticos e artesanais por grosso, perfeitos para lojas de presentes tur\u00edsticos que procuram souvenirs de qualidade e significado cultural. Este dedal de cer\u00e2mica \u00e9 uma excelente op\u00e7\u00e3o para quem procura uma recorda\u00e7\u00e3o representativa de Val\u00eancia que combine arte, funcionalidade e autenticidade.<\/p>\n","protected":false},"excerpt":{"rendered":"<p>Dedal de cer\u00e2mica branco, decorado com ilustra\u00e7\u00f5es representativas de Val\u00eancia. Este elegante e colorido dedal mostra motivos de edif\u00edcios emblem\u00e1ticos, como a Catedral de Val\u00eancia e a Cidade das Artes e das Ci\u00eancias, todo com design artesanal, pintado \u00e0 m\u00e3o, com detalhes vibrantes. \u00c9 perfeito tanto para colecionadores como para recordar uma viagem a esta bela cidade espanhola, pois \u00e9 um souvenir pr\u00e1tico que combina arte e funcionalidade.<\/p>\n","protected":false},"featured_media":9892,"template":"","meta":{"_acf_changed":false},"product_brand":[],"product_cat":[599],"product_tag":[515],"class_list":{"0":"post-31520","1":"product","2":"type-product","3":"status-publish","4":"has-post-thumbnail","6":"product_cat-dedais","7":"product_tag-ceramica","8":"pa_ciudad-valencia","9":"pa_pais-espana","11":"first","12":"instock","13":"shipping-taxable","14":"product-type-simple"},"acf":[],"_links":{"self":[{"href":"https:\/\/olemosaic.com\/pt-pt\/wp-json\/wp\/v2\/product\/31520","targetHints":{"allow":["GET"]}}],"collection":[{"href":"https:\/\/olemosaic.com\/pt-pt\/wp-json\/wp\/v2\/product"}],"about":[{"href":"https:\/\/olemosaic.com\/pt-pt\/wp-json\/wp\/v2\/types\/product"}],"wp:featuredmedia":[{"embeddable":true,"href":"https:\/\/olemosaic.com\/pt-pt\/wp-json\/wp\/v2\/media\/9892"}],"wp:attachment":[{"href":"https:\/\/olemosaic.com\/pt-pt\/wp-json\/wp\/v2\/media?parent=31520"}],"wp:term":[{"taxonomy":"product_brand","embeddable":true,"href":"https:\/\/olemosaic.com\/pt-pt\/wp-json\/wp\/v2\/product_brand?post=31520"},{"taxonomy":"product_cat","embeddable":true,"href":"https:\/\/olemosaic.com\/pt-pt\/wp-json\/wp\/v2\/product_cat?post=31520"},{"taxonomy":"product_tag","embeddable":true,"href":"https:\/\/olemosaic.com\/pt-pt\/wp-json\/wp\/v2\/product_tag?post=31520"}],"curies":[{"name":"wp","href":"https:\/\/api.w.org\/{rel}","templated":true}]}}