{"id":31519,"date":"2025-02-20T23:31:39","date_gmt":"2025-02-20T22:31:39","guid":{"rendered":"http:\/\/olemosaic.com\/producto\/dedal-de-ceramica-patio-blanco-2\/"},"modified":"2025-07-25T18:37:41","modified_gmt":"2025-07-25T16:37:41","slug":"dedal-de-ceramica-patio-branco-2","status":"publish","type":"product","link":"https:\/\/olemosaic.com\/pt-pt\/produto\/dedal-de-ceramica-patio-branco-2\/","title":{"rendered":"Dedal de cer\u00e2mica. P\u00e1tio andaluz. Branco"},"content":{"rendered":"<p>Este dedal de cer\u00e2mica decorado \u00e0 m\u00e3o \u00e9 uma aut\u00eantica joia que capta a ess\u00eancia vibrante do folclore espanhol, tornando-se um souvenir \u00fanico e elegante. O seu design, que ilustra uma bailarina de flamenco em pleno movimento, vestida com um caracter\u00edstico traje de bolinhas vermelhas, evoca a paix\u00e3o e a arte do flamenco, um dos s\u00edmbolos mais representativos da cultura andaluza. Rodeada por um elegante mosaico branco, a imagem da bailarina destaca-se com cores brilhantes que evocam a alegria e a energia dos p\u00e1tios andaluzes, onde a tradi\u00e7\u00e3o ganha vida.<\/p>\n<p>Este dedal n\u00e3o \u00e9 apenas um objeto decorativo, mas uma verdadeira homenagem \u00e0 rica heran\u00e7a cultural de Espanha, ideal para colecionadores e amantes do artesanato tradicional. A aten\u00e7\u00e3o ao detalhe no seu acabamento e o meticuloso trabalho de pintura fazem de cada pe\u00e7a uma obra de arte singular. Na Ol\u00e9 Mosaic, como grossista de souvenirs, orgulhamo-nos de oferecer produtos aut\u00eanticos que real\u00e7am a beleza do patrim\u00f3nio espanhol. Este dedal de cer\u00e2mica \u00e9, sem d\u00favida, uma excelente escolha para lojas de presentes tur\u00edsticos que procuram proporcionar aos seus clientes uma recorda\u00e7\u00e3o aut\u00eantica e significativa da sua visita a Espanha.<\/p>\n","protected":false},"excerpt":{"rendered":"<p>Dedal de cer\u00e2mica decorado com estilo artesanal, inspirado no vibrante folclore espanhol. O seu design mostra uma bailarina de flamenco em pleno movimento, vestida com um traje de bolinhas vermelhas e rodeada por um elegante mosaico branco. Este dedal evoca a ess\u00eancia dos p\u00e1tios andaluzes, com detalhes que lhe conferem um toque cultural \u00fanico. Uma pe\u00e7a ideal para colecionadores e amantes do artesanato tradicional espanhol.<\/p>\n","protected":false},"featured_media":8425,"template":"","meta":{"_acf_changed":false},"product_brand":[],"product_cat":[599],"product_tag":[515],"class_list":{"0":"post-31519","1":"product","2":"type-product","3":"status-publish","4":"has-post-thumbnail","6":"product_cat-dedais","7":"product_tag-ceramica","8":"pa_motivo-patios","10":"first","11":"instock","12":"shipping-taxable","13":"product-type-simple"},"acf":[],"_links":{"self":[{"href":"https:\/\/olemosaic.com\/pt-pt\/wp-json\/wp\/v2\/product\/31519","targetHints":{"allow":["GET"]}}],"collection":[{"href":"https:\/\/olemosaic.com\/pt-pt\/wp-json\/wp\/v2\/product"}],"about":[{"href":"https:\/\/olemosaic.com\/pt-pt\/wp-json\/wp\/v2\/types\/product"}],"wp:featuredmedia":[{"embeddable":true,"href":"https:\/\/olemosaic.com\/pt-pt\/wp-json\/wp\/v2\/media\/8425"}],"wp:attachment":[{"href":"https:\/\/olemosaic.com\/pt-pt\/wp-json\/wp\/v2\/media?parent=31519"}],"wp:term":[{"taxonomy":"product_brand","embeddable":true,"href":"https:\/\/olemosaic.com\/pt-pt\/wp-json\/wp\/v2\/product_brand?post=31519"},{"taxonomy":"product_cat","embeddable":true,"href":"https:\/\/olemosaic.com\/pt-pt\/wp-json\/wp\/v2\/product_cat?post=31519"},{"taxonomy":"product_tag","embeddable":true,"href":"https:\/\/olemosaic.com\/pt-pt\/wp-json\/wp\/v2\/product_tag?post=31519"}],"curies":[{"name":"wp","href":"https:\/\/api.w.org\/{rel}","templated":true}]}}