{"id":31517,"date":"2025-02-20T23:31:39","date_gmt":"2025-02-20T22:31:39","guid":{"rendered":"http:\/\/olemosaic.com\/producto\/dedal-de-ceramica-patio-blanco\/"},"modified":"2025-07-25T18:37:41","modified_gmt":"2025-07-25T16:37:41","slug":"dedal-de-ceramica-patio-branco","status":"publish","type":"product","link":"https:\/\/olemosaic.com\/pt-pt\/produto\/dedal-de-ceramica-patio-branco\/","title":{"rendered":"Dedal de cer\u00e2mica. P\u00e1tio. Branco"},"content":{"rendered":"<p>Este dedal de cer\u00e2mica decorado \u00e0 m\u00e3o \u00e9 uma aut\u00eantica recorda\u00e7\u00e3o de Espanha, ideal para quem deseja rememorar a vibrante ess\u00eancia da cultura andaluza. Com um design que capta a energia de um p\u00e1tio t\u00edpico espanhol, este delicado dedal branco est\u00e1 adornado com a imagem de uma bailarina de flamenco, vestida com um chamativo vestido vermelho de bolinhas, que real\u00e7a a paix\u00e3o e a alegria da arte flamenca. A bailarina, pintada com grande detalhe, parece ganhar vida, com a sua postura elegante e movimentos que evocam o ritmo da m\u00fasica espanhola.<\/p>\n<p>Al\u00e9m disso, o dedal inclui a palavra &#8220;Espa\u00f1a&#8221;, o que acentua o seu significado como recorda\u00e7\u00e3o cultural representativa. Cada pe\u00e7a \u00e9 uma pequena obra de arte, reflexo da tradi\u00e7\u00e3o artesanal da cer\u00e2mica espanhola, famosa pela sua qualidade e est\u00e9tica. Este dedal n\u00e3o s\u00f3 \u00e9 perfeito para quem coleciona recorda\u00e7\u00f5es de Espanha, como tamb\u00e9m \u00e9 uma excelente op\u00e7\u00e3o para lojas que procuram produtos aut\u00eanticos e atrativos. Na Ol\u00e9 Mosaic, como distribuidores de dedais por grosso, oferecemos esta pe\u00e7a \u00fanica que se destaca pela sua relev\u00e2ncia cultural e pela sua capacidade de transportar os turistas para as coloridas ruas andaluzas.<\/p>\n","protected":false},"excerpt":{"rendered":"<p>Dedal de cer\u00e2mica decorado com estilo artesanal, que representa uma vibrante cena de um p\u00e1tio andaluz. Este detalhado dedal branco mostra uma bailarina de flamenco com um vestido vermelho de bolinhas, combinando elementos culturais com um acabamento brilhante. No seu design est\u00e1 inclu\u00edda a palavra &#8220;Espa\u00f1a&#8221;, capturando a ess\u00eancia do folclore espanhol. Ideal para colecionadores ou como recorda\u00e7\u00e3o, cada pe\u00e7a reflete a arte tradicional da cer\u00e2mica espanhola.<\/p>\n","protected":false},"featured_media":8505,"template":"","meta":{"_acf_changed":false},"product_brand":[],"product_cat":[599],"product_tag":[515],"class_list":{"0":"post-31517","1":"product","2":"type-product","3":"status-publish","4":"has-post-thumbnail","6":"product_cat-dedais","7":"product_tag-ceramica","8":"pa_motivo-patios","10":"first","11":"instock","12":"shipping-taxable","13":"product-type-simple"},"acf":[],"_links":{"self":[{"href":"https:\/\/olemosaic.com\/pt-pt\/wp-json\/wp\/v2\/product\/31517","targetHints":{"allow":["GET"]}}],"collection":[{"href":"https:\/\/olemosaic.com\/pt-pt\/wp-json\/wp\/v2\/product"}],"about":[{"href":"https:\/\/olemosaic.com\/pt-pt\/wp-json\/wp\/v2\/types\/product"}],"wp:featuredmedia":[{"embeddable":true,"href":"https:\/\/olemosaic.com\/pt-pt\/wp-json\/wp\/v2\/media\/8505"}],"wp:attachment":[{"href":"https:\/\/olemosaic.com\/pt-pt\/wp-json\/wp\/v2\/media?parent=31517"}],"wp:term":[{"taxonomy":"product_brand","embeddable":true,"href":"https:\/\/olemosaic.com\/pt-pt\/wp-json\/wp\/v2\/product_brand?post=31517"},{"taxonomy":"product_cat","embeddable":true,"href":"https:\/\/olemosaic.com\/pt-pt\/wp-json\/wp\/v2\/product_cat?post=31517"},{"taxonomy":"product_tag","embeddable":true,"href":"https:\/\/olemosaic.com\/pt-pt\/wp-json\/wp\/v2\/product_tag?post=31517"}],"curies":[{"name":"wp","href":"https:\/\/api.w.org\/{rel}","templated":true}]}}