{"id":31491,"date":"2025-02-20T22:31:39","date_gmt":"2025-02-20T22:31:39","guid":{"rendered":"http:\/\/olemosaic.com\/producto\/dedal-de-ceramica-ronda-blanco\/"},"modified":"2025-07-25T18:35:27","modified_gmt":"2025-07-25T16:35:27","slug":"dedal-de-ceramica-ronda-branco","status":"publish","type":"product","link":"https:\/\/olemosaic.com\/pt-pt\/produto\/dedal-de-ceramica-ronda-branco\/","title":{"rendered":"Dedal de cer\u00e2mica. Ronda. Branco"},"content":{"rendered":"<p>Este dedal de cer\u00e2mica de Ronda \u00e9 uma aut\u00eantica joia que capta a ess\u00eancia desta encantadora cidade andaluza. Fabricado em cer\u00e2mica de alta qualidade e adornado com um design vibrante de cores intensas, este dedal apresenta um elaborado mosaico que evoca a ic\u00f3nica Ponte Nova, uma das maravilhas arquitet\u00f3nicas de Ronda. Os tons de vermelho, verde e amarelo destacam-se sobre o fundo branco, criando um contraste visual que o torna uma pe\u00e7a t\u00e3o decorativa como funcional. A palavra &#8220;Ronda&#8221; est\u00e1 elegantemente impressa, acrescentando um toque distintivo que real\u00e7a a sua origem.<\/p>\n<p>Este dedal n\u00e3o s\u00f3 \u00e9 um acess\u00f3rio pr\u00e1tico para os amantes da costura, como tamb\u00e9m uma recorda\u00e7\u00e3o preciosa que celebra o rico patrim\u00f3nio cultural de Ronda. O seu design \u00fanico e a sua liga\u00e7\u00e3o a uma das cidades mais emblem\u00e1ticas da Andaluzia tornam-no um presente excelente para turistas e colecionadores. Na Ol\u00e9 Mosaic, somos especialistas na distribui\u00e7\u00e3o de recorda\u00e7\u00f5es por grosso, e este dedal de cer\u00e2mica \u00e9 uma op\u00e7\u00e3o ideal para lojas de presentes tur\u00edsticos que procuram oferecer artigos aut\u00eanticos e de alta qualidade. \u00c9 mais do que uma recorda\u00e7\u00e3o de Ronda, \u00e9 uma recorda\u00e7\u00e3o cl\u00e1ssica andaluza que evoca a beleza e a hist\u00f3ria desta fascinante regi\u00e3o.<\/p>\n","protected":false},"excerpt":{"rendered":"<p>Dedal de cer\u00e2mica branco, decorado com um design vibrante inspirado em Ronda. Este delicado dedal apresenta um motivo de mosaico que evoca a famosa Ponte Nova e as paisagens andaluzas, com cores brilhantes como o vermelho, verde e amarelo que se destacam sobre o fundo branco. A palavra &#8220;Ronda&#8221; est\u00e1 impressa, acrescentando um toque distintivo. Perfeito para colecionadores e amantes da cer\u00e2mica andaluza, este dedal \u00e9 uma amostra do rico patrim\u00f3nio cultural da regi\u00e3o.<\/p>\n","protected":false},"featured_media":9996,"template":"","meta":{"_acf_changed":false},"product_brand":[],"product_cat":[599],"product_tag":[515],"class_list":{"0":"post-31491","1":"product","2":"type-product","3":"status-publish","4":"has-post-thumbnail","6":"product_cat-dedais","7":"product_tag-ceramica","8":"pa_ciudad-ronda","9":"pa_pais-espana","11":"first","12":"instock","13":"shipping-taxable","14":"product-type-simple"},"acf":[],"_links":{"self":[{"href":"https:\/\/olemosaic.com\/pt-pt\/wp-json\/wp\/v2\/product\/31491","targetHints":{"allow":["GET"]}}],"collection":[{"href":"https:\/\/olemosaic.com\/pt-pt\/wp-json\/wp\/v2\/product"}],"about":[{"href":"https:\/\/olemosaic.com\/pt-pt\/wp-json\/wp\/v2\/types\/product"}],"wp:featuredmedia":[{"embeddable":true,"href":"https:\/\/olemosaic.com\/pt-pt\/wp-json\/wp\/v2\/media\/9996"}],"wp:attachment":[{"href":"https:\/\/olemosaic.com\/pt-pt\/wp-json\/wp\/v2\/media?parent=31491"}],"wp:term":[{"taxonomy":"product_brand","embeddable":true,"href":"https:\/\/olemosaic.com\/pt-pt\/wp-json\/wp\/v2\/product_brand?post=31491"},{"taxonomy":"product_cat","embeddable":true,"href":"https:\/\/olemosaic.com\/pt-pt\/wp-json\/wp\/v2\/product_cat?post=31491"},{"taxonomy":"product_tag","embeddable":true,"href":"https:\/\/olemosaic.com\/pt-pt\/wp-json\/wp\/v2\/product_tag?post=31491"}],"curies":[{"name":"wp","href":"https:\/\/api.w.org\/{rel}","templated":true}]}}