{"id":31463,"date":"2025-02-20T23:31:37","date_gmt":"2025-02-20T22:31:37","guid":{"rendered":"http:\/\/olemosaic.com\/producto\/cucharon-de-ceramica-barcelona-blanco\/"},"modified":"2025-07-25T19:10:47","modified_gmt":"2025-07-25T17:10:47","slug":"concha-de-ceramica-barcelona-branco","status":"publish","type":"product","link":"https:\/\/olemosaic.com\/pt-pt\/produto\/concha-de-ceramica-barcelona-branco\/","title":{"rendered":"Concha de cer\u00e2mica. Barcelona. Branco"},"content":{"rendered":"<p>Esta concha de cer\u00e2mica \u00e9 uma recorda\u00e7\u00e3o pr\u00e1tica que captura a vitalidade e singularidade de Barcelona. O seu design branco real\u00e7a a vibrante ilustra\u00e7\u00e3o da Sagrada Fam\u00edlia, obra-prima do arquiteto Antoni Gaud\u00ed, conhecida pela sua impressionante arquitetura modernista. Pintada \u00e0 m\u00e3o, a concha apresenta motivos detalhados em tons luminosos de vermelho, amarelo e verde, evocando a energia e o colorido que caracterizam a cidade. A inscri\u00e7\u00e3o &#8220;Barcelona&#8221; adiciona um toque pessoal, transformando este utens\u00edlio de cozinha numa recorda\u00e7\u00e3o significativa, ideal para os amantes da gastronomia e da cultura catal\u00e3.<\/p>\n<p>Com a sua forma elegante e acabamentos cuidados, esta concha n\u00e3o \u00e9 apenas funcional, mas tamb\u00e9m uma amostra da rica tradi\u00e7\u00e3o artesanal da regi\u00e3o. Perfeita para decorar a cozinha ou para uso di\u00e1rio, representa a fus\u00e3o de arte e utilidade. Ao escolher esta concha de cer\u00e2mica como recorda\u00e7\u00e3o, os turistas n\u00e3o s\u00f3 adquirem um objeto pr\u00e1tico, mas uma parte da alma de Barcelona, tornando-a um presente memor\u00e1vel. Na Ol\u00e9 Mosaic, especializamo-nos na distribui\u00e7\u00e3o de recorda\u00e7\u00f5es por grosso, oferecendo produtos aut\u00eanticos que capturam a ess\u00eancia cultural de cada regi\u00e3o. Esta concha \u00e9 uma excelente op\u00e7\u00e3o para lojas de presentes tur\u00edsticos que procuram artigos que reflitam a heran\u00e7a e o calor da cultura catal\u00e3.<\/p>\n","protected":false},"excerpt":{"rendered":"<p>Concha de cer\u00e2mica branca, decorada com uma vibrante ilustra\u00e7\u00e3o da Sagrada Fam\u00edlia e a colorida arquitetura de Barcelona. Este atraente utens\u00edlio de cozinha, de design artesanal e pintado \u00e0 m\u00e3o, destaca-se pelos seus motivos detalhados em tons de vermelho, amarelo e verde, que evocam a ess\u00eancia modernista da cidade. A inscri\u00e7\u00e3o &#8220;Barcelona&#8221; d\u00e1-lhe um toque pessoal, tornando-a um souvenir perfeito e pr\u00e1tico para os amantes da gastronomia e da cultura catal\u00e3s.<\/p>\n","protected":false},"featured_media":9508,"template":"","meta":{"_acf_changed":false},"product_brand":[],"product_cat":[804],"product_tag":[515],"class_list":{"0":"post-31463","1":"product","2":"type-product","3":"status-publish","4":"has-post-thumbnail","6":"product_cat-conchas","7":"product_tag-ceramica","8":"pa_ciudad-barcelona","9":"pa_pais-espana","11":"first","12":"instock","13":"shipping-taxable","14":"product-type-simple"},"acf":[],"_links":{"self":[{"href":"https:\/\/olemosaic.com\/pt-pt\/wp-json\/wp\/v2\/product\/31463","targetHints":{"allow":["GET"]}}],"collection":[{"href":"https:\/\/olemosaic.com\/pt-pt\/wp-json\/wp\/v2\/product"}],"about":[{"href":"https:\/\/olemosaic.com\/pt-pt\/wp-json\/wp\/v2\/types\/product"}],"wp:featuredmedia":[{"embeddable":true,"href":"https:\/\/olemosaic.com\/pt-pt\/wp-json\/wp\/v2\/media\/9508"}],"wp:attachment":[{"href":"https:\/\/olemosaic.com\/pt-pt\/wp-json\/wp\/v2\/media?parent=31463"}],"wp:term":[{"taxonomy":"product_brand","embeddable":true,"href":"https:\/\/olemosaic.com\/pt-pt\/wp-json\/wp\/v2\/product_brand?post=31463"},{"taxonomy":"product_cat","embeddable":true,"href":"https:\/\/olemosaic.com\/pt-pt\/wp-json\/wp\/v2\/product_cat?post=31463"},{"taxonomy":"product_tag","embeddable":true,"href":"https:\/\/olemosaic.com\/pt-pt\/wp-json\/wp\/v2\/product_tag?post=31463"}],"curies":[{"name":"wp","href":"https:\/\/api.w.org\/{rel}","templated":true}]}}