{"id":31451,"date":"2025-02-20T23:31:36","date_gmt":"2025-02-20T22:31:36","guid":{"rendered":"http:\/\/olemosaic.com\/producto\/cucharon-de-ceramica-flores-barcelona-blanco\/"},"modified":"2025-07-25T18:41:23","modified_gmt":"2025-07-25T16:41:23","slug":"concha-de-ceramica-flores-barcelona-branco","status":"publish","type":"product","link":"https:\/\/olemosaic.com\/pt-pt\/produto\/concha-de-ceramica-flores-barcelona-branco\/","title":{"rendered":"Concha de cer\u00e2mica. Flores. Barcelona. Branco"},"content":{"rendered":"<p>Esta concha de cer\u00e2mica \u00e9 um aut\u00eantico reflexo da riqueza cultural de Barcelona, concebida para ser funcional e decorativa. Com um delicado cor branca como tela, apresenta um vibrante design floral que captura a ess\u00eancia da flora local atrav\u00e9s de um mosaico em tons de vermelho, amarelo, azul e preto. Cada detalhe \u00e9 pintado \u00e0 m\u00e3o com uma minuciosidade excecional, o que torna cada concha uma obra de arte \u00fanica. A combina\u00e7\u00e3o de cores n\u00e3o s\u00f3 real\u00e7a o seu apelo visual, como evoca a frescura e vitalidade dos jardins da cidade. Esta concha n\u00e3o \u00e9 apenas um utens\u00edlio de cozinha, mas tamb\u00e9m um elemento decorativo que adiciona um toque art\u00edstico a qualquer lar, ideal para quem procura incorporar um estilo mediterr\u00e2nico e aut\u00eantico na sua cozinha.<\/p>\n<p>Como s\u00edmbolo da tradi\u00e7\u00e3o artesanal barcelonesa, esta concha torna-se uma bela recorda\u00e7\u00e3o que celebra a cultura local e o seu legado. Na Ol\u00e9 Mosaic, dedicamo-nos \u00e0 distribui\u00e7\u00e3o de souvenirs por grosso, oferecendo produtos que refletem a autenticidade e a arte das regi\u00f5es espanholas. Esta concha de cer\u00e2mica \u00e9 uma escolha excelente para lojas de presentes tur\u00edsticos que procuram oferecer aos seus clientes uma recorda\u00e7\u00e3o significativa e pr\u00e1tica da sua visita a Barcelona. Com o seu design atraente e relev\u00e2ncia cultural, esta concha floral \u00e9 um souvenir que se destaca pela sua beleza e pela sua liga\u00e7\u00e3o com a rica tradi\u00e7\u00e3o art\u00edstica da cidade.<\/p>\n","protected":false},"excerpt":{"rendered":"<p>Concha de cer\u00e2mica com um vibrante design floral, inspirado na rica tradi\u00e7\u00e3o barcelonesa. Esta pe\u00e7a, de uma delicada cor branca, apresenta um mosaico colorido em tons de vermelho, amarelo, azul e preto que evocam a frescura da flora local. Pintada com estilo artesanal com minuciosos detalhes, \u00e9 um elemento decorativo ideal para a cozinha, que adiciona um toque art\u00edstico e cultural a qualquer lar.<\/p>\n","protected":false},"featured_media":9074,"template":"","meta":{"_acf_changed":false},"product_brand":[],"product_cat":[804],"product_tag":[515],"class_list":{"0":"post-31451","1":"product","2":"type-product","3":"status-publish","4":"has-post-thumbnail","6":"product_cat-conchas","7":"product_tag-ceramica","8":"pa_ciudad-barcelona","9":"pa_motivo-flores","10":"pa_pais-espana","12":"first","13":"instock","14":"shipping-taxable","15":"product-type-simple"},"acf":[],"_links":{"self":[{"href":"https:\/\/olemosaic.com\/pt-pt\/wp-json\/wp\/v2\/product\/31451","targetHints":{"allow":["GET"]}}],"collection":[{"href":"https:\/\/olemosaic.com\/pt-pt\/wp-json\/wp\/v2\/product"}],"about":[{"href":"https:\/\/olemosaic.com\/pt-pt\/wp-json\/wp\/v2\/types\/product"}],"wp:featuredmedia":[{"embeddable":true,"href":"https:\/\/olemosaic.com\/pt-pt\/wp-json\/wp\/v2\/media\/9074"}],"wp:attachment":[{"href":"https:\/\/olemosaic.com\/pt-pt\/wp-json\/wp\/v2\/media?parent=31451"}],"wp:term":[{"taxonomy":"product_brand","embeddable":true,"href":"https:\/\/olemosaic.com\/pt-pt\/wp-json\/wp\/v2\/product_brand?post=31451"},{"taxonomy":"product_cat","embeddable":true,"href":"https:\/\/olemosaic.com\/pt-pt\/wp-json\/wp\/v2\/product_cat?post=31451"},{"taxonomy":"product_tag","embeddable":true,"href":"https:\/\/olemosaic.com\/pt-pt\/wp-json\/wp\/v2\/product_tag?post=31451"}],"curies":[{"name":"wp","href":"https:\/\/api.w.org\/{rel}","templated":true}]}}