{"id":31449,"date":"2025-02-20T22:31:36","date_gmt":"2025-02-20T22:31:36","guid":{"rendered":"http:\/\/olemosaic.com\/producto\/cucharon-de-ceramica-punt-de-trobada-barcelona-blanco\/"},"modified":"2025-07-25T19:08:32","modified_gmt":"2025-07-25T17:08:32","slug":"concha-de-ceramica-punt-de-trobada-barcelona-branco","status":"publish","type":"product","link":"https:\/\/olemosaic.com\/pt-pt\/produto\/concha-de-ceramica-punt-de-trobada-barcelona-branco\/","title":{"rendered":"Concha de cer\u00e2mica. Punt de trobada. Barcelona. Branco"},"content":{"rendered":"<p>Esta concha de cer\u00e2mica decorada \u00e9 uma pe\u00e7a excecional que captura a ess\u00eancia art\u00edstica de Barcelona, inspirada na obra de Gaud\u00ed. O seu design vibrante apresenta uma chamativa s\u00e9rie de mosaicos coloridos que evocam o famoso estilo modernista da cidade. Com um fundo branco brilhante, combinado com detalhes em preto, azul, vermelho, amarelo e verde, esta concha n\u00e3o \u00e9 apenas funcional, ideal para servir sopas ou guisados, mas tamb\u00e9m um aut\u00eantico elemento decorativo que confere um toque de modernidade a qualquer cozinha.<\/p>\n<p>A inscri\u00e7\u00e3o &#8220;Barcelona&#8221; na borda da concha n\u00e3o s\u00f3 refor\u00e7a a sua liga\u00e7\u00e3o com a cidade, como tamb\u00e9m a transforma num souvenir perfeito para aqueles que desejem levar um pedacinho da cultura catal\u00e3 para as suas casas. Este \u00fatil objeto \u00e9 uma clara representa\u00e7\u00e3o do legado art\u00edstico e cultural que Barcelona oferece, tornando-o um presente ideal para turistas que procuram recorda\u00e7\u00f5es genu\u00ednas.<\/p>\n<p>Na Ol\u00e9 Mosaic, especializamo-nos na distribui\u00e7\u00e3o de souvenirs por grosso, e esta concha de cer\u00e2mica decorativa \u00e9 uma excelente op\u00e7\u00e3o para lojas de presentes tur\u00edsticos que procuram produtos aut\u00eanticos e de qualidade. Como grossistas de artigos culturais, garantimos que cada pe\u00e7a reflete a riqueza do patrim\u00f3nio catal\u00e3o, tornando-a um imprescind\u00edvel para quem valoriza o artesanato e a cultura.<\/p>\n","protected":false},"excerpt":{"rendered":"<p>Concha de cer\u00e2mica decorada com uma chamativa s\u00e9rie de mosaicos coloridos, inspirada na obra de Gaud\u00ed, que evoca o esp\u00edrito art\u00edstico de Barcelona. Este utens\u00edlio, ideal para servir sopas ou guisados, apresenta um fundo branco brilhante com detalhes em preto, azul, vermelho, amarelo e verde, al\u00e9m da inscri\u00e7\u00e3o &#8220;Barcelona&#8221;. O seu design \u00fanico e vibrante confere um toque de modernidade e cultura a qualquer cozinha, sendo uma pe\u00e7a funcional e decorativa.<\/p>\n","protected":false},"featured_media":9146,"template":"","meta":{"_acf_changed":false},"product_brand":[],"product_cat":[804],"product_tag":[515],"class_list":{"0":"post-31449","1":"product","2":"type-product","3":"status-publish","4":"has-post-thumbnail","6":"product_cat-conchas","7":"product_tag-ceramica","8":"pa_ciudad-barcelona","9":"pa_motivo-punt-de-trobada","10":"pa_pais-espana","12":"first","13":"instock","14":"shipping-taxable","15":"product-type-simple"},"acf":[],"_links":{"self":[{"href":"https:\/\/olemosaic.com\/pt-pt\/wp-json\/wp\/v2\/product\/31449","targetHints":{"allow":["GET"]}}],"collection":[{"href":"https:\/\/olemosaic.com\/pt-pt\/wp-json\/wp\/v2\/product"}],"about":[{"href":"https:\/\/olemosaic.com\/pt-pt\/wp-json\/wp\/v2\/types\/product"}],"wp:featuredmedia":[{"embeddable":true,"href":"https:\/\/olemosaic.com\/pt-pt\/wp-json\/wp\/v2\/media\/9146"}],"wp:attachment":[{"href":"https:\/\/olemosaic.com\/pt-pt\/wp-json\/wp\/v2\/media?parent=31449"}],"wp:term":[{"taxonomy":"product_brand","embeddable":true,"href":"https:\/\/olemosaic.com\/pt-pt\/wp-json\/wp\/v2\/product_brand?post=31449"},{"taxonomy":"product_cat","embeddable":true,"href":"https:\/\/olemosaic.com\/pt-pt\/wp-json\/wp\/v2\/product_cat?post=31449"},{"taxonomy":"product_tag","embeddable":true,"href":"https:\/\/olemosaic.com\/pt-pt\/wp-json\/wp\/v2\/product_tag?post=31449"}],"curies":[{"name":"wp","href":"https:\/\/api.w.org\/{rel}","templated":true}]}}