{"id":31448,"date":"2025-02-20T23:31:36","date_gmt":"2025-02-20T22:31:36","guid":{"rendered":"http:\/\/olemosaic.com\/producto\/cucharon-de-ceramica-patio-madrid-blanco\/"},"modified":"2025-07-25T22:26:34","modified_gmt":"2025-07-25T20:26:34","slug":"concha-de-ceramica-patio-madrid-branco","status":"publish","type":"product","link":"https:\/\/olemosaic.com\/pt-pt\/produto\/concha-de-ceramica-patio-madrid-branco\/","title":{"rendered":"Concha de cer\u00e2mica. P\u00e1tio. Madrid. Branco"},"content":{"rendered":"<p>Esta concha de cer\u00e2mica decorada \u00e9 uma espl\u00eandida representa\u00e7\u00e3o do encanto dos p\u00e1tios madrilenos, ideal para quem procura um souvenir aut\u00eantico que capture a ess\u00eancia de Madrid. Fabricada em cer\u00e2mica de alta qualidade, a sua cor branca real\u00e7a as vibrantes ilustra\u00e7\u00f5es com efeito pintado \u00e0 m\u00e3o que adornam a sua superf\u00edcie. No design, observa-se uma bailarina de flamenco exibindo um impressionante vestido vermelho com folhos, enquanto um elegante bailarino complementa a cena. Ambas as personagens est\u00e3o rodeadas de chamativas flores vermelhas e candeeiros t\u00edpicos, s\u00edmbolos que evocam a vida alegre e colorida da capital espanhola.<\/p>\n<p>A concha n\u00e3o cumpre apenas uma fun\u00e7\u00e3o pr\u00e1tica na cozinha, mas tamb\u00e9m atua como uma pe\u00e7a decorativa que confere um toque de arte e tradi\u00e7\u00e3o a qualquer lar. Perfeita para souvenirs de Madrid, esta concha de cer\u00e2mica \u00e9 uma excelente op\u00e7\u00e3o para lojas de presentes tur\u00edsticos que procurem produtos \u00fanicos e representativos. Na Ol\u00e9 Mosaic, especializamo-nos na distribui\u00e7\u00e3o de cer\u00e2mica por grosso, oferecendo artigos aut\u00eanticos que celebram a rica heran\u00e7a cultural espanhola. Esta concha \u00e9 uma recorda\u00e7\u00e3o ideal que permite aos turistas levar um peda\u00e7o da vibrante cultura madrilena, tornando-se um objeto memor\u00e1vel que evoca os momentos vividos na bela cidade.<\/p>\n","protected":false},"excerpt":{"rendered":"<p>Concha de cer\u00e2mica decorada, inspirada nas vibrantes cenas de um p\u00e1tio madrileno. Esta preciosa concha branca apresenta ilustra\u00e7\u00f5es com efeito pintado \u00e0 m\u00e3o que representam uma bailarina de flamenco com vestido vermelho e um elegante bailarino, rodeados de flores vermelhas e candeeiros t\u00edpicos. O seu design atraente e colorido torna-a uma pe\u00e7a funcional e decorativa, ideal para adicionar um toque de arte e tradi\u00e7\u00e3o \u00e0 sua cozinha.<\/p>\n","protected":false},"featured_media":7972,"template":"","meta":{"_acf_changed":false},"product_brand":[],"product_cat":[804],"product_tag":[515],"class_list":{"0":"post-31448","1":"product","2":"type-product","3":"status-publish","4":"has-post-thumbnail","6":"product_cat-conchas","7":"product_tag-ceramica","8":"pa_ciudad-madrid","9":"pa_motivo-patios","10":"pa_pais-espana","12":"first","13":"instock","14":"shipping-taxable","15":"product-type-simple"},"acf":[],"_links":{"self":[{"href":"https:\/\/olemosaic.com\/pt-pt\/wp-json\/wp\/v2\/product\/31448","targetHints":{"allow":["GET"]}}],"collection":[{"href":"https:\/\/olemosaic.com\/pt-pt\/wp-json\/wp\/v2\/product"}],"about":[{"href":"https:\/\/olemosaic.com\/pt-pt\/wp-json\/wp\/v2\/types\/product"}],"wp:featuredmedia":[{"embeddable":true,"href":"https:\/\/olemosaic.com\/pt-pt\/wp-json\/wp\/v2\/media\/7972"}],"wp:attachment":[{"href":"https:\/\/olemosaic.com\/pt-pt\/wp-json\/wp\/v2\/media?parent=31448"}],"wp:term":[{"taxonomy":"product_brand","embeddable":true,"href":"https:\/\/olemosaic.com\/pt-pt\/wp-json\/wp\/v2\/product_brand?post=31448"},{"taxonomy":"product_cat","embeddable":true,"href":"https:\/\/olemosaic.com\/pt-pt\/wp-json\/wp\/v2\/product_cat?post=31448"},{"taxonomy":"product_tag","embeddable":true,"href":"https:\/\/olemosaic.com\/pt-pt\/wp-json\/wp\/v2\/product_tag?post=31448"}],"curies":[{"name":"wp","href":"https:\/\/api.w.org\/{rel}","templated":true}]}}