{"id":31445,"date":"2025-02-20T22:31:36","date_gmt":"2025-02-20T22:31:36","guid":{"rendered":"http:\/\/olemosaic.com\/producto\/cucharon-de-ceramica-valencia-blanco\/"},"modified":"2025-07-25T18:48:28","modified_gmt":"2025-07-25T16:48:28","slug":"concha-de-ceramica-valencia-branco","status":"publish","type":"product","link":"https:\/\/olemosaic.com\/pt-pt\/produto\/concha-de-ceramica-valencia-branco\/","title":{"rendered":"Concha de cer\u00e2mica. Val\u00eancia. Branco"},"content":{"rendered":"<p>Esta concha de cer\u00e2mica decorada \u00e9 uma recorda\u00e7\u00e3o sofisticada inspirada na vibrante cidade de Val\u00eancia, um destino emblem\u00e1tico do Mediterr\u00e2neo. O seu design colorido capta a ess\u00eancia arquitet\u00f3nica da regi\u00e3o, ilustrando monumentos ic\u00f3nicos como a Cidade das Artes e das Ci\u00eancias, que se destaca pelas suas formas futuristas e pela sua impressionante beleza. Os tons azuis e vermelhos, presentes no design, evocam o ambiente quente e festivo de Val\u00eancia, enquanto o elegante acabamento branco brilhante adiciona um toque moderno e atraente.<\/p>\n<p>Na parte frontal, a palavra &#8220;Val\u00eancia&#8221; \u00e9 apresentada em cores chamativas, atraindo a aten\u00e7\u00e3o e recordando o calor da cidade. Esta concha n\u00e3o \u00e9 apenas um utens\u00edlio pr\u00e1tico ideal para a cozinha, mas tamb\u00e9m serve como uma bela pe\u00e7a decorativa, perfeita para exibir em qualquer casa. Cada concha \u00e9 um tributo \u00e0 rica cultura valenciana, tornando-se uma recorda\u00e7\u00e3o significativa para quem deseja levar um peda\u00e7o de Espanha.<\/p>\n<p>Na Ol\u00e9 Mosaic, especializamo-nos na distribui\u00e7\u00e3o de recorda\u00e7\u00f5es por grosso, oferecendo souvenirs aut\u00eanticos que celebram a diversidade cultural de Espanha. Esta concha de cer\u00e2mica \u00e9 uma excelente op\u00e7\u00e3o para lojas de presentes tur\u00edsticos que procuram produtos de qualidade e relev\u00e2ncia cultural, tornando-se um imprescind\u00edvel na cole\u00e7\u00e3o de recorda\u00e7\u00f5es de Val\u00eancia.<\/p>\n","protected":false},"excerpt":{"rendered":"<p>Concha de cer\u00e2mica decorada, inspirada na vibrante cidade de Val\u00eancia. Esta elegante concha apresenta um design colorido que ilustra monumentos emblem\u00e1ticos encantadores, como a Cidade das Artes e das Ci\u00eancias, complementado com toques de azul e vermelho que evocam a beleza arquitet\u00f3nica da regi\u00e3o. A parte frontal exibe a palavra &#8220;Val\u00eancia&#8221; em cores chamativas, enquanto o seu acabamento branco brilhante lhe confere um toque moderno e atraente. Ideal tanto para usar na cozinha como para uma bonita recorda\u00e7\u00e3o.<\/p>\n","protected":false},"featured_media":9887,"template":"","meta":{"_acf_changed":false},"product_brand":[],"product_cat":[804],"product_tag":[515],"class_list":{"0":"post-31445","1":"product","2":"type-product","3":"status-publish","4":"has-post-thumbnail","6":"product_cat-conchas","7":"product_tag-ceramica","8":"pa_ciudad-valencia","9":"pa_pais-espana","11":"first","12":"instock","13":"shipping-taxable","14":"product-type-simple"},"acf":[],"_links":{"self":[{"href":"https:\/\/olemosaic.com\/pt-pt\/wp-json\/wp\/v2\/product\/31445","targetHints":{"allow":["GET"]}}],"collection":[{"href":"https:\/\/olemosaic.com\/pt-pt\/wp-json\/wp\/v2\/product"}],"about":[{"href":"https:\/\/olemosaic.com\/pt-pt\/wp-json\/wp\/v2\/types\/product"}],"wp:featuredmedia":[{"embeddable":true,"href":"https:\/\/olemosaic.com\/pt-pt\/wp-json\/wp\/v2\/media\/9887"}],"wp:attachment":[{"href":"https:\/\/olemosaic.com\/pt-pt\/wp-json\/wp\/v2\/media?parent=31445"}],"wp:term":[{"taxonomy":"product_brand","embeddable":true,"href":"https:\/\/olemosaic.com\/pt-pt\/wp-json\/wp\/v2\/product_brand?post=31445"},{"taxonomy":"product_cat","embeddable":true,"href":"https:\/\/olemosaic.com\/pt-pt\/wp-json\/wp\/v2\/product_cat?post=31445"},{"taxonomy":"product_tag","embeddable":true,"href":"https:\/\/olemosaic.com\/pt-pt\/wp-json\/wp\/v2\/product_tag?post=31445"}],"curies":[{"name":"wp","href":"https:\/\/api.w.org\/{rel}","templated":true}]}}