{"id":31443,"date":"2025-02-20T22:31:35","date_gmt":"2025-02-20T22:31:35","guid":{"rendered":"http:\/\/olemosaic.com\/producto\/cucharon-de-ceramica-mijas-blanco\/"},"modified":"2025-07-25T20:06:24","modified_gmt":"2025-07-25T18:06:24","slug":"concha-de-ceramica-mijas-branco","status":"publish","type":"product","link":"https:\/\/olemosaic.com\/pt-pt\/produto\/concha-de-ceramica-mijas-branco\/","title":{"rendered":"Concha de cer\u00e2mica. Mijas. Branco"},"content":{"rendered":"<p>Esta concha de cer\u00e2mica decorada \u00e9 uma magn\u00edfica recorda\u00e7\u00e3o de Mijas, uma pitoresca aldeia com encanto da Costa del Sol. A pe\u00e7a apresenta um design vibrante em branco, verde e vermelho, que capta a ess\u00eancia do folclore andaluz atrav\u00e9s dos seus meticulosos detalhes. No seu interior, destacam-se motivos emblem\u00e1ticos como a Pra\u00e7a de Touros, juntamente com palmeiras que evocam o clima quente e acolhedor da regi\u00e3o. O fundo branco real\u00e7a as ilustra\u00e7\u00f5es cheias de vida, enquanto os detalhes de mosaico conferem um toque de autenticidade que a torna n\u00e3o apenas um utens\u00edlio de cozinha, mas tamb\u00e9m um atraente elemento decorativo.<\/p>\n<p>Com um acabamento polido que garante a sua durabilidade e beleza, esta concha apresenta-se como um souvenir ideal para turistas que desejam levar consigo um pedacinho da cultura andaluza. A sua liga\u00e7\u00e3o com Mijas sublinha a sua relev\u00e2ncia como uma recorda\u00e7\u00e3o representativa da tradi\u00e7\u00e3o local, tornando-a uma excelente op\u00e7\u00e3o para quem procura algo mais do que um objeto funcional: \u00e9 um s\u00edmbolo do calor e da arte do lugar.<\/p>\n<p>Na Ol\u00e9 Mosaic especializamo-nos na distribui\u00e7\u00e3o de souvenirs por grosso, oferecendo pe\u00e7as aut\u00eanticas como esta concha de cer\u00e2mica, que real\u00e7am qualquer cozinha e adicionam um toque de hist\u00f3ria \u00e0 decora\u00e7\u00e3o da casa. Perfeito para lojas de presentes tur\u00edsticos, esta concha \u00e9 uma amostra da rica heran\u00e7a cultural de Mijas, assegurando que cada comprador leve consigo uma recorda\u00e7\u00e3o significativa da sua visita.<\/p>\n","protected":false},"excerpt":{"rendered":"<p>Concha de cer\u00e2mica decorada, inspirada na encantadora aldeia de Mijas. A pe\u00e7a apresenta um design vibrante em branco, verde e vermelho, que real\u00e7a motivos locais como a Pra\u00e7a de Touros e as palmeiras. Com detalhes de mosaico e um acabamento polido, esta concha torna-se um atraente souvenir que evoca a ess\u00eancia do folclore andaluz, ideal para qualquer cozinha ou como elemento decorativo.<\/p>\n","protected":false},"featured_media":10016,"template":"","meta":{"_acf_changed":false},"product_brand":[],"product_cat":[804],"product_tag":[516,515],"class_list":{"0":"post-31443","1":"product","2":"type-product","3":"status-publish","4":"has-post-thumbnail","6":"product_cat-conchas","7":"product_tag-animais","8":"product_tag-ceramica","9":"pa_ciudad-mijas","10":"pa_pais-espana","12":"first","13":"instock","14":"shipping-taxable","15":"product-type-simple"},"acf":[],"_links":{"self":[{"href":"https:\/\/olemosaic.com\/pt-pt\/wp-json\/wp\/v2\/product\/31443","targetHints":{"allow":["GET"]}}],"collection":[{"href":"https:\/\/olemosaic.com\/pt-pt\/wp-json\/wp\/v2\/product"}],"about":[{"href":"https:\/\/olemosaic.com\/pt-pt\/wp-json\/wp\/v2\/types\/product"}],"wp:featuredmedia":[{"embeddable":true,"href":"https:\/\/olemosaic.com\/pt-pt\/wp-json\/wp\/v2\/media\/10016"}],"wp:attachment":[{"href":"https:\/\/olemosaic.com\/pt-pt\/wp-json\/wp\/v2\/media?parent=31443"}],"wp:term":[{"taxonomy":"product_brand","embeddable":true,"href":"https:\/\/olemosaic.com\/pt-pt\/wp-json\/wp\/v2\/product_brand?post=31443"},{"taxonomy":"product_cat","embeddable":true,"href":"https:\/\/olemosaic.com\/pt-pt\/wp-json\/wp\/v2\/product_cat?post=31443"},{"taxonomy":"product_tag","embeddable":true,"href":"https:\/\/olemosaic.com\/pt-pt\/wp-json\/wp\/v2\/product_tag?post=31443"}],"curies":[{"name":"wp","href":"https:\/\/api.w.org\/{rel}","templated":true}]}}