{"id":31442,"date":"2025-02-20T23:31:35","date_gmt":"2025-02-20T22:31:35","guid":{"rendered":"http:\/\/olemosaic.com\/producto\/cucharon-de-ceramica-panoramica-barcelona-beige\/"},"modified":"2025-07-25T19:04:19","modified_gmt":"2025-07-25T17:04:19","slug":"concha-de-ceramica-panoramica-barcelona-bege","status":"publish","type":"product","link":"https:\/\/olemosaic.com\/pt-pt\/produto\/concha-de-ceramica-panoramica-barcelona-bege\/","title":{"rendered":"Concha de cer\u00e2mica. Panor\u00e2mica. Monumento a Colombo. Barcelona. Bege"},"content":{"rendered":"<p>Esta concha de cer\u00e2mica decorada \u00e9 uma recorda\u00e7\u00e3o requintada de Barcelona que capta a ess\u00eancia desta vibrante metr\u00f3pole. Com uma encantadora panor\u00e2mica em tons de bege e vermelho, este artigo apresenta uma ilustra\u00e7\u00e3o do emblem\u00e1tico Monumento a Colombo, rodeado de palmeiras e detalhes arquitet\u00f3nicos que evocam a rica hist\u00f3ria e a modernidade da cidade. Cada concha \u00e9 pintada \u00e0 m\u00e3o, o que garante que cada pe\u00e7a seja \u00fanica e reflita o artesanato da cultura catal\u00e3. A base da concha exibe uma s\u00e9rie de mosaicos estilizados que prestam homenagem \u00e0 famosa tradi\u00e7\u00e3o de design da cidade.<\/p>\n<p>Esta concha n\u00e3o \u00e9 apenas um acess\u00f3rio funcional para qualquer amante da cozinha, mas tamb\u00e9m \u00e9 um excelente elemento decorativo que permitir\u00e1 aos turistas recordar a sua visita a Barcelona. A sua autenticidade como recorda\u00e7\u00e3o tipicamente catal\u00e3 torna-a uma op\u00e7\u00e3o ideal para quem procura levar um peda\u00e7o da cidade para o seu lar. Na Ol\u00e9 Mosaic, reconhecemos a import\u00e2ncia de oferecer recorda\u00e7\u00f5es de cer\u00e2mica com valor cultural; esta concha \u00e9 uma escolha de destaque para lojas de presentes tur\u00edsticos que desejem oferecer produtos representativos de Barcelona. Como grossistas de cer\u00e2mica, garantimos que cada pe\u00e7a combina qualidade, eleg\u00e2ncia e liga\u00e7\u00e3o cultural, tornando-a um presente memor\u00e1vel e significativo.<\/p>\n","protected":false},"excerpt":{"rendered":"<p>Concha de cer\u00e2mica decorada com uma encantadora panor\u00e2mica de Barcelona em tons de bege e vermelho. Este artigo apresenta uma ilustra\u00e7\u00e3o do emblem\u00e1tico Monumento a Colombo, rodeado de palmeiras e detalhes arquitet\u00f3nicos t\u00edpicos da cidade. Pintada com estilo artesanal, cada pe\u00e7a reflete a ess\u00eancia da cultura catal\u00e3. Ideal como recorda\u00e7\u00e3o ou elemento decorativo para rememorar a visita a esta vibrante metr\u00f3pole. Perfeito para adicionar um toque distintivo \u00e0 cozinha.<\/p>\n","protected":false},"featured_media":7700,"template":"","meta":{"_acf_changed":false},"product_brand":[],"product_cat":[804],"product_tag":[515],"class_list":{"0":"post-31442","1":"product","2":"type-product","3":"status-publish","4":"has-post-thumbnail","6":"product_cat-conchas","7":"product_tag-ceramica","8":"pa_ciudad-barcelona","9":"pa_motivo-panoramas","10":"pa_pais-espana","12":"first","13":"instock","14":"shipping-taxable","15":"product-type-simple"},"acf":[],"_links":{"self":[{"href":"https:\/\/olemosaic.com\/pt-pt\/wp-json\/wp\/v2\/product\/31442","targetHints":{"allow":["GET"]}}],"collection":[{"href":"https:\/\/olemosaic.com\/pt-pt\/wp-json\/wp\/v2\/product"}],"about":[{"href":"https:\/\/olemosaic.com\/pt-pt\/wp-json\/wp\/v2\/types\/product"}],"wp:featuredmedia":[{"embeddable":true,"href":"https:\/\/olemosaic.com\/pt-pt\/wp-json\/wp\/v2\/media\/7700"}],"wp:attachment":[{"href":"https:\/\/olemosaic.com\/pt-pt\/wp-json\/wp\/v2\/media?parent=31442"}],"wp:term":[{"taxonomy":"product_brand","embeddable":true,"href":"https:\/\/olemosaic.com\/pt-pt\/wp-json\/wp\/v2\/product_brand?post=31442"},{"taxonomy":"product_cat","embeddable":true,"href":"https:\/\/olemosaic.com\/pt-pt\/wp-json\/wp\/v2\/product_cat?post=31442"},{"taxonomy":"product_tag","embeddable":true,"href":"https:\/\/olemosaic.com\/pt-pt\/wp-json\/wp\/v2\/product_tag?post=31442"}],"curies":[{"name":"wp","href":"https:\/\/api.w.org\/{rel}","templated":true}]}}