{"id":31410,"date":"2025-02-20T23:31:35","date_gmt":"2025-02-20T22:31:35","guid":{"rendered":"http:\/\/olemosaic.com\/producto\/cucharon-de-ceramica-salamandra-y-flores-barcelona-blanco-2\/"},"modified":"2025-07-25T18:49:28","modified_gmt":"2025-07-25T16:49:28","slug":"concha-de-ceramica-salamandra-e-flores-barcelona-branco-2","status":"publish","type":"product","link":"https:\/\/olemosaic.com\/pt-pt\/produto\/concha-de-ceramica-salamandra-e-flores-barcelona-branco-2\/","title":{"rendered":"Concha de cer\u00e2mica. Salamandra e flores. Gaud\u00ed. Barcelona. Branco"},"content":{"rendered":"<p>Esta concha de cer\u00e2mica decorada \u00e9 um exemplo de destaque da vibrante criatividade barcelonesa, ideal para quem procura um souvenir aut\u00eantico e cultural. Desenhada com esmero, este delicado utens\u00edlio de cozinha apresenta uma ilustra\u00e7\u00e3o com efeito pintado \u00e0 m\u00e3o que mostra uma colorida salamandra em vermelho, que simboliza a fauna mediterr\u00e2nica e a liga\u00e7\u00e3o com a obra de Antoni Gaud\u00ed. Rodeada de motivos florais tamb\u00e9m em tons vivos, cada detalhe desta concha evoca o famoso mosaico trencad\u00eds que adorna a arquitetura da cidade. O fundo branco sobre o qual se plasmam estes elementos n\u00e3o s\u00f3 real\u00e7a a riqueza das cores, como tamb\u00e9m confere um toque fresco e elegante \u00e0 pe\u00e7a.<\/p>\n<p>Com a palavra &#8220;Barcelona&#8221; impressa na parte inferior, esta concha \u00e9 tanto funcional como decorativa, servindo como uma recorda\u00e7\u00e3o perfeita do estilo \u00fanico e art\u00edstico da regi\u00e3o. Este souvenir \u00e9 uma excelente op\u00e7\u00e3o tanto para quem procura uma pe\u00e7a de cer\u00e2mica aut\u00eantica como para turistas que desejam levar para casa um peda\u00e7o da cultura catal\u00e3. Na Ol\u00e9 Mosaic, somos distribuidores de souvenirs de cer\u00e2mica por grosso, oferecendo produtos que refletem a identidade regional com qualidade e artesanato. Esta concha de cer\u00e2mica \u00e9 ideal para lojas de presentes tur\u00edsticos que procuram artigos distintivos e relevantes que realcem o encanto de Barcelona.<\/p>\n","protected":false},"excerpt":{"rendered":"<p>Concha de cer\u00e2mica decorada com uma salamandra e flores de cores vivas, que representa o vibrante estilo de Barcelona. Este delicado utens\u00edlio de cozinha apresenta um design artesanal, pintado \u00e0 m\u00e3o, que destaca uma salamandra vermelha, rodeada de motivos florais em tons alegres sobre um fundo branco. Com a inscri\u00e7\u00e3o &#8220;Barcelona&#8221;, \u00e9 uma pe\u00e7a funcional e decorativa que adiciona um toque art\u00edstico a qualquer casa, evocando o famoso mosaico de Gaud\u00ed.<\/p>\n","protected":false},"featured_media":8079,"template":"","meta":{"_acf_changed":false},"product_brand":[],"product_cat":[804],"product_tag":[516,515],"class_list":{"0":"post-31410","1":"product","2":"type-product","3":"status-publish","4":"has-post-thumbnail","6":"product_cat-conchas","7":"product_tag-animais","8":"product_tag-ceramica","9":"pa_ciudad-barcelona","10":"pa_motivo-salamandras","11":"pa_pais-espana","13":"first","14":"instock","15":"shipping-taxable","16":"product-type-simple"},"acf":[],"_links":{"self":[{"href":"https:\/\/olemosaic.com\/pt-pt\/wp-json\/wp\/v2\/product\/31410","targetHints":{"allow":["GET"]}}],"collection":[{"href":"https:\/\/olemosaic.com\/pt-pt\/wp-json\/wp\/v2\/product"}],"about":[{"href":"https:\/\/olemosaic.com\/pt-pt\/wp-json\/wp\/v2\/types\/product"}],"wp:featuredmedia":[{"embeddable":true,"href":"https:\/\/olemosaic.com\/pt-pt\/wp-json\/wp\/v2\/media\/8079"}],"wp:attachment":[{"href":"https:\/\/olemosaic.com\/pt-pt\/wp-json\/wp\/v2\/media?parent=31410"}],"wp:term":[{"taxonomy":"product_brand","embeddable":true,"href":"https:\/\/olemosaic.com\/pt-pt\/wp-json\/wp\/v2\/product_brand?post=31410"},{"taxonomy":"product_cat","embeddable":true,"href":"https:\/\/olemosaic.com\/pt-pt\/wp-json\/wp\/v2\/product_cat?post=31410"},{"taxonomy":"product_tag","embeddable":true,"href":"https:\/\/olemosaic.com\/pt-pt\/wp-json\/wp\/v2\/product_tag?post=31410"}],"curies":[{"name":"wp","href":"https:\/\/api.w.org\/{rel}","templated":true}]}}