{"id":31409,"date":"2025-02-20T23:31:35","date_gmt":"2025-02-20T22:31:35","guid":{"rendered":"http:\/\/olemosaic.com\/producto\/cucharon-de-ceramica-salamandra-y-flores-barcelona-blanco\/"},"modified":"2025-07-25T20:03:24","modified_gmt":"2025-07-25T18:03:24","slug":"concha-de-ceramica-salamandra-e-flores-barcelona-branco","status":"publish","type":"product","link":"https:\/\/olemosaic.com\/pt-pt\/produto\/concha-de-ceramica-salamandra-e-flores-barcelona-branco\/","title":{"rendered":"Concha de cer\u00e2mica. Salamandra e flores. Barcelona. Branco"},"content":{"rendered":"<p>Esta concha de cer\u00e2mica decorada \u00e9 um aut\u00eantico e vibrante reflexo da ess\u00eancia art\u00edstica de Barcelona. Com um design que evoca o famoso trencad\u00eds, este utens\u00edlio apresenta uma base branca adornada com coloridas ilustra\u00e7\u00f5es de salamandras e flores que conferem um toque festivo e alegre a qualquer mesa. A paleta de cores inclui vermelhos, verdes e amarelos intensos, que se destacam pelo seu brilho e s\u00e3o ideais para atrair os olhares de comensais e visitantes.<\/p>\n<p>O texto &#8220;Barcelona&#8221; est\u00e1 cuidadosamente impresso na parte inferior da concha, enfatizando o v\u00ednculo cultural desta pe\u00e7a com efeito pintado \u00e0 m\u00e3o, que captura a vivacidade e a criatividade da capital catal\u00e3. N\u00e3o \u00e9 apenas um utens\u00edlio funcional, mas tamb\u00e9m uma representa\u00e7\u00e3o en\u00e9rgica da cultura local, perfeita para quem procura recorda\u00e7\u00f5es aut\u00eanticas e significativas da sua viagem. Esta concha \u00e9 uma op\u00e7\u00e3o ideal tanto para o uso di\u00e1rio na cozinha como para exibir como uma recorda\u00e7\u00e3o atraente na estante.<\/p>\n<p>Na Ol\u00e9 Mosaic, especializamo-nos na distribui\u00e7\u00e3o de souvenirs por grosso, oferecendo artigos que celebram a riqueza do patrim\u00f3nio espanhol, como esta concha de cer\u00e2mica que \u00e9 perfeita para lojas de presentes tur\u00edsticos que desejam oferecer produtos aut\u00eanticos e com car\u00e1ter cultural. Uma verdadeira joia que liga a arte e a tradi\u00e7\u00e3o, tornando-a uma excelente escolha para turistas e amantes da cultura.<\/p>\n","protected":false},"excerpt":{"rendered":"<p>Concha de cer\u00e2mica decorada com um vibrante design de salamandras e flores, que evoca a ess\u00eancia art\u00edstica de Barcelona. Este utens\u00edlio branco apresenta uma colorida ilustra\u00e7\u00e3o inspirada no trencad\u00eds, com tons de vermelho, verde e amarelo, que adicionam um toque festivo a qualquer mesa. O texto &#8220;Barcelona&#8221; encontra-se impresso, real\u00e7ando o v\u00ednculo cultural desta pe\u00e7a de design artesanal, pintada \u00e0 m\u00e3o, ideal para o uso di\u00e1rio ou como uma recorda\u00e7\u00e3o atraente.<\/p>\n","protected":false},"featured_media":8078,"template":"","meta":{"_acf_changed":false},"product_brand":[],"product_cat":[804],"product_tag":[516,515],"class_list":{"0":"post-31409","1":"product","2":"type-product","3":"status-publish","4":"has-post-thumbnail","6":"product_cat-conchas","7":"product_tag-animais","8":"product_tag-ceramica","9":"pa_ciudad-barcelona","10":"pa_motivo-salamandras","11":"pa_pais-espana","13":"first","14":"instock","15":"shipping-taxable","16":"product-type-simple"},"acf":[],"_links":{"self":[{"href":"https:\/\/olemosaic.com\/pt-pt\/wp-json\/wp\/v2\/product\/31409","targetHints":{"allow":["GET"]}}],"collection":[{"href":"https:\/\/olemosaic.com\/pt-pt\/wp-json\/wp\/v2\/product"}],"about":[{"href":"https:\/\/olemosaic.com\/pt-pt\/wp-json\/wp\/v2\/types\/product"}],"wp:featuredmedia":[{"embeddable":true,"href":"https:\/\/olemosaic.com\/pt-pt\/wp-json\/wp\/v2\/media\/8078"}],"wp:attachment":[{"href":"https:\/\/olemosaic.com\/pt-pt\/wp-json\/wp\/v2\/media?parent=31409"}],"wp:term":[{"taxonomy":"product_brand","embeddable":true,"href":"https:\/\/olemosaic.com\/pt-pt\/wp-json\/wp\/v2\/product_brand?post=31409"},{"taxonomy":"product_cat","embeddable":true,"href":"https:\/\/olemosaic.com\/pt-pt\/wp-json\/wp\/v2\/product_cat?post=31409"},{"taxonomy":"product_tag","embeddable":true,"href":"https:\/\/olemosaic.com\/pt-pt\/wp-json\/wp\/v2\/product_tag?post=31409"}],"curies":[{"name":"wp","href":"https:\/\/api.w.org\/{rel}","templated":true}]}}