{"id":31408,"date":"2025-02-20T23:31:35","date_gmt":"2025-02-20T22:31:35","guid":{"rendered":"http:\/\/olemosaic.com\/producto\/cucharon-de-ceramica-salamandra-y-flores-mallorca-blanco\/"},"modified":"2025-07-25T18:36:32","modified_gmt":"2025-07-25T16:36:32","slug":"concha-de-ceramica-salamandra-e-flores-maiorca-branco","status":"publish","type":"product","link":"https:\/\/olemosaic.com\/pt-pt\/produto\/concha-de-ceramica-salamandra-e-flores-maiorca-branco\/","title":{"rendered":"Concha de cer\u00e2mica. Salamandra e flores. Maiorca. Branco"},"content":{"rendered":"<p>Esta concha de cer\u00e2mica decorada \u00e9 um aut\u00eantico tesouro de Maiorca, ideal para quem procura recorda\u00e7\u00f5es aut\u00eanticas que representem a rica cultura espanhola. Com um belo design pintado \u00e0 m\u00e3o, esta concha apresenta um fundo branco que real\u00e7a as ilustra\u00e7\u00f5es vibrantes de salamandras e flores. As salamandras estilizadas, em tons de vermelho, amarelo e verde, d\u00e3o vida a esta pe\u00e7a, enquanto os detalhes florais em mosaico adicionam um toque de eleg\u00e2ncia e colorido que evocam as belas paisagens da ilha.<\/p>\n<p>Cada concha \u00e9 uma pe\u00e7a funcional que, al\u00e9m da sua utilidade na cozinha, se torna um elemento decorativo que pode embelezar qualquer casa. O seu design art\u00edstico e a qualidade da sua cer\u00e2mica refletem a mestria dos artes\u00e3os maiorquinos, transformando este objeto n\u00e3o apenas num utens\u00edlio, mas num s\u00edmbolo da heran\u00e7a cultural da regi\u00e3o. Esta recorda\u00e7\u00e3o de Maiorca \u00e9 uma excelente op\u00e7\u00e3o para os turistas que desejam levar um pedacinho da ilha e para as lojas de presentes tur\u00edsticos que procuram produtos aut\u00eanticos.<\/p>\n<p>Na Ol\u00e9 Mosaic, especializamo-nos na distribui\u00e7\u00e3o de recorda\u00e7\u00f5es por grosso, garantindo a qualidade e autenticidade de cada pe\u00e7a. Esta concha de cer\u00e2mica \u00e9 o presente perfeito para quem procura uma liga\u00e7\u00e3o com a tradi\u00e7\u00e3o e a arte local, representando uma op\u00e7\u00e3o ideal para colecionar ou oferecer.<\/p>\n","protected":false},"excerpt":{"rendered":"<p>Concha de cer\u00e2mica decorada com vibrantes salamandras e flores, que captura a ess\u00eancia de Maiorca. Este atraente utens\u00edlio de cozinha apresenta um design artesanal, pintado \u00e0 m\u00e3o, sobre um fundo branco que real\u00e7a a colorida ilustra\u00e7\u00e3o em tons de vermelho, amarelo e verde. As salamandras estilizadas combinam-se com um mosaico floral, criando uma pe\u00e7a funcional e decorativa ideal para qualquer casa. Um toque art\u00edstico e cultural para real\u00e7ar a sua cozinha.<\/p>\n","protected":false},"featured_media":8030,"template":"","meta":{"_acf_changed":false},"product_brand":[],"product_cat":[804],"product_tag":[516,515],"class_list":{"0":"post-31408","1":"product","2":"type-product","3":"status-publish","4":"has-post-thumbnail","6":"product_cat-conchas","7":"product_tag-animais","8":"product_tag-ceramica","9":"pa_ciudad-mallorca","10":"pa_motivo-salamandras","11":"pa_pais-espana","13":"first","14":"instock","15":"shipping-taxable","16":"product-type-simple"},"acf":[],"_links":{"self":[{"href":"https:\/\/olemosaic.com\/pt-pt\/wp-json\/wp\/v2\/product\/31408","targetHints":{"allow":["GET"]}}],"collection":[{"href":"https:\/\/olemosaic.com\/pt-pt\/wp-json\/wp\/v2\/product"}],"about":[{"href":"https:\/\/olemosaic.com\/pt-pt\/wp-json\/wp\/v2\/types\/product"}],"wp:featuredmedia":[{"embeddable":true,"href":"https:\/\/olemosaic.com\/pt-pt\/wp-json\/wp\/v2\/media\/8030"}],"wp:attachment":[{"href":"https:\/\/olemosaic.com\/pt-pt\/wp-json\/wp\/v2\/media?parent=31408"}],"wp:term":[{"taxonomy":"product_brand","embeddable":true,"href":"https:\/\/olemosaic.com\/pt-pt\/wp-json\/wp\/v2\/product_brand?post=31408"},{"taxonomy":"product_cat","embeddable":true,"href":"https:\/\/olemosaic.com\/pt-pt\/wp-json\/wp\/v2\/product_cat?post=31408"},{"taxonomy":"product_tag","embeddable":true,"href":"https:\/\/olemosaic.com\/pt-pt\/wp-json\/wp\/v2\/product_tag?post=31408"}],"curies":[{"name":"wp","href":"https:\/\/api.w.org\/{rel}","templated":true}]}}