{"id":31407,"date":"2025-02-20T23:31:34","date_gmt":"2025-02-20T22:31:34","guid":{"rendered":"http:\/\/olemosaic.com\/producto\/cucharon-de-ceramica-madrid-blanco-2\/"},"modified":"2025-07-25T18:36:37","modified_gmt":"2025-07-25T16:36:37","slug":"concha-de-ceramica-madrid-branco-2","status":"publish","type":"product","link":"https:\/\/olemosaic.com\/pt-pt\/produto\/concha-de-ceramica-madrid-branco-2\/","title":{"rendered":"Concha de cer\u00e2mica. Madrid. Branco."},"content":{"rendered":"<p>Esta concha de cer\u00e2mica decorada \u00e9 uma aut\u00eantica homenagem \u00e0 vibrante vida madrilena, tornando-se uma recorda\u00e7\u00e3o imprescind\u00edvel para quem visita a capital espanhola. O seu design pintado \u00e0 m\u00e3o apresenta uma ilustra\u00e7\u00e3o colorida que captura na perfei\u00e7\u00e3o alguns dos elementos mais emblem\u00e1ticos da cidade, como a ic\u00f3nica Puerta del Sol, juntamente com cenas quotidianas que refletem a ess\u00eancia da cultura madrilena. Os detalhes em tons de vermelho, verde e azul real\u00e7am-se sobre o fundo branco, enquanto a textura craquelada adiciona um toque de sofistica\u00e7\u00e3o e autenticidade, tornando-a um artigo decorativo de grande atrativo.<\/p>\n<p>Esta concha n\u00e3o s\u00f3 \u00e9 funcional, como tamb\u00e9m permite aos turistas levar um peda\u00e7o da rica hist\u00f3ria e tradi\u00e7\u00f5es de Madrid, atuando como uma recorda\u00e7\u00e3o art\u00edstica que celebra o esp\u00edrito da cidade. Ao adquirir este souvenir, os viajantes n\u00e3o s\u00f3 obt\u00eam um objeto \u00fatil, mas um fragmento cultural que enriquece a sua experi\u00eancia de viagem.<\/p>\n<p>Na Ol\u00e9 Mosaic, especializamo-nos na distribui\u00e7\u00e3o de souvenirs por grosso, oferecendo este tipo de produtos aut\u00eanticos e representativos. Esta concha de cer\u00e2mica \u00e9 uma excelente op\u00e7\u00e3o para lojas de presentes tur\u00edsticos que procuram artigos \u00fanicos e de qualidade que realcem a beleza e diversidade cultural de Madrid.<\/p>\n","protected":false},"excerpt":{"rendered":"<p>Concha de cer\u00e2mica decorada, inspirada na vibrante vida madrilena. Este objeto atraente apresenta uma ilustra\u00e7\u00e3o colorida que captura elementos emblem\u00e1ticos da cidade, como a Puerta del Sol e cenas quotidianas. Pintada com estilo artesanal, o design inclui detalhes em tons de vermelho, verde e azul, que contrastam com o fundo branco e a textura craquelada. Uma recorda\u00e7\u00e3o funcional que reflete a ess\u00eancia cultural de Madrid.<\/p>\n","protected":false},"featured_media":9954,"template":"","meta":{"_acf_changed":false},"product_brand":[],"product_cat":[804],"product_tag":[515],"class_list":{"0":"post-31407","1":"product","2":"type-product","3":"status-publish","4":"has-post-thumbnail","6":"product_cat-conchas","7":"product_tag-ceramica","8":"pa_ciudad-madrid","9":"pa_pais-espana","11":"first","12":"instock","13":"shipping-taxable","14":"product-type-simple"},"acf":[],"_links":{"self":[{"href":"https:\/\/olemosaic.com\/pt-pt\/wp-json\/wp\/v2\/product\/31407","targetHints":{"allow":["GET"]}}],"collection":[{"href":"https:\/\/olemosaic.com\/pt-pt\/wp-json\/wp\/v2\/product"}],"about":[{"href":"https:\/\/olemosaic.com\/pt-pt\/wp-json\/wp\/v2\/types\/product"}],"wp:featuredmedia":[{"embeddable":true,"href":"https:\/\/olemosaic.com\/pt-pt\/wp-json\/wp\/v2\/media\/9954"}],"wp:attachment":[{"href":"https:\/\/olemosaic.com\/pt-pt\/wp-json\/wp\/v2\/media?parent=31407"}],"wp:term":[{"taxonomy":"product_brand","embeddable":true,"href":"https:\/\/olemosaic.com\/pt-pt\/wp-json\/wp\/v2\/product_brand?post=31407"},{"taxonomy":"product_cat","embeddable":true,"href":"https:\/\/olemosaic.com\/pt-pt\/wp-json\/wp\/v2\/product_cat?post=31407"},{"taxonomy":"product_tag","embeddable":true,"href":"https:\/\/olemosaic.com\/pt-pt\/wp-json\/wp\/v2\/product_tag?post=31407"}],"curies":[{"name":"wp","href":"https:\/\/api.w.org\/{rel}","templated":true}]}}