{"id":31401,"date":"2025-02-20T23:31:34","date_gmt":"2025-02-20T22:31:34","guid":{"rendered":"http:\/\/olemosaic.com\/producto\/cucharon-de-ceramica-barcelona-azul\/"},"modified":"2025-07-25T20:37:16","modified_gmt":"2025-07-25T18:37:16","slug":"concha-de-ceramica-barcelona-azul","status":"publish","type":"product","link":"https:\/\/olemosaic.com\/pt-pt\/produto\/concha-de-ceramica-barcelona-azul\/","title":{"rendered":"Concha de cer\u00e2mica. Barcelona. Azul."},"content":{"rendered":"<p>Esta concha de cer\u00e2mica decorada \u00e9 uma aut\u00eantica homenagem \u00e0 emblem\u00e1tica arquitetura de Barcelona, uma pe\u00e7a essencial para qualquer amante da cultura catal\u00e3. Com um design vibrante em tons de azul, a concha destaca-se pela sua colorida ilustra\u00e7\u00e3o da famosa Sagrada Fam\u00edlia, rodeada de outros elementos distintivos que oferecem uma vis\u00e3o panor\u00e2mica da cidade. Cada tra\u00e7o e detalhe s\u00e3o meticulosamente pintados \u00e0 m\u00e3o, o que reflete a destreza artesanal t\u00edpica da regi\u00e3o e transforma este utens\u00edlio em algo mais do que um objeto funcional: \u00e9 uma pe\u00e7a decorativa que real\u00e7ar\u00e1 qualquer cozinha.<\/p>\n<p>O fundo azul intenso, salpicado de matizes que evocam o c\u00e9u mediterr\u00e2nico, contrasta de forma excecional com a vivacidade da Sagrada Fam\u00edlia, cuja obra arquitet\u00f3nica de Antoni Gaud\u00ed continua a fascinar milh\u00f5es de visitantes todos os anos. Esta concha representa a rica heran\u00e7a cultural de Barcelona e \u00e9 um souvenir ideal para quem deseja levar um peda\u00e7o da cidade para casa.<\/p>\n<p>Na Ol\u00e9 Mosaic, como distribuidores de souvenirs por grosso, oferecemos esta concha de cer\u00e2mica como uma op\u00e7\u00e3o \u00fanica para lojas de recorda\u00e7\u00f5es tur\u00edsticas. \u00c9 uma recorda\u00e7\u00e3o duradoura da beleza de Barcelona, al\u00e9m de um presente perfeito para quem procura autenticidade e relev\u00e2ncia cultural nas suas lembran\u00e7as. Com esta concha, os turistas poder\u00e3o sentir a tradi\u00e7\u00e3o e a artesania da regi\u00e3o na sua pr\u00f3pria cozinha.<\/p>\n","protected":false},"excerpt":{"rendered":"<p>Concha de cer\u00e2mica decorada, inspirada na emblem\u00e1tica arquitetura de Barcelona. Esta atraente concha apresenta um vibrante design em tons de azul, com uma colorida representa\u00e7\u00e3o da Sagrada Fam\u00edlia e outros elementos distintivos da cidade. O acabamento em cer\u00e2mica de design artesanal, pintado \u00e0 m\u00e3o, e os detalhes art\u00edsticos fazem deste utens\u00edlio n\u00e3o s\u00f3 algo funcional, mas tamb\u00e9m uma pe\u00e7a decorativa que evoca a arte e a cultura catal\u00e3 na sua cozinha. Ideal como recorda\u00e7\u00e3o ou presente.<\/p>\n","protected":false},"featured_media":12099,"template":"","meta":{"_acf_changed":false},"product_brand":[],"product_cat":[804],"product_tag":[515],"class_list":{"0":"post-31401","1":"product","2":"type-product","3":"status-publish","4":"has-post-thumbnail","6":"product_cat-conchas","7":"product_tag-ceramica","8":"pa_ciudad-barcelona","9":"pa_pais-espana","11":"first","12":"instock","13":"shipping-taxable","14":"product-type-simple"},"acf":[],"_links":{"self":[{"href":"https:\/\/olemosaic.com\/pt-pt\/wp-json\/wp\/v2\/product\/31401","targetHints":{"allow":["GET"]}}],"collection":[{"href":"https:\/\/olemosaic.com\/pt-pt\/wp-json\/wp\/v2\/product"}],"about":[{"href":"https:\/\/olemosaic.com\/pt-pt\/wp-json\/wp\/v2\/types\/product"}],"wp:featuredmedia":[{"embeddable":true,"href":"https:\/\/olemosaic.com\/pt-pt\/wp-json\/wp\/v2\/media\/12099"}],"wp:attachment":[{"href":"https:\/\/olemosaic.com\/pt-pt\/wp-json\/wp\/v2\/media?parent=31401"}],"wp:term":[{"taxonomy":"product_brand","embeddable":true,"href":"https:\/\/olemosaic.com\/pt-pt\/wp-json\/wp\/v2\/product_brand?post=31401"},{"taxonomy":"product_cat","embeddable":true,"href":"https:\/\/olemosaic.com\/pt-pt\/wp-json\/wp\/v2\/product_cat?post=31401"},{"taxonomy":"product_tag","embeddable":true,"href":"https:\/\/olemosaic.com\/pt-pt\/wp-json\/wp\/v2\/product_tag?post=31401"}],"curies":[{"name":"wp","href":"https:\/\/api.w.org\/{rel}","templated":true}]}}