{"id":31400,"date":"2025-02-20T22:31:34","date_gmt":"2025-02-20T22:31:34","guid":{"rendered":"http:\/\/olemosaic.com\/producto\/cucharon-de-ceramica-malaga-blanco\/"},"modified":"2025-07-25T20:08:01","modified_gmt":"2025-07-25T18:08:01","slug":"concha-de-ceramica-malaga-branco","status":"publish","type":"product","link":"https:\/\/olemosaic.com\/pt-pt\/produto\/concha-de-ceramica-malaga-branco\/","title":{"rendered":"Concha de cer\u00e2mica. M\u00e1laga. Branco"},"content":{"rendered":"<p>Esta concha de cer\u00e2mica decorada \u00e9 um atraente souvenir de M\u00e1laga que funde funcionalidade e arte num mesmo objeto. O seu elegante design num branco radiante real\u00e7a a pitoresca ilustra\u00e7\u00e3o que capta a ess\u00eancia da vibrante paisagem urbana desta emblem\u00e1tica cidade andaluza. Na sua superf\u00edcie, os detalhes art\u00edsticos representam os caracter\u00edsticos edif\u00edcios de M\u00e1laga, adornados com um toque de verde que evoca os cuidados jardins que embelezam a cidade. A palavra &#8220;M\u00e1laga&#8221; aparece impressa em cores vibrantes, complementando o design e transformando esta concha numa verdadeira homenagem \u00e0 cultura local.<\/p>\n<p>Atrav\u00e9s do seu design, esta concha n\u00e3o s\u00f3 serve como um utens\u00edlio \u00fatil na cozinha, como tamb\u00e9m atua como uma requintada lembran\u00e7a da beleza de M\u00e1laga, o que a torna um souvenir ideal para aqueles que desejam levar consigo um pedacinho da Andaluzia. A cer\u00e2mica, um material de elabora\u00e7\u00e3o tradicional nesta regi\u00e3o, real\u00e7a a autenticidade desta pe\u00e7a, tornando-a uma op\u00e7\u00e3o perfeita para turistas que procuram recorda\u00e7\u00f5es representativas da sua experi\u00eancia em Espanha.<\/p>\n<p>Na Ol\u00e9 Mosaic, especializamo-nos na distribui\u00e7\u00e3o de souvenirs por grosso, oferecendo produtos aut\u00eanticos e de qualidade que destacam o patrim\u00f3nio cultural de cada regi\u00e3o. Esta concha de cer\u00e2mica \u00e9 uma excelente escolha para lojas de recorda\u00e7\u00f5es tur\u00edsticas que procuram artigos \u00fanicos que captem a ess\u00eancia de M\u00e1laga. Como grossista de souvenirs de cer\u00e2mica, garantimos que cada pe\u00e7a conte com um design e uma artesania excecionais, perfeitos para deleitar qualquer comprador.<\/p>\n","protected":false},"excerpt":{"rendered":"<p>Concha de cer\u00e2mica decorada com uma pitoresca ilustra\u00e7\u00e3o de M\u00e1laga que apresenta uma colorida paisagem urbana. Esta elegante concha branca exibe detalhes art\u00edsticos que destacam o emblem\u00e1tico centro da cidade, com os seus caracter\u00edsticos edif\u00edcios e um toque de verde que evoca os seus jardins. A palavra &#8220;M\u00e1laga&#8221; est\u00e1 impressa em cores vibrantes, complementando o design e transformando este objeto numa pe\u00e7a ideal como recorda\u00e7\u00e3o ou utens\u00edlio de cozinha decorativo.<\/p>\n","protected":false},"featured_media":10549,"template":"","meta":{"_acf_changed":false},"product_brand":[],"product_cat":[804],"product_tag":[515],"class_list":{"0":"post-31400","1":"product","2":"type-product","3":"status-publish","4":"has-post-thumbnail","6":"product_cat-conchas","7":"product_tag-ceramica","8":"pa_ciudad-malaga","9":"pa_pais-espana","11":"first","12":"instock","13":"shipping-taxable","14":"product-type-simple"},"acf":[],"_links":{"self":[{"href":"https:\/\/olemosaic.com\/pt-pt\/wp-json\/wp\/v2\/product\/31400","targetHints":{"allow":["GET"]}}],"collection":[{"href":"https:\/\/olemosaic.com\/pt-pt\/wp-json\/wp\/v2\/product"}],"about":[{"href":"https:\/\/olemosaic.com\/pt-pt\/wp-json\/wp\/v2\/types\/product"}],"wp:featuredmedia":[{"embeddable":true,"href":"https:\/\/olemosaic.com\/pt-pt\/wp-json\/wp\/v2\/media\/10549"}],"wp:attachment":[{"href":"https:\/\/olemosaic.com\/pt-pt\/wp-json\/wp\/v2\/media?parent=31400"}],"wp:term":[{"taxonomy":"product_brand","embeddable":true,"href":"https:\/\/olemosaic.com\/pt-pt\/wp-json\/wp\/v2\/product_brand?post=31400"},{"taxonomy":"product_cat","embeddable":true,"href":"https:\/\/olemosaic.com\/pt-pt\/wp-json\/wp\/v2\/product_cat?post=31400"},{"taxonomy":"product_tag","embeddable":true,"href":"https:\/\/olemosaic.com\/pt-pt\/wp-json\/wp\/v2\/product_tag?post=31400"}],"curies":[{"name":"wp","href":"https:\/\/api.w.org\/{rel}","templated":true}]}}