{"id":31399,"date":"2025-02-20T23:31:34","date_gmt":"2025-02-20T22:31:34","guid":{"rendered":"http:\/\/olemosaic.com\/producto\/cucharon-de-ceramica-mosaico-blanco\/"},"modified":"2025-07-25T18:36:36","modified_gmt":"2025-07-25T16:36:36","slug":"concha-de-ceramica-mosaico-branco","status":"publish","type":"product","link":"https:\/\/olemosaic.com\/pt-pt\/produto\/concha-de-ceramica-mosaico-branco\/","title":{"rendered":"Concha de cer\u00e2mica. Mosaico. Branco"},"content":{"rendered":"<p>Esta concha de cer\u00e2mica, decorada com vibrantes motivos de mosaico, \u00e9 uma joia que capta a ess\u00eancia da arte portuguesa. O seu design apresenta uma rica paleta de tons azuis, vermelhos e laranjas, entrela\u00e7ados em padr\u00f5es geom\u00e9tricos e florais que evocam a cer\u00e2mica tradicional de Portugal. Cada detalhe da concha foi cuidadosamente desenhado para conferir um toque colorido e elegante a qualquer cozinha, tornando-a um elemento funcional e decorativo ao mesmo tempo.<\/p>\n<p>O acabamento brilhante da cer\u00e2mica n\u00e3o s\u00f3 real\u00e7a as cores, como tamb\u00e9m facilita a sua limpeza, fazendo desta concha uma op\u00e7\u00e3o pr\u00e1tica para o uso di\u00e1rio. Ideal para servir sopas, guisados ou molhos, este utens\u00edlio n\u00e3o \u00e9 apenas um objeto de cozinha, mas uma aut\u00eantica recorda\u00e7\u00e3o cultural que evoca a rica hist\u00f3ria artesanal do pa\u00eds.<\/p>\n<p>Na Ol\u00e9 Mosaic, sabemos que esta concha de cer\u00e2mica \u00e9 o souvenir perfeito para turistas que procuram uma representa\u00e7\u00e3o aut\u00eantica de Portugal no seu lar. Como distribuidores de souvenirs por grosso, oferecemos este produto \u00fanico a lojas de recorda\u00e7\u00f5es tur\u00edsticas que valorizam a qualidade e a tradi\u00e7\u00e3o. Esta concha de mosaico n\u00e3o \u00e9 apenas um utens\u00edlio, mas uma pe\u00e7a que narra a hist\u00f3ria de uma arte ancestral, transformando a sua compra numa experi\u00eancia memor\u00e1vel.<\/p>\n","protected":false},"excerpt":{"rendered":"<p>Concha de cer\u00e2mica decorada com vibrantes motivos de mosaico em tons de azul, vermelho e laranja, ideal para dar um toque de cor \u00e0 sua cozinha. O seu design muito especial combina padr\u00f5es geom\u00e9tricos e florais, refletindo a rica tradi\u00e7\u00e3o artesanal portuguesa. Com um acabamento brilhante, esta concha n\u00e3o s\u00f3 \u00e9 funcional, como tamb\u00e9m \u00e9 uma pe\u00e7a decorativa que confere eleg\u00e2ncia a qualquer mesa.<\/p>\n","protected":false},"featured_media":9030,"template":"","meta":{"_acf_changed":false},"product_brand":[],"product_cat":[804],"product_tag":[515],"class_list":{"0":"post-31399","1":"product","2":"type-product","3":"status-publish","4":"has-post-thumbnail","6":"product_cat-conchas","7":"product_tag-ceramica","8":"pa_motivo-mosaico","10":"first","11":"instock","12":"shipping-taxable","13":"product-type-simple"},"acf":[],"_links":{"self":[{"href":"https:\/\/olemosaic.com\/pt-pt\/wp-json\/wp\/v2\/product\/31399","targetHints":{"allow":["GET"]}}],"collection":[{"href":"https:\/\/olemosaic.com\/pt-pt\/wp-json\/wp\/v2\/product"}],"about":[{"href":"https:\/\/olemosaic.com\/pt-pt\/wp-json\/wp\/v2\/types\/product"}],"wp:featuredmedia":[{"embeddable":true,"href":"https:\/\/olemosaic.com\/pt-pt\/wp-json\/wp\/v2\/media\/9030"}],"wp:attachment":[{"href":"https:\/\/olemosaic.com\/pt-pt\/wp-json\/wp\/v2\/media?parent=31399"}],"wp:term":[{"taxonomy":"product_brand","embeddable":true,"href":"https:\/\/olemosaic.com\/pt-pt\/wp-json\/wp\/v2\/product_brand?post=31399"},{"taxonomy":"product_cat","embeddable":true,"href":"https:\/\/olemosaic.com\/pt-pt\/wp-json\/wp\/v2\/product_cat?post=31399"},{"taxonomy":"product_tag","embeddable":true,"href":"https:\/\/olemosaic.com\/pt-pt\/wp-json\/wp\/v2\/product_tag?post=31399"}],"curies":[{"name":"wp","href":"https:\/\/api.w.org\/{rel}","templated":true}]}}