{"id":31397,"date":"2025-02-20T22:31:34","date_gmt":"2025-02-20T22:31:34","guid":{"rendered":"http:\/\/olemosaic.com\/producto\/cucharon-de-ceramica-toro-beige\/"},"modified":"2025-07-25T19:26:49","modified_gmt":"2025-07-25T17:26:49","slug":"concha-de-ceramica-touro-bege","status":"publish","type":"product","link":"https:\/\/olemosaic.com\/pt-pt\/produto\/concha-de-ceramica-touro-bege\/","title":{"rendered":"Concha de cer\u00e2mica. Touro. Bege"},"content":{"rendered":"<p>Esta concha de cer\u00e2mica, decorada com um design vibrante de touro, \u00e9 uma aut\u00eantica recorda\u00e7\u00e3o que representa o esp\u00edrito do folclore espanhol. A sua base bege, meticulosamente elaborada, \u00e9 adornada com uma chamativa paleta de cores em forma de mosaico que real\u00e7a a figura do touro, um s\u00edmbolo emblem\u00e1tico da cultura espanhola. Este design intrincado n\u00e3o s\u00f3 atrai o olhar, como tamb\u00e9m reflete a tradi\u00e7\u00e3o artesanal da cer\u00e2mica espanhola, conferindo um car\u00e1ter \u00fanico e aut\u00eantico ao objeto.<\/p>\n<p>Rodeando o touro, delicadas ilustra\u00e7\u00f5es de cravos vermelhos e motivos de folhas verdes real\u00e7am ainda mais o seu apelo visual, evocando a rica flora da pen\u00ednsula e a sua liga\u00e7\u00e3o com as festividades locais. Esta concha, al\u00e9m de ser funcional para a cozinha, ideal para servir pratos t\u00edpicos, atua como uma pe\u00e7a decorativa que real\u00e7a qualquer lar com um toque cultural.<\/p>\n<p>A Ol\u00e9 Mosaic orgulha-se de oferecer este tipo de recorda\u00e7\u00f5es aut\u00eanticas, perfeitas para turistas que procuram rememorar a sua passagem por Espanha. Esta concha de cer\u00e2mica representa a qualidade e o design artesanal dos nossos produtos, ideais para lojas de recorda\u00e7\u00f5es tur\u00edsticas que desejem oferecer aos seus clientes uma liga\u00e7\u00e3o genu\u00edna com a cultura espanhola. Como grossista de utens\u00edlios de cozinha, fornecemos artigos \u00fanicos que celebram a heran\u00e7a cultural de Espanha, transformando cada compra numa recorda\u00e7\u00e3o inesquec\u00edvel.<\/p>\n","protected":false},"excerpt":{"rendered":"<p>Concha de cer\u00e2mica decorada com um design vibrante de um touro, emblema do folclore espanhol. Este utens\u00edlio apresenta uma base bege adornada com cores vivas em forma de mosaico, que real\u00e7am a figura do touro, rodeado de delicadas ilustra\u00e7\u00f5es de cravos vermelhos e motivos de folhas verdes. Ideal como elemento decorativo ou para usar na cozinha, a concha destaca-se pelo seu estilo artesanal e pela sua detalhada pintura \u00e0 m\u00e3o, conferindo um toque cultural e aut\u00eantico a qualquer lar.<\/p>\n","protected":false},"featured_media":7005,"template":"","meta":{"_acf_changed":false},"product_brand":[],"product_cat":[804],"product_tag":[516,515],"class_list":{"0":"post-31397","1":"product","2":"type-product","3":"status-publish","4":"has-post-thumbnail","6":"product_cat-conchas","7":"product_tag-animais","8":"product_tag-ceramica","9":"pa_motivo-touros","11":"first","12":"instock","13":"shipping-taxable","14":"product-type-simple"},"acf":[],"_links":{"self":[{"href":"https:\/\/olemosaic.com\/pt-pt\/wp-json\/wp\/v2\/product\/31397","targetHints":{"allow":["GET"]}}],"collection":[{"href":"https:\/\/olemosaic.com\/pt-pt\/wp-json\/wp\/v2\/product"}],"about":[{"href":"https:\/\/olemosaic.com\/pt-pt\/wp-json\/wp\/v2\/types\/product"}],"wp:featuredmedia":[{"embeddable":true,"href":"https:\/\/olemosaic.com\/pt-pt\/wp-json\/wp\/v2\/media\/7005"}],"wp:attachment":[{"href":"https:\/\/olemosaic.com\/pt-pt\/wp-json\/wp\/v2\/media?parent=31397"}],"wp:term":[{"taxonomy":"product_brand","embeddable":true,"href":"https:\/\/olemosaic.com\/pt-pt\/wp-json\/wp\/v2\/product_brand?post=31397"},{"taxonomy":"product_cat","embeddable":true,"href":"https:\/\/olemosaic.com\/pt-pt\/wp-json\/wp\/v2\/product_cat?post=31397"},{"taxonomy":"product_tag","embeddable":true,"href":"https:\/\/olemosaic.com\/pt-pt\/wp-json\/wp\/v2\/product_tag?post=31397"}],"curies":[{"name":"wp","href":"https:\/\/api.w.org\/{rel}","templated":true}]}}