{"id":31376,"date":"2025-02-20T22:31:34","date_gmt":"2025-02-20T22:31:34","guid":{"rendered":"http:\/\/olemosaic.com\/producto\/cucharon-de-ceramica-salamandra-beige\/"},"modified":"2025-07-25T18:36:29","modified_gmt":"2025-07-25T16:36:29","slug":"concha-de-ceramica-salamandra-bege","status":"publish","type":"product","link":"https:\/\/olemosaic.com\/pt-pt\/produto\/concha-de-ceramica-salamandra-bege\/","title":{"rendered":"Concha de cer\u00e2mica. Salamandra. Bege"},"content":{"rendered":"<p>Esta concha de cer\u00e2mica, decorada com salamandras coloridas, \u00e9 um exemplo requintado da riqueza artesanal espanhola. Com um design elegante em tons bege, este utens\u00edlio de cozinha n\u00e3o \u00e9 apenas funcional, mas tamb\u00e9m uma pe\u00e7a decorativa que trar\u00e1 um toque mediterr\u00e2nico a qualquer casa. As salamandras, representadas em vibrantes cores azul, verde e vermelho, contrastam belamente sobre o fundo claro, enquanto a borda vermelha real\u00e7a cada detalhe delicado da ilustra\u00e7\u00e3o. Esta pe\u00e7a capta a ess\u00eancia da fauna local e a tradi\u00e7\u00e3o artesanal da regi\u00e3o, tornando qualquer cozinha mais acolhedora e aut\u00eantica.<\/p>\n<p>Ideal para servir sopas e guisados, esta concha combina praticidade com um apelo art\u00edstico. O seu design singular torna-a uma excelente recorda\u00e7\u00e3o para quem deseja levar um pouco da cultura espanhola consigo. Este produto \u00e9 perfeito para turistas que procuram recorda\u00e7\u00f5es \u00fanicas que celebrem a diversidade cultural do Mediterr\u00e2neo. Na Ol\u00e9 Mosaic, somos distribuidores de souvenirs por grosso, e esta concha de cer\u00e2mica representa uma magn\u00edfica op\u00e7\u00e3o para lojas de presentes tur\u00edsticos que apreciam produtos genu\u00ednos e representativos da tradi\u00e7\u00e3o espanhola. Ao escolher esta concha, n\u00e3o se obt\u00e9m apenas um utens\u00edlio \u00fatil, mas tamb\u00e9m uma homenagem \u00e0 cultura e \u00e0 arte de Espanha, tornando-a um presente memor\u00e1vel.<\/p>\n","protected":false},"excerpt":{"rendered":"<p>Concha de cer\u00e2mica decorada com alegres salamandras, que representa a riqueza da artesania espanhola. Este elegante utens\u00edlio de cozinha apresenta um design em tons bege com detalhes em vermelho e uma delicada ilustra\u00e7\u00e3o de salamandras em azul, verde e vermelho, capturando a ess\u00eancia da fauna mediterr\u00e2nica. Perfeito para servir sopas e guisados, esta concha \u00e9 t\u00e3o funcional como um elemento decorativo atrativo para qualquer cozinha.<\/p>\n","protected":false},"featured_media":7045,"template":"","meta":{"_acf_changed":false},"product_brand":[],"product_cat":[804],"product_tag":[516,515],"class_list":{"0":"post-31376","1":"product","2":"type-product","3":"status-publish","4":"has-post-thumbnail","6":"product_cat-conchas","7":"product_tag-animais","8":"product_tag-ceramica","9":"pa_motivo-salamandras","11":"first","12":"instock","13":"shipping-taxable","14":"product-type-simple"},"acf":[],"_links":{"self":[{"href":"https:\/\/olemosaic.com\/pt-pt\/wp-json\/wp\/v2\/product\/31376","targetHints":{"allow":["GET"]}}],"collection":[{"href":"https:\/\/olemosaic.com\/pt-pt\/wp-json\/wp\/v2\/product"}],"about":[{"href":"https:\/\/olemosaic.com\/pt-pt\/wp-json\/wp\/v2\/types\/product"}],"wp:featuredmedia":[{"embeddable":true,"href":"https:\/\/olemosaic.com\/pt-pt\/wp-json\/wp\/v2\/media\/7045"}],"wp:attachment":[{"href":"https:\/\/olemosaic.com\/pt-pt\/wp-json\/wp\/v2\/media?parent=31376"}],"wp:term":[{"taxonomy":"product_brand","embeddable":true,"href":"https:\/\/olemosaic.com\/pt-pt\/wp-json\/wp\/v2\/product_brand?post=31376"},{"taxonomy":"product_cat","embeddable":true,"href":"https:\/\/olemosaic.com\/pt-pt\/wp-json\/wp\/v2\/product_cat?post=31376"},{"taxonomy":"product_tag","embeddable":true,"href":"https:\/\/olemosaic.com\/pt-pt\/wp-json\/wp\/v2\/product_tag?post=31376"}],"curies":[{"name":"wp","href":"https:\/\/api.w.org\/{rel}","templated":true}]}}