{"id":31375,"date":"2025-02-20T23:31:33","date_gmt":"2025-02-20T22:31:33","guid":{"rendered":"http:\/\/olemosaic.com\/producto\/cucharon-de-ceramica-caballito-de-mar-beige\/"},"modified":"2025-07-25T19:39:49","modified_gmt":"2025-07-25T17:39:49","slug":"concha-de-ceramica-cavalo-marinho-bege","status":"publish","type":"product","link":"https:\/\/olemosaic.com\/pt-pt\/produto\/concha-de-ceramica-cavalo-marinho-bege\/","title":{"rendered":"Concha de cer\u00e2mica. Cavalo-marinho. Bege"},"content":{"rendered":"<p>Esta concha de cer\u00e2mica decorada com cavalos-marinhos \u00e9 uma obra-prima que trar\u00e1 um toque mediterr\u00e2nico a qualquer cozinha. Com uma base num elegante tom bege, esta concha foi pintada \u00e0 m\u00e3o com vibrantes cores em mosaico que evocam a fauna marinha, incorporando pormenores marcantes em vermelho, azul e verde. Os cavalos-marinhos, com as suas formas sinuosas e coloridas, estendem-se ao longo da concha, criando uma imagem \u00fanica e visualmente atrativa que capta a ess\u00eancia do litoral espanhol. Cada figura \u00e9 elaborada com um n\u00edvel de detalhe requintado, desde as escamas dos cavalos-marinhos at\u00e9 aos toques art\u00edsticos que parecem dan\u00e7ar sobre a superf\u00edcie cer\u00e2mica.<\/p>\n<p>Este artigo n\u00e3o \u00e9 apenas uma pe\u00e7a funcional para servir, mas tamb\u00e9m um aut\u00eantico souvenir da cultura mediterr\u00e2nica, ideal para quem procura uma recorda\u00e7\u00e3o representativa da sua visita a Espanha. A sua est\u00e9tica vibrante e o uso de motivos marinhos refletem a profunda liga\u00e7\u00e3o entre a gastronomia e o mar, caracter\u00edstica de muitas cidades costeiras espanholas.<\/p>\n<p>Na Ol\u00e9 Mosaic, somos especialistas na distribui\u00e7\u00e3o de souvenirs por grosso, e esta concha de cer\u00e2mica \u00e9 uma excelente op\u00e7\u00e3o para lojas de presentes tur\u00edsticos que desejem oferecer aos seus clientes um produto aut\u00eantico e culturalmente relevante. Esta concha de cavalos-marinhos n\u00e3o \u00e9 apenas um acess\u00f3rio decorativo, mas uma manifesta\u00e7\u00e3o tang\u00edvel da riqueza cultural e art\u00edstica da regi\u00e3o.<\/p>\n","protected":false},"excerpt":{"rendered":"<p>Concha de cer\u00e2mica decorada com chamativos cavalos-marinhos, ideal para dar um toque mediterr\u00e2nico \u00e0 sua cozinha. Este artigo, de design artesanal e pintado \u00e0 m\u00e3o, apresenta vibrantes cores em mosaico que representam a fauna marinha, com detalhes em vermelho e azul que se destacam sobre o fundo bege. Um design elegante e art\u00edstico que captura a ess\u00eancia do litoral espanhol, tornando-o um presente perfeito ou um souvenir atrativo.<\/p>\n","protected":false},"featured_media":7046,"template":"","meta":{"_acf_changed":false},"product_brand":[],"product_cat":[804],"product_tag":[516,515],"class_list":{"0":"post-31375","1":"product","2":"type-product","3":"status-publish","4":"has-post-thumbnail","6":"product_cat-conchas","7":"product_tag-animais","8":"product_tag-ceramica","9":"pa_motivo-cavalos-marinhos","11":"first","12":"instock","13":"shipping-taxable","14":"product-type-simple"},"acf":[],"_links":{"self":[{"href":"https:\/\/olemosaic.com\/pt-pt\/wp-json\/wp\/v2\/product\/31375","targetHints":{"allow":["GET"]}}],"collection":[{"href":"https:\/\/olemosaic.com\/pt-pt\/wp-json\/wp\/v2\/product"}],"about":[{"href":"https:\/\/olemosaic.com\/pt-pt\/wp-json\/wp\/v2\/types\/product"}],"wp:featuredmedia":[{"embeddable":true,"href":"https:\/\/olemosaic.com\/pt-pt\/wp-json\/wp\/v2\/media\/7046"}],"wp:attachment":[{"href":"https:\/\/olemosaic.com\/pt-pt\/wp-json\/wp\/v2\/media?parent=31375"}],"wp:term":[{"taxonomy":"product_brand","embeddable":true,"href":"https:\/\/olemosaic.com\/pt-pt\/wp-json\/wp\/v2\/product_brand?post=31375"},{"taxonomy":"product_cat","embeddable":true,"href":"https:\/\/olemosaic.com\/pt-pt\/wp-json\/wp\/v2\/product_cat?post=31375"},{"taxonomy":"product_tag","embeddable":true,"href":"https:\/\/olemosaic.com\/pt-pt\/wp-json\/wp\/v2\/product_tag?post=31375"}],"curies":[{"name":"wp","href":"https:\/\/api.w.org\/{rel}","templated":true}]}}