{"id":31374,"date":"2025-02-20T23:31:33","date_gmt":"2025-02-20T22:31:33","guid":{"rendered":"http:\/\/olemosaic.com\/producto\/cucharon-de-ceramica-salamandra-barcelona-beige\/"},"modified":"2025-07-25T18:49:45","modified_gmt":"2025-07-25T16:49:45","slug":"concha-de-ceramica-salamandra-barcelona-bege","status":"publish","type":"product","link":"https:\/\/olemosaic.com\/pt-pt\/produto\/concha-de-ceramica-salamandra-barcelona-bege\/","title":{"rendered":"Concha de cer\u00e2mica. Salamandra. Barcelona. Bege"},"content":{"rendered":"<p>Esta concha de cer\u00e2mica, decorada com ador\u00e1veis salamandras, \u00e9 uma pe\u00e7a \u00fanica que captura a ess\u00eancia vibrante de Barcelona. Este objeto artesanal, pintado \u00e0 m\u00e3o, apresenta um fundo branco luminoso, real\u00e7ado por bordas num elegante tom bege que lhe conferem um acabamento sofisticado. A decora\u00e7\u00e3o \u00e9 composta por coloridas salamandras em tons de azul, verde e vermelho, que se entrela\u00e7am com motivos de folhas, evocando a riqueza da fauna mediterr\u00e2nica e a hist\u00f3ria cultural da regi\u00e3o.<\/p>\n<p>Com a assinatura &#8220;Barcelona&#8221; vis\u00edvel na base, esta concha n\u00e3o \u00e9 apenas uma ferramenta funcional na cozinha, mas tamb\u00e9m uma encantadora recorda\u00e7\u00e3o que celebra a heran\u00e7a art\u00edstica e a criatividade local. Barcelona, famosa pelas suas tradi\u00e7\u00f5es cer\u00e2micas e pela sua arquitetura modernista, encontra neste produto um reflexo do seu esp\u00edrito criativo e da sua paix\u00e3o pelas cores vivas.<\/p>\n<p>Este souvenir \u00e9 perfeito para os amantes da cer\u00e2mica artesanal que procuram um artigo distintivo para levar um pedacinho da cultura catal\u00e3 para casa. Na Ol\u00e9 Mosaic, como distribuidor de cer\u00e2mica por grosso, oferecemos souvenirs aut\u00eanticos que real\u00e7am o calor e o car\u00e1cter das tradi\u00e7\u00f5es de Espanha. Esta concha decorada \u00e9 uma escolha excecional para lojas de presentes tur\u00edsticos que desejem oferecer artigos com um significado cultural profundo e atrativo.<\/p>\n","protected":false},"excerpt":{"rendered":"<p>Concha de cer\u00e2mica decorada com ador\u00e1veis salamandras, ideal para dar um toque distintivo \u00e0 sua cozinha. Este artigo, de design artesanal e pintado \u00e0 m\u00e3o, apresenta um fundo branco com bordas num elegante tom bege e coloridos motivos de lagartixas em azul, verde e vermelho, que evocam o vibrante estilo de Barcelona. A assinatura &#8220;Barcelona&#8221; na base serve como uma encantadora recorda\u00e7\u00e3o da cultura catal\u00e3. Um souvenir perfeito para os amantes da cer\u00e2mica artesanal.<\/p>\n","protected":false},"featured_media":7001,"template":"","meta":{"_acf_changed":false},"product_brand":[],"product_cat":[804],"product_tag":[516,515],"class_list":{"0":"post-31374","1":"product","2":"type-product","3":"status-publish","4":"has-post-thumbnail","6":"product_cat-conchas","7":"product_tag-animais","8":"product_tag-ceramica","9":"pa_ciudad-barcelona","10":"pa_motivo-salamandras","11":"pa_pais-espana","13":"first","14":"instock","15":"shipping-taxable","16":"product-type-simple"},"acf":[],"_links":{"self":[{"href":"https:\/\/olemosaic.com\/pt-pt\/wp-json\/wp\/v2\/product\/31374","targetHints":{"allow":["GET"]}}],"collection":[{"href":"https:\/\/olemosaic.com\/pt-pt\/wp-json\/wp\/v2\/product"}],"about":[{"href":"https:\/\/olemosaic.com\/pt-pt\/wp-json\/wp\/v2\/types\/product"}],"wp:featuredmedia":[{"embeddable":true,"href":"https:\/\/olemosaic.com\/pt-pt\/wp-json\/wp\/v2\/media\/7001"}],"wp:attachment":[{"href":"https:\/\/olemosaic.com\/pt-pt\/wp-json\/wp\/v2\/media?parent=31374"}],"wp:term":[{"taxonomy":"product_brand","embeddable":true,"href":"https:\/\/olemosaic.com\/pt-pt\/wp-json\/wp\/v2\/product_brand?post=31374"},{"taxonomy":"product_cat","embeddable":true,"href":"https:\/\/olemosaic.com\/pt-pt\/wp-json\/wp\/v2\/product_cat?post=31374"},{"taxonomy":"product_tag","embeddable":true,"href":"https:\/\/olemosaic.com\/pt-pt\/wp-json\/wp\/v2\/product_tag?post=31374"}],"curies":[{"name":"wp","href":"https:\/\/api.w.org\/{rel}","templated":true}]}}