{"id":31373,"date":"2025-02-20T23:31:33","date_gmt":"2025-02-20T22:31:33","guid":{"rendered":"http:\/\/olemosaic.com\/producto\/cucharon-de-ceramica-panoramica-sevilla-beige\/"},"modified":"2025-07-25T19:03:56","modified_gmt":"2025-07-25T17:03:56","slug":"concha-de-ceramica-panoramica-sevilha-bege","status":"publish","type":"product","link":"https:\/\/olemosaic.com\/pt-pt\/produto\/concha-de-ceramica-panoramica-sevilha-bege\/","title":{"rendered":"Concha de cer\u00e2mica. Panor\u00e2mica. Sevilha. Bege"},"content":{"rendered":"<p>Esta concha de cer\u00e2mica, com um design panor\u00e2mico que evoca a ess\u00eancia de Sevilha, \u00e9 uma aut\u00eantica viagem \u00e0 cidade. Sobre um fundo bege, que real\u00e7a a vibrante ilustra\u00e7\u00e3o com efeito pintado \u00e0 m\u00e3o, destaca-se a ic\u00f3nica Giralda, rodeada de elementos decorativos que capturam a arquitetura e o esp\u00edrito sevilhano. Os detalhes em vermelho que emolduram a concha acrescentam um toque elegante e distintivo, enquanto os motivos vegetais da borda real\u00e7am o seu car\u00e1cter artesanal, tornando-a um artigo tanto funcional como decorativo.<\/p>\n<p>Ideal para quem procura um souvenir aut\u00eantico que represente a cultura andaluza, esta concha \u00e9 perfeita para o uso di\u00e1rio na cozinha ou como pe\u00e7a decorativa em qualquer casa. A representa\u00e7\u00e3o art\u00edstica da Giralda torna-a um presente significativo, permitindo aos turistas levar uma recorda\u00e7\u00e3o tang\u00edvel de Sevilha, uma cidade famosa pela sua rica hist\u00f3ria e tradi\u00e7\u00f5es.<\/p>\n<p>Na Ol\u00e9 Mosaic, somos especialistas em souvenirs de cer\u00e2mica e oferecemos produtos que celebram a autenticidade e o patrim\u00f3nio cultural de Espanha. Esta concha \u00e9 uma op\u00e7\u00e3o ideal para lojas de presentes tur\u00edsticos que procuram artigos de qualidade para os seus clientes. Ao escolh\u00ea-la, n\u00e3o se opta apenas por um utens\u00edlio de cozinha, mas por um s\u00edmbolo do folclore sevilhano, tornando cada compra uma experi\u00eancia memor\u00e1vel.<\/p>\n","protected":false},"excerpt":{"rendered":"<p>Concha de cer\u00e2mica com um design encantador que representa uma panor\u00e2mica de Sevilha. Este artigo, de cor bege com detalhes em vermelho, destaca-se pela sua colorida ilustra\u00e7\u00e3o que inclui a ic\u00f3nica Giralda e vibrantes elementos decorativos. Pintada com estilo artesanal, a concha tamb\u00e9m apresenta motivos vegetais na borda, o que acrescenta um toque artesanal e tradicional. Ideal tanto para uso culin\u00e1rio como para decora\u00e7\u00e3o, captura a ess\u00eancia do folclore sevilhano.<\/p>\n","protected":false},"featured_media":7515,"template":"","meta":{"_acf_changed":false},"product_brand":[],"product_cat":[804],"product_tag":[515],"class_list":{"0":"post-31373","1":"product","2":"type-product","3":"status-publish","4":"has-post-thumbnail","6":"product_cat-conchas","7":"product_tag-ceramica","8":"pa_ciudad-sevilla","9":"pa_motivo-panoramas","10":"pa_pais-espana","12":"first","13":"instock","14":"shipping-taxable","15":"product-type-simple"},"acf":[],"_links":{"self":[{"href":"https:\/\/olemosaic.com\/pt-pt\/wp-json\/wp\/v2\/product\/31373","targetHints":{"allow":["GET"]}}],"collection":[{"href":"https:\/\/olemosaic.com\/pt-pt\/wp-json\/wp\/v2\/product"}],"about":[{"href":"https:\/\/olemosaic.com\/pt-pt\/wp-json\/wp\/v2\/types\/product"}],"wp:featuredmedia":[{"embeddable":true,"href":"https:\/\/olemosaic.com\/pt-pt\/wp-json\/wp\/v2\/media\/7515"}],"wp:attachment":[{"href":"https:\/\/olemosaic.com\/pt-pt\/wp-json\/wp\/v2\/media?parent=31373"}],"wp:term":[{"taxonomy":"product_brand","embeddable":true,"href":"https:\/\/olemosaic.com\/pt-pt\/wp-json\/wp\/v2\/product_brand?post=31373"},{"taxonomy":"product_cat","embeddable":true,"href":"https:\/\/olemosaic.com\/pt-pt\/wp-json\/wp\/v2\/product_cat?post=31373"},{"taxonomy":"product_tag","embeddable":true,"href":"https:\/\/olemosaic.com\/pt-pt\/wp-json\/wp\/v2\/product_tag?post=31373"}],"curies":[{"name":"wp","href":"https:\/\/api.w.org\/{rel}","templated":true}]}}