{"id":31371,"date":"2025-02-20T23:31:33","date_gmt":"2025-02-20T22:31:33","guid":{"rendered":"http:\/\/olemosaic.com\/producto\/cucharon-de-ceramica-gallos-blanco\/"},"modified":"2025-07-25T19:18:57","modified_gmt":"2025-07-25T17:18:57","slug":"concha-de-ceramica-galos-branco","status":"publish","type":"product","link":"https:\/\/olemosaic.com\/pt-pt\/produto\/concha-de-ceramica-galos-branco\/","title":{"rendered":"Concha de cer\u00e2mica. Galos. Branco"},"content":{"rendered":"<p>Esta concha de cer\u00e2mica branca \u00e9 uma pe\u00e7a vibrante, decorada com uma ilustra\u00e7\u00e3o de um galo que capta a ess\u00eancia do folclore espanhol. O seu design, pintado \u00e0 m\u00e3o, destaca-se n\u00e3o s\u00f3 pela vivacidade das suas cores, mas tamb\u00e9m pelos detalhes intrincados que o adornam: flores estilizadas em tons de vermelho, preto e azul que animam o fundo esbranqui\u00e7ado da concha. A figura do galo, s\u00edmbolo da cultura espanhola, mostra-se orgulhosa e cheia de car\u00e1cter, real\u00e7ada por padr\u00f5es de linhas e pontos que potenciam o seu apelo est\u00e9tico.<\/p>\n<p>Esta concha n\u00e3o \u00e9 apenas um utens\u00edlio funcional na cozinha, mas tamb\u00e9m um elemento decorativo que se destacar\u00e1 em qualquer mesa. A sua forma ergon\u00f3mica facilita a sua utiliza\u00e7\u00e3o na prepara\u00e7\u00e3o de pratos deliciosos, ao mesmo tempo que o seu design art\u00edstico se torna o centro das aten\u00e7\u00f5es na hora de apresentar a comida. A autenticidade deste produto reflete a rica tradi\u00e7\u00e3o artesanal de Espanha, tornando-o uma recorda\u00e7\u00e3o representativa que qualquer viajante apreciar\u00e1.<\/p>\n<p>Na Ol\u00e9 Mosaic, especializamo-nos na distribui\u00e7\u00e3o por grosso de souvenirs de alta qualidade, e esta concha de cer\u00e2mica \u00e9 uma excelente op\u00e7\u00e3o para lojas de presentes tur\u00edsticos que procuram artigos aut\u00eanticos e com ra\u00edzes culturais. Esta recorda\u00e7\u00e3o do folclore espanhol \u00e9 perfeita para os amantes da cozinha e da cultura, acrescentando um toque \u00fanico e colorido \u00e0s suas casas.<\/p>\n","protected":false},"excerpt":{"rendered":"<p>Concha de cer\u00e2mica branca decorada com uma ilustra\u00e7\u00e3o vibrante de um galo, representativo do folclore espanhol. Este atraente utens\u00edlio de cozinha destaca-se pelo seu design artesanal, pintado \u00e0 m\u00e3o, adornado com detalhes em vermelho, preto e azul, e flores estilizadas que rodeiam o galo. A sua forma ergon\u00f3mica e a qualidade da cer\u00e2mica tornam-no um elemento funcional e decorativo, ideal para real\u00e7ar qualquer mesa. Perfeito para os amantes da cozinha e da cultura espanhola.<\/p>\n","protected":false},"featured_media":8888,"template":"","meta":{"_acf_changed":false},"product_brand":[],"product_cat":[804],"product_tag":[516,515],"class_list":{"0":"post-31371","1":"product","2":"type-product","3":"status-publish","4":"has-post-thumbnail","6":"product_cat-conchas","7":"product_tag-animais","8":"product_tag-ceramica","9":"pa_motivo-galos","11":"first","12":"instock","13":"shipping-taxable","14":"product-type-simple"},"acf":[],"_links":{"self":[{"href":"https:\/\/olemosaic.com\/pt-pt\/wp-json\/wp\/v2\/product\/31371","targetHints":{"allow":["GET"]}}],"collection":[{"href":"https:\/\/olemosaic.com\/pt-pt\/wp-json\/wp\/v2\/product"}],"about":[{"href":"https:\/\/olemosaic.com\/pt-pt\/wp-json\/wp\/v2\/types\/product"}],"wp:featuredmedia":[{"embeddable":true,"href":"https:\/\/olemosaic.com\/pt-pt\/wp-json\/wp\/v2\/media\/8888"}],"wp:attachment":[{"href":"https:\/\/olemosaic.com\/pt-pt\/wp-json\/wp\/v2\/media?parent=31371"}],"wp:term":[{"taxonomy":"product_brand","embeddable":true,"href":"https:\/\/olemosaic.com\/pt-pt\/wp-json\/wp\/v2\/product_brand?post=31371"},{"taxonomy":"product_cat","embeddable":true,"href":"https:\/\/olemosaic.com\/pt-pt\/wp-json\/wp\/v2\/product_cat?post=31371"},{"taxonomy":"product_tag","embeddable":true,"href":"https:\/\/olemosaic.com\/pt-pt\/wp-json\/wp\/v2\/product_tag?post=31371"}],"curies":[{"name":"wp","href":"https:\/\/api.w.org\/{rel}","templated":true}]}}