{"id":31370,"date":"2025-02-20T23:31:32","date_gmt":"2025-02-20T22:31:32","guid":{"rendered":"http:\/\/olemosaic.com\/producto\/cucharon-de-ceramica-madrid-blanco\/"},"modified":"2025-07-25T19:20:07","modified_gmt":"2025-07-25T17:20:07","slug":"concha-de-ceramica-madrid-branco","status":"publish","type":"product","link":"https:\/\/olemosaic.com\/pt-pt\/produto\/concha-de-ceramica-madrid-branco\/","title":{"rendered":"Concha de cer\u00e2mica. Madrid. Branco"},"content":{"rendered":"<p>Esta concha de cer\u00e2mica branca, decorada com ilustra\u00e7\u00f5es vibrantes, \u00e9 uma aut\u00eantica recorda\u00e7\u00e3o de Madrid que capta a ess\u00eancia e o folclore da capital espanhola. Com um design pintado \u00e0 m\u00e3o, a concha apresenta uma representa\u00e7\u00e3o detalhada da emblem\u00e1tica Plaza Mayor, um dos pontos nevr\u00e1lgicos da vida madrilena. As cores vivas e o estilo encantador das cenas urbanas, que incluem atividades t\u00edpicas e personagens caracter\u00edsticos, criam uma atmosfera festiva que evoca as tradi\u00e7\u00f5es desta cidade vibrante.<\/p>\n<p>O nome &#8220;MADRID&#8221; est\u00e1 elegantemente inscrito em letras brilhantes, proporcionando um contraste perfeito com o fundo branco da concha. Este detalhe n\u00e3o s\u00f3 real\u00e7a a liga\u00e7\u00e3o cultural com a cidade, como tamb\u00e9m confere um toque de modernidade e alegria ao objeto. A cer\u00e2mica branca, al\u00e9m de ser visualmente atraente, garante durabilidade, o que torna esta concha uma op\u00e7\u00e3o ideal tanto para usar na cozinha como para decora\u00e7\u00e3o.<\/p>\n<p>Na Ol\u00e9 Mosaic, compreendemos a import\u00e2ncia de oferecer recorda\u00e7\u00f5es representativas que liguem os turistas \u00e0 rica heran\u00e7a cultural de Espanha. Esta concha n\u00e3o \u00e9 apenas um utens\u00edlio pr\u00e1tico, mas um s\u00edmbolo do calor e da hospitalidade madrilena. Perfeita para lojas de presentes tur\u00edsticos, representa uma excelente op\u00e7\u00e3o para quem procura recorda\u00e7\u00f5es aut\u00eanticas que transcendam o meramente decorativo. Como distribuidores de souvenirs, garantimos a qualidade e a singularidade de cada pe\u00e7a, tornando esta concha um elemento de destaque em qualquer estabelecimento.<\/p>\n","protected":false},"excerpt":{"rendered":"<p>Concha de cer\u00e2mica branca decorada com ilustra\u00e7\u00f5es vibrantes de Madrid, incluindo cenas da famosa Plaza Mayor. Este chamativo utens\u00edlio, de design artesanal, pintado \u00e0 m\u00e3o, apresenta detalhes coloridos que representam a vida e o folclore madrilenos, criando uma atmosfera festiva. O design inclui tamb\u00e9m o nome &#8220;MADRID&#8221; em letras brilhantes, que contrastam com o fundo branco, tornando-o um souvenir perfeito para recordar a ess\u00eancia da capital espanhola.<\/p>\n","protected":false},"featured_media":9955,"template":"","meta":{"_acf_changed":false},"product_brand":[],"product_cat":[804],"product_tag":[515],"class_list":{"0":"post-31370","1":"product","2":"type-product","3":"status-publish","4":"has-post-thumbnail","6":"product_cat-conchas","7":"product_tag-ceramica","8":"pa_ciudad-madrid","9":"pa_pais-espana","11":"first","12":"instock","13":"shipping-taxable","14":"product-type-simple"},"acf":[],"_links":{"self":[{"href":"https:\/\/olemosaic.com\/pt-pt\/wp-json\/wp\/v2\/product\/31370","targetHints":{"allow":["GET"]}}],"collection":[{"href":"https:\/\/olemosaic.com\/pt-pt\/wp-json\/wp\/v2\/product"}],"about":[{"href":"https:\/\/olemosaic.com\/pt-pt\/wp-json\/wp\/v2\/types\/product"}],"wp:featuredmedia":[{"embeddable":true,"href":"https:\/\/olemosaic.com\/pt-pt\/wp-json\/wp\/v2\/media\/9955"}],"wp:attachment":[{"href":"https:\/\/olemosaic.com\/pt-pt\/wp-json\/wp\/v2\/media?parent=31370"}],"wp:term":[{"taxonomy":"product_brand","embeddable":true,"href":"https:\/\/olemosaic.com\/pt-pt\/wp-json\/wp\/v2\/product_brand?post=31370"},{"taxonomy":"product_cat","embeddable":true,"href":"https:\/\/olemosaic.com\/pt-pt\/wp-json\/wp\/v2\/product_cat?post=31370"},{"taxonomy":"product_tag","embeddable":true,"href":"https:\/\/olemosaic.com\/pt-pt\/wp-json\/wp\/v2\/product_tag?post=31370"}],"curies":[{"name":"wp","href":"https:\/\/api.w.org\/{rel}","templated":true}]}}