{"id":31369,"date":"2025-02-20T23:31:32","date_gmt":"2025-02-20T22:31:32","guid":{"rendered":"http:\/\/olemosaic.com\/producto\/libreta-de-80-hojas-salamandra-lanzarote-2\/"},"modified":"2025-07-25T18:46:19","modified_gmt":"2025-07-25T16:46:19","slug":"caderno-de-80-folhas-salamandra-lanzarote-2","status":"publish","type":"product","link":"https:\/\/olemosaic.com\/pt-pt\/produto\/caderno-de-80-folhas-salamandra-lanzarote-2\/","title":{"rendered":"Caderno de 80 folhas. Salamandra. Lanzarote. Can\u00e1rias."},"content":{"rendered":"<p>Este caderno decorativo representa a ess\u00eancia vibrante de Lanzarote e \u00e9 uma recorda\u00e7\u00e3o ideal para quem visita a ilha. O caderno, com 80 folhas, apresenta um design alegre e colorido com uma salamandra no centro, um s\u00edmbolo caracter\u00edstico da fauna can\u00e1ria. A salamandra est\u00e1 adornada com um mosaico que inclui tons intensos de vermelho, azul e verde, captando a beleza natural da paisagem vulc\u00e2nica de Lanzarote. O fundo, que evoca o famoso trencad\u00eds, uma t\u00e9cnica de cer\u00e2mica regional, proporciona uma textura visual fascinante que real\u00e7a o artesanato local.<\/p>\n<p>Al\u00e9m disso, este caderno inclui um pr\u00e1tico el\u00e1stico vermelho para assegurar o seu fecho, o que o torna perfeito para levar ideias, notas ou esbo\u00e7os para qualquer lugar. Esta recorda\u00e7\u00e3o n\u00e3o \u00e9 apenas funcional, mas tamb\u00e9m uma homenagem \u00e0 rica cultura can\u00e1ria, recordando aos turistas a singularidade da ilha. Na Ol\u00e9 Mosaic, oferecemos este e outros souvenirs aut\u00eanticos que refletem a arte e a tradi\u00e7\u00e3o das Ilhas Can\u00e1rias, tornando-o uma excelente op\u00e7\u00e3o para lojas de presentes tur\u00edsticos. O caderno de salamandra \u00e9 um presente encantador que evoca mem\u00f3rias de umas f\u00e9rias inesquec\u00edveis em Lanzarote.<\/p>\n","protected":false},"excerpt":{"rendered":"<p>Caderno de 80 folhas decorado com uma salamandra colorida, representativa de Lanzarote. O seu design vibrante inclui elementos florais em tons de vermelho, azul e verde sobre um fundo que evoca o famoso trencad\u00eds da ilha. Este caderno conta com um pr\u00e1tico el\u00e1stico vermelho para fechar, ideal para levar as suas ideias e notas. Um souvenir perfeito que capta a ess\u00eancia da arte can\u00e1ria e a beleza natural de Lanzarote.<\/p>\n","protected":false},"featured_media":12010,"template":"","meta":{"_acf_changed":false},"product_brand":[],"product_cat":[808],"product_tag":[516],"class_list":{"0":"post-31369","1":"product","2":"type-product","3":"status-publish","4":"has-post-thumbnail","6":"product_cat-cadernos","7":"product_tag-animais","8":"pa_ciudad-lanzarote","9":"pa_motivo-salamandras","10":"pa_pais-espana","12":"first","13":"instock","14":"shipping-taxable","15":"product-type-simple"},"acf":[],"_links":{"self":[{"href":"https:\/\/olemosaic.com\/pt-pt\/wp-json\/wp\/v2\/product\/31369","targetHints":{"allow":["GET"]}}],"collection":[{"href":"https:\/\/olemosaic.com\/pt-pt\/wp-json\/wp\/v2\/product"}],"about":[{"href":"https:\/\/olemosaic.com\/pt-pt\/wp-json\/wp\/v2\/types\/product"}],"wp:featuredmedia":[{"embeddable":true,"href":"https:\/\/olemosaic.com\/pt-pt\/wp-json\/wp\/v2\/media\/12010"}],"wp:attachment":[{"href":"https:\/\/olemosaic.com\/pt-pt\/wp-json\/wp\/v2\/media?parent=31369"}],"wp:term":[{"taxonomy":"product_brand","embeddable":true,"href":"https:\/\/olemosaic.com\/pt-pt\/wp-json\/wp\/v2\/product_brand?post=31369"},{"taxonomy":"product_cat","embeddable":true,"href":"https:\/\/olemosaic.com\/pt-pt\/wp-json\/wp\/v2\/product_cat?post=31369"},{"taxonomy":"product_tag","embeddable":true,"href":"https:\/\/olemosaic.com\/pt-pt\/wp-json\/wp\/v2\/product_tag?post=31369"}],"curies":[{"name":"wp","href":"https:\/\/api.w.org\/{rel}","templated":true}]}}