{"id":31367,"date":"2025-02-20T22:31:32","date_gmt":"2025-02-20T22:31:32","guid":{"rendered":"http:\/\/olemosaic.com\/producto\/cortador-de-ceramica-santiago\/"},"modified":"2025-07-25T18:35:10","modified_gmt":"2025-07-25T16:35:10","slug":"cortador-de-ceramica-santiago-pt-pt","status":"publish","type":"product","link":"https:\/\/olemosaic.com\/pt-pt\/produto\/cortador-de-ceramica-santiago-pt-pt\/","title":{"rendered":"Cortador de cer\u00e2mica. Santiago."},"content":{"rendered":"<p>Este cortador de cer\u00e2mica, inspirado no famoso Caminho de Santiago, \u00e9 uma pe\u00e7a \u00fanica que combina funcionalidade e arte, perfeita para quem deseja levar consigo uma recorda\u00e7\u00e3o aut\u00eantica e representativa de Santiago de Compostela. A ilustra\u00e7\u00e3o colorida central destaca o ic\u00f3nico Pal\u00e1cio de Rajoy, cuja arquitetura se aprecia com tons vivos de amarelo, vermelho e verde que evocam a riqueza cultural e art\u00edstica da cidade. Ao seu redor, elementos ic\u00f3nicos como a concha do peregrino e um caminhante com o seu bast\u00e3o acrescentam um toque de hist\u00f3ria e nostalgia a este utens\u00edlio de cozinha.<\/p>\n<p>O design do cortador simula o trencad\u00eds, uma t\u00e9cnica de mosaico muito valorizada na arte espanhola, que confere um car\u00e1cter vibrante e contempor\u00e2neo ao objeto. Este cortador n\u00e3o \u00e9 apenas uma ferramenta \u00fatil para os amantes da gastronomia, mas torna-se tamb\u00e9m um aut\u00eantico souvenir que narra a experi\u00eancia \u00fanica do Caminho de Santiago e o seu patrim\u00f3nio.<\/p>\n<p>Na Ol\u00e9 Mosaic, estamos comprometidos com a autenticidade e a qualidade dos nossos produtos. Este cortador de cer\u00e2mica \u00e9 uma excelente op\u00e7\u00e3o para lojas de presentes tur\u00edsticos que procuram souvenirs de Santiago que reflitam a hist\u00f3ria e a cultura espanhola. Como distribuidores de souvenirs por grosso, garantimos que cada artigo \u00e9 uma representa\u00e7\u00e3o fiel da riqueza cultural de Espanha.<\/p>\n","protected":false},"excerpt":{"rendered":"<p>Cortador de cer\u00e2mica inspirado no famoso Caminho de Santiago, que apresenta uma ilustra\u00e7\u00e3o colorida do Pal\u00e1cio de Rajoy e elementos ic\u00f3nicos como a concha do peregrino. O cortador foi desenhado sobre um fundo que simula o trencad\u00eds, destacando-se em tons vibrantes de amarelo, vermelho e verde. Perfeito para quem procura uma recorda\u00e7\u00e3o funcional e art\u00edstica que represente a rica hist\u00f3ria e a beleza de Santiago de Compostela. Ideal para os amantes da gastronomia e da cultura espanhola.<\/p>\n","protected":false},"featured_media":9934,"template":"","meta":{"_acf_changed":false},"product_brand":[],"product_cat":[797],"product_tag":[515],"class_list":{"0":"post-31367","1":"product","2":"type-product","3":"status-publish","4":"has-post-thumbnail","6":"product_cat-cortadores","7":"product_tag-ceramica","8":"pa_ciudad-santiago","9":"pa_pais-espana","11":"first","12":"instock","13":"shipping-taxable","14":"product-type-simple"},"acf":[],"_links":{"self":[{"href":"https:\/\/olemosaic.com\/pt-pt\/wp-json\/wp\/v2\/product\/31367","targetHints":{"allow":["GET"]}}],"collection":[{"href":"https:\/\/olemosaic.com\/pt-pt\/wp-json\/wp\/v2\/product"}],"about":[{"href":"https:\/\/olemosaic.com\/pt-pt\/wp-json\/wp\/v2\/types\/product"}],"wp:featuredmedia":[{"embeddable":true,"href":"https:\/\/olemosaic.com\/pt-pt\/wp-json\/wp\/v2\/media\/9934"}],"wp:attachment":[{"href":"https:\/\/olemosaic.com\/pt-pt\/wp-json\/wp\/v2\/media?parent=31367"}],"wp:term":[{"taxonomy":"product_brand","embeddable":true,"href":"https:\/\/olemosaic.com\/pt-pt\/wp-json\/wp\/v2\/product_brand?post=31367"},{"taxonomy":"product_cat","embeddable":true,"href":"https:\/\/olemosaic.com\/pt-pt\/wp-json\/wp\/v2\/product_cat?post=31367"},{"taxonomy":"product_tag","embeddable":true,"href":"https:\/\/olemosaic.com\/pt-pt\/wp-json\/wp\/v2\/product_tag?post=31367"}],"curies":[{"name":"wp","href":"https:\/\/api.w.org\/{rel}","templated":true}]}}