{"id":31341,"date":"2025-02-20T23:31:32","date_gmt":"2025-02-20T22:31:32","guid":{"rendered":"http:\/\/olemosaic.com\/producto\/cortador-de-ceramica-punt-de-trobada-barcelona\/"},"modified":"2025-07-25T18:37:21","modified_gmt":"2025-07-25T16:37:21","slug":"cortador-de-ceramica-punt-de-trobada-barcelona-pt-pt","status":"publish","type":"product","link":"https:\/\/olemosaic.com\/pt-pt\/produto\/cortador-de-ceramica-punt-de-trobada-barcelona-pt-pt\/","title":{"rendered":"Cortador de cer\u00e2mica. Punt de trobada. Barcelona."},"content":{"rendered":"<p>Este cortador de cer\u00e2mica decorativo, inspirado no emblem\u00e1tico &#8220;Punt de trobada&#8221; de Barcelona, \u00e9 uma homenagem vibrante ao estilo \u00fanico do trencad\u00eds que caracteriza a cidade. Com um design apelativo numa ampla paleta de cores que inclui vermelho, azul, amarelo e verde, este cortador apresenta uma s\u00e9rie de formas geom\u00e9tricas e motivos abstratos que evocam a ess\u00eancia art\u00edstica e moderna da obra de Gaud\u00ed. O fundo cinzento claro simula os mosaicos que adornam os famosos edif\u00edcios barceloneses, criando um contraste visual que capta a aten\u00e7\u00e3o.<\/p>\n<p>O cortador n\u00e3o \u00e9 apenas funcional, sendo ideal para os amantes da gastronomia, mas tamb\u00e9m atua como um elemento decorativo atraente que reflete a rica heran\u00e7a cultural da regi\u00e3o. Esta recorda\u00e7\u00e3o de Barcelona \u00e9 uma excelente lembran\u00e7a que funde arte e utilidade, perfeita para quem procura levar uma parte da vibrante cultura catal\u00e3 para casa. Al\u00e9m disso, a sua autenticidade como recorda\u00e7\u00e3o representa um peda\u00e7o do patrim\u00f3nio espanhol, tornando-o uma escolha ideal para turistas. Na Ol\u00e9 Mosaic, como distribuidores de recorda\u00e7\u00f5es por grosso, este cortador de cer\u00e2mica \u00e9 uma op\u00e7\u00e3o excecional para lojas de presentes tur\u00edsticos, garantindo qualidade e um design muito especial em cada produto.<\/p>\n","protected":false},"excerpt":{"rendered":"<p>Cortador de cer\u00e2mica decorativo inspirado no famoso &#8220;Punt de trobada&#8221; de Barcelona, que evoca o estilo trencad\u00eds caracter\u00edstico da cidade. Este cortador apresenta um design vibrante e colorido com formas geom\u00e9tricas e motivos abstratos em tons de vermelho, azul, amarelo e verde, sobre um fundo cinzento claro que simula os mosaicos de Gaud\u00ed. Ideal para os amantes da gastronomia e da cultura espanholas, este produto combina funcionalidade e est\u00e9tica, tornando-se uma recorda\u00e7\u00e3o inesquec\u00edvel.<\/p>\n","protected":false},"featured_media":9159,"template":"","meta":{"_acf_changed":false},"product_brand":[],"product_cat":[797],"product_tag":[515],"class_list":{"0":"post-31341","1":"product","2":"type-product","3":"status-publish","4":"has-post-thumbnail","6":"product_cat-cortadores","7":"product_tag-ceramica","8":"pa_ciudad-barcelona","9":"pa_motivo-punt-de-trobada","10":"pa_pais-espana","12":"first","13":"instock","14":"shipping-taxable","15":"product-type-simple"},"acf":[],"_links":{"self":[{"href":"https:\/\/olemosaic.com\/pt-pt\/wp-json\/wp\/v2\/product\/31341","targetHints":{"allow":["GET"]}}],"collection":[{"href":"https:\/\/olemosaic.com\/pt-pt\/wp-json\/wp\/v2\/product"}],"about":[{"href":"https:\/\/olemosaic.com\/pt-pt\/wp-json\/wp\/v2\/types\/product"}],"wp:featuredmedia":[{"embeddable":true,"href":"https:\/\/olemosaic.com\/pt-pt\/wp-json\/wp\/v2\/media\/9159"}],"wp:attachment":[{"href":"https:\/\/olemosaic.com\/pt-pt\/wp-json\/wp\/v2\/media?parent=31341"}],"wp:term":[{"taxonomy":"product_brand","embeddable":true,"href":"https:\/\/olemosaic.com\/pt-pt\/wp-json\/wp\/v2\/product_brand?post=31341"},{"taxonomy":"product_cat","embeddable":true,"href":"https:\/\/olemosaic.com\/pt-pt\/wp-json\/wp\/v2\/product_cat?post=31341"},{"taxonomy":"product_tag","embeddable":true,"href":"https:\/\/olemosaic.com\/pt-pt\/wp-json\/wp\/v2\/product_tag?post=31341"}],"curies":[{"name":"wp","href":"https:\/\/api.w.org\/{rel}","templated":true}]}}