{"id":31340,"date":"2025-02-20T22:31:32","date_gmt":"2025-02-20T22:31:32","guid":{"rendered":"http:\/\/olemosaic.com\/producto\/cortador-de-ceramica-bilbao\/"},"modified":"2025-07-25T18:37:26","modified_gmt":"2025-07-25T16:37:26","slug":"cortador-de-ceramica-bilbau","status":"publish","type":"product","link":"https:\/\/olemosaic.com\/pt-pt\/produto\/cortador-de-ceramica-bilbau\/","title":{"rendered":"Cortador de cer\u00e2mica. Bilbau."},"content":{"rendered":"<p>Este cortador de cer\u00e2mica decorado, inspirado na emblem\u00e1tica cidade de Bilbau, \u00e9 um utens\u00edlio pr\u00e1tico e esteticamente cativante que combina a funcionalidade com uma homenagem \u00e0 riqueza cultural da regi\u00e3o. Apresenta uma ilustra\u00e7\u00e3o vibrante que destaca a arquitetura ic\u00f3nica de Bilbau, incluindo o famoso Museu Guggenheim e a hist\u00f3rica Casa de Juntas, representados num estilo colorido que evoca a arte do mosaico, caracter\u00edstica de muitas tradi\u00e7\u00f5es art\u00edsticas espanholas. O seu design incorpora uma paleta de cores vivas, com predom\u00ednio de tons amarelos, azuis e vermelhos, que transformam este cortador numa recorda\u00e7\u00e3o atraente, tanto para o seu uso di\u00e1rio como para pe\u00e7a decorativa.<\/p>\n<p>Este cortador n\u00e3o \u00e9 apenas um utens\u00edlio de cozinha, mas uma recorda\u00e7\u00e3o representativa de Bilbau, ideal para turistas que desejam levar uma parte da cultura basca para casa. Na Ol\u00e9 Mosaic, somos especialistas na distribui\u00e7\u00e3o de recorda\u00e7\u00f5es por grosso, e este cortador de cer\u00e2mica \u00e9 uma excelente op\u00e7\u00e3o para lojas de presentes tur\u00edsticos que procuram artigos de qualidade, aut\u00eanticos e culturalmente significativos. Ao escolher este cortador, os compradores apoiam a tradi\u00e7\u00e3o artesanal e o design contempor\u00e2neo que caracterizam Bilbau, consolidando-o como uma recorda\u00e7\u00e3o de cer\u00e2mica ideal que celebra o patrim\u00f3nio local.<\/p>\n","protected":false},"excerpt":{"rendered":"<p>Cortador de cer\u00e2mica decorado, inspirado na emblem\u00e1tica cidade de Bilbau. Este pr\u00e1tico utens\u00edlio apresenta uma ilustra\u00e7\u00e3o vibrante que destaca a arquitetura ic\u00f3nica da cidade, como o Museu Guggenheim e a Casa de Juntas, com um estilo colorido que evoca a famosa arte do mosaico. O seu design inclui cores vivas e detalhes em tons de amarelo, azul e vermelho, o que o torna uma recorda\u00e7\u00e3o atraente e funcional para qualquer amante da cultura espanhola.<\/p>\n","protected":false},"featured_media":9906,"template":"","meta":{"_acf_changed":false},"product_brand":[],"product_cat":[797],"product_tag":[515],"class_list":{"0":"post-31340","1":"product","2":"type-product","3":"status-publish","4":"has-post-thumbnail","6":"product_cat-cortadores","7":"product_tag-ceramica","8":"pa_ciudad-bilbao","9":"pa_pais-espana","11":"first","12":"instock","13":"shipping-taxable","14":"product-type-simple"},"acf":[],"_links":{"self":[{"href":"https:\/\/olemosaic.com\/pt-pt\/wp-json\/wp\/v2\/product\/31340","targetHints":{"allow":["GET"]}}],"collection":[{"href":"https:\/\/olemosaic.com\/pt-pt\/wp-json\/wp\/v2\/product"}],"about":[{"href":"https:\/\/olemosaic.com\/pt-pt\/wp-json\/wp\/v2\/types\/product"}],"wp:featuredmedia":[{"embeddable":true,"href":"https:\/\/olemosaic.com\/pt-pt\/wp-json\/wp\/v2\/media\/9906"}],"wp:attachment":[{"href":"https:\/\/olemosaic.com\/pt-pt\/wp-json\/wp\/v2\/media?parent=31340"}],"wp:term":[{"taxonomy":"product_brand","embeddable":true,"href":"https:\/\/olemosaic.com\/pt-pt\/wp-json\/wp\/v2\/product_brand?post=31340"},{"taxonomy":"product_cat","embeddable":true,"href":"https:\/\/olemosaic.com\/pt-pt\/wp-json\/wp\/v2\/product_cat?post=31340"},{"taxonomy":"product_tag","embeddable":true,"href":"https:\/\/olemosaic.com\/pt-pt\/wp-json\/wp\/v2\/product_tag?post=31340"}],"curies":[{"name":"wp","href":"https:\/\/api.w.org\/{rel}","templated":true}]}}